{"id":384,"date":"2018-02-21T12:26:27","date_gmt":"2018-02-21T11:26:27","guid":{"rendered":"https:\/\/www.franceavelo.com\/contact-us\/"},"modified":"2024-05-07T17:01:42","modified_gmt":"2024-05-07T15:01:42","slug":"unser-kontakt","status":"publish","type":"page","link":"https:\/\/www.franceavelo.com\/de\/unser-kontakt\/","title":{"rendered":"Auf der Suche nach einem ma\u00dfgeschneiderten Reiseerlebnis ?"},"content":{"rendered":"","protected":false},"excerpt":{"rendered":"","protected":false},"author":1,"featured_media":0,"parent":0,"menu_order":14,"comment_status":"closed","ping_status":"closed","template":"","meta":{"_acf_changed":false,"footnotes":""},"class_list":["post-384","page","type-page","status-publish","hentry"],"acf":{"content_block":[{"acf_fc_layout":"content_block_standard","content_block_standard_title":"","content_block_standard_cols":"1","content_block_standard_cols_1":[{"acf_fc_layout":"content_block_standard_cols_1_text","content_block_standard_cols_1_text_wysiwyg":"<h4 class=\"container-cms\"><strong><span class=\"kwo-chip-title1-gr\">Suchen Sie nicht weiter! Kontaktieren Sie uns direkt und lassen Sie uns den perfekten Urlaub f\u00fcr Sie zusammenstellen. <\/span><\/strong><\/h4>\n<p><strong><br \/>\n<\/strong><strong>E-Mail : <a href=\"mailto:contact@franceavelo.com\">contact@franceavelo.com<\/a><\/strong><\/p>\n<p><strong>Telefon :<\/strong> <a href=\"tel:0033386423596\">+33 3 86 42 35 96<\/a><\/p>\n<p>Unsere Agentur ist wie folgt ge\u00f6ffnet:<\/p>\n<div class=\"container-cms\">\n<p>von Montag bis Freitag:<\/p>\n<ul>\n<li>von 9.00 Uhr\u00a0 bis 18.00 Uhr<\/li>\n<\/ul>\n<p>Wir freuen uns von Ihnen zu h\u00f6ren!<\/p>\n<p>Ihr FRANCE A VELO Team<strong><br \/>\n<\/strong><\/p>\n<\/div>\n"}],"content_block_standard_cols_2":false}],"banner_generic_page":{"ID":64709,"id":64709,"title":"VeloVignes Domaine Riefle_elsass_france_a_velo","filename":"VeloVignes-Domaine-Riefle-32-scaled-e1715093071356.jpg","filesize":625450,"url":"https:\/\/www.franceavelo.com\/wp-content\/uploads\/2021\/10\/VeloVignes-Domaine-Riefle-32-scaled-e1715093071356.jpg","link":"https:\/\/www.franceavelo.com\/de\/product\/radreise-elsass-individuell-4-tage-klassik\/velovignes-domaine-riefle-32\/","alt":"","author":"12","description":"","caption":"","name":"velovignes-domaine-riefle-32","status":"inherit","uploaded_to":65231,"date":"2021-10-29 12:41:42","modified":"2024-11-28 13:19:33","menu_order":0,"mime_type":"image\/jpeg","type":"image","subtype":"jpeg","icon":"https:\/\/www.franceavelo.com\/wp-includes\/images\/media\/default.png","width":2560,"height":716,"sizes":{"thumbnail":"https:\/\/www.franceavelo.com\/wp-content\/uploads\/2021\/10\/VeloVignes-Domaine-Riefle-32-scaled-e1715093071356-150x150.jpg","thumbnail-width":150,"thumbnail-height":150,"medium":"https:\/\/www.franceavelo.com\/wp-content\/uploads\/2021\/10\/VeloVignes-Domaine-Riefle-32-scaled-e1715093071356-300x84.jpg","medium-width":300,"medium-height":84,"medium_large":"https:\/\/www.franceavelo.com\/wp-content\/uploads\/2021\/10\/VeloVignes-Domaine-Riefle-32-scaled-e1715093071356-768x215.jpg","medium_large-width":768,"medium_large-height":215,"large":"https:\/\/www.franceavelo.com\/wp-content\/uploads\/2021\/10\/VeloVignes-Domaine-Riefle-32-scaled-e1715093071356-1024x286.jpg","large-width":1024,"large-height":286,"1536x1536":"https:\/\/www.franceavelo.com\/wp-content\/uploads\/2021\/10\/VeloVignes-Domaine-Riefle-32-scaled-e1715093071356-1536x430.jpg","1536x1536-width":1536,"1536x1536-height":430,"2048x2048":"https:\/\/www.franceavelo.com\/wp-content\/uploads\/2021\/10\/VeloVignes-Domaine-Riefle-32-scaled-e1715093071356-2048x573.jpg","2048x2048-width":2048,"2048x2048-height":573,"product_option_intro":"https:\/\/www.franceavelo.com\/wp-content\/uploads\/2021\/10\/VeloVignes-Domaine-Riefle-32-scaled-e1715093071356-300x220.jpg","product_option_intro-width":300,"product_option_intro-height":220,"postlist_thumbnail":"https:\/\/www.franceavelo.com\/wp-content\/uploads\/2021\/10\/VeloVignes-Domaine-Riefle-32-scaled-e1715093071356-200x200.jpg","postlist_thumbnail-width":200,"postlist_thumbnail-height":200,"content_full_desktop":"https:\/\/www.franceavelo.com\/wp-content\/uploads\/2021\/10\/VeloVignes-Domaine-Riefle-32-scaled-e1715093071356-970x271.jpg","content_full_desktop-width":970,"content_full_desktop-height":271,"content_full_desktop_retina":"https:\/\/www.franceavelo.com\/wp-content\/uploads\/2021\/10\/VeloVignes-Domaine-Riefle-32-scaled-e1715093071356-1940x543.jpg","content_full_desktop_retina-width":1940,"content_full_desktop_retina-height":543,"content_half_desktop":"https:\/\/www.franceavelo.com\/wp-content\/uploads\/2021\/10\/VeloVignes-Domaine-Riefle-32-scaled-e1715093071356-485x136.jpg","content_half_desktop-width":485,"content_half_desktop-height":136,"content_full_tablet":"https:\/\/www.franceavelo.com\/wp-content\/uploads\/2021\/10\/VeloVignes-Domaine-Riefle-32-scaled-e1715093071356-750x210.jpg","content_full_tablet-width":750,"content_full_tablet-height":210,"content_full_tablet_retina":"https:\/\/www.franceavelo.com\/wp-content\/uploads\/2021\/10\/VeloVignes-Domaine-Riefle-32-scaled-e1715093071356-1500x420.jpg","content_full_tablet_retina-width":1500,"content_full_tablet_retina-height":420,"content_half_tablet":"https:\/\/www.franceavelo.com\/wp-content\/uploads\/2021\/10\/VeloVignes-Domaine-Riefle-32-scaled-e1715093071356-375x105.jpg","content_half_tablet-width":375,"content_half_tablet-height":105,"content_full_mobile":"https:\/\/www.franceavelo.com\/wp-content\/uploads\/2021\/10\/VeloVignes-Domaine-Riefle-32-scaled-e1715093071356-500x140.jpg","content_full_mobile-width":500,"content_full_mobile-height":140,"content_full_mobile_retina":"https:\/\/www.franceavelo.com\/wp-content\/uploads\/2021\/10\/VeloVignes-Domaine-Riefle-32-scaled-e1715093071356-1000x280.jpg","content_full_mobile_retina-width":1000,"content_full_mobile_retina-height":280,"content_full_smallmobile":"https:\/\/www.franceavelo.com\/wp-content\/uploads\/2021\/10\/VeloVignes-Domaine-Riefle-32-scaled-e1715093071356-380x180.jpg","content_full_smallmobile-width":380,"content_full_smallmobile-height":180,"content_head_mobile":"https:\/\/www.franceavelo.com\/wp-content\/uploads\/2021\/10\/VeloVignes-Domaine-Riefle-32-scaled-e1715093071356-320x430.jpg","content_head_mobile-width":320,"content_head_mobile-height":430,"content_head_tablet":"https:\/\/www.franceavelo.com\/wp-content\/uploads\/2021\/10\/VeloVignes-Domaine-Riefle-32-scaled-e1715093071356-540x500.jpg","content_head_tablet-width":540,"content_head_tablet-height":500,"content_highlight_desktop":"https:\/\/www.franceavelo.com\/wp-content\/uploads\/2021\/10\/VeloVignes-Domaine-Riefle-32-scaled-e1715093071356-350x240.jpg","content_highlight_desktop-width":350,"content_highlight_desktop-height":240,"content_highlight_desktop_retina":"https:\/\/www.franceavelo.com\/wp-content\/uploads\/2021\/10\/VeloVignes-Domaine-Riefle-32-scaled-e1715093071356-700x480.jpg","content_highlight_desktop_retina-width":700,"content_highlight_desktop_retina-height":480,"content_testimony_mobile":"https:\/\/www.franceavelo.com\/wp-content\/uploads\/2021\/10\/VeloVignes-Domaine-Riefle-32-scaled-e1715093071356-480x716.jpg","content_testimony_mobile-width":480,"content_testimony_mobile-height":716,"content_type_image_desktop":"https:\/\/www.franceavelo.com\/wp-content\/uploads\/2021\/10\/VeloVignes-Domaine-Riefle-32-scaled-e1715093071356-600x168.jpg","content_type_image_desktop-width":600,"content_type_image_desktop-height":168,"content_type_image_desktop_retina":"https:\/\/www.franceavelo.com\/wp-content\/uploads\/2021\/10\/VeloVignes-Domaine-Riefle-32-scaled-e1715093071356-1200x336.jpg","content_type_image_desktop_retina-width":1200,"content_type_image_desktop_retina-height":336,"content_type_image_mobile":"https:\/\/www.franceavelo.com\/wp-content\/uploads\/2021\/10\/VeloVignes-Domaine-Riefle-32-scaled-e1715093071356-450x126.jpg","content_type_image_mobile-width":450,"content_type_image_mobile-height":126,"gform-image-choice-sm":"https:\/\/www.franceavelo.com\/wp-content\/uploads\/2021\/10\/VeloVignes-Domaine-Riefle-32-scaled-e1715093071356.jpg","gform-image-choice-sm-width":300,"gform-image-choice-sm-height":84,"gform-image-choice-md":"https:\/\/www.franceavelo.com\/wp-content\/uploads\/2021\/10\/VeloVignes-Domaine-Riefle-32-scaled-e1715093071356.jpg","gform-image-choice-md-width":400,"gform-image-choice-md-height":112,"gform-image-choice-lg":"https:\/\/www.franceavelo.com\/wp-content\/uploads\/2021\/10\/VeloVignes-Domaine-Riefle-32-scaled-e1715093071356.jpg","gform-image-choice-lg-width":600,"gform-image-choice-lg-height":168}},"footer_title":""},"yoast_head":"<!-- This site is optimized with the Yoast SEO plugin v27.3 - https:\/\/yoast.com\/product\/yoast-seo-wordpress\/ -->\n<title>Kontaktieren Sie uns - France \u00e0 v\u00e9lo<\/title>\n<meta name=\"description\" content=\"Bitte kontaktieren Sie uns bei Fragen oder W\u00fcnschen per E-Mail (info@franceavelo.com) oder telefonisch unter +33 3 86 42 35 96. Wir freuen uns auf Sie!\" \/>\n<meta name=\"robots\" content=\"index, follow, max-snippet:-1, max-image-preview:large, max-video-preview:-1\" \/>\n<link rel=\"canonical\" href=\"https:\/\/www.franceavelo.com\/de\/unser-kontakt\/\" \/>\n<meta property=\"og:locale\" content=\"de_DE\" \/>\n<meta property=\"og:type\" content=\"article\" \/>\n<meta property=\"og:title\" content=\"Kontaktieren Sie uns - France \u00e0 v\u00e9lo\" \/>\n<meta property=\"og:description\" content=\"Bitte kontaktieren Sie uns bei Fragen oder W\u00fcnschen per E-Mail (info@franceavelo.com) oder telefonisch unter +33 3 86 42 35 96. Wir freuen uns auf Sie!\" \/>\n<meta property=\"og:url\" content=\"https:\/\/www.franceavelo.com\/de\/unser-kontakt\/\" \/>\n<meta property=\"og:site_name\" content=\"France \u00e0 v\u00e9lo\" \/>\n<meta property=\"article:modified_time\" content=\"2024-05-07T15:01:42+00:00\" \/>\n<meta name=\"twitter:card\" content=\"summary_large_image\" \/>\n<meta name=\"twitter:label1\" content=\"Gesch\u00e4tzte Lesezeit\" \/>\n\t<meta name=\"twitter:data1\" content=\"1\u00a0Minute\" \/>\n<script type=\"application\/ld+json\" class=\"yoast-schema-graph\">{\"@context\":\"https:\\\/\\\/schema.org\",\"@graph\":[{\"@type\":\"WebPage\",\"@id\":\"https:\\\/\\\/www.franceavelo.com\\\/de\\\/unser-kontakt\\\/\",\"url\":\"https:\\\/\\\/www.franceavelo.com\\\/de\\\/unser-kontakt\\\/\",\"name\":\"Kontaktieren Sie uns - France \u00e0 v\u00e9lo\",\"isPartOf\":{\"@id\":\"https:\\\/\\\/www.franceavelo.com\\\/fr\\\/#website\"},\"datePublished\":\"2018-02-21T11:26:27+00:00\",\"dateModified\":\"2024-05-07T15:01:42+00:00\",\"description\":\"Bitte kontaktieren Sie uns bei Fragen oder W\u00fcnschen per E-Mail (info@franceavelo.com) oder telefonisch unter +33 3 86 42 35 96. Wir freuen uns auf Sie!\",\"breadcrumb\":{\"@id\":\"https:\\\/\\\/www.franceavelo.com\\\/de\\\/unser-kontakt\\\/#breadcrumb\"},\"inLanguage\":\"de\",\"potentialAction\":[{\"@type\":\"ReadAction\",\"target\":[\"https:\\\/\\\/www.franceavelo.com\\\/de\\\/unser-kontakt\\\/\"]}]},{\"@type\":\"BreadcrumbList\",\"@id\":\"https:\\\/\\\/www.franceavelo.com\\\/de\\\/unser-kontakt\\\/#breadcrumb\",\"itemListElement\":[{\"@type\":\"ListItem\",\"position\":1,\"name\":\"Home\",\"item\":\"https:\\\/\\\/www.franceavelo.com\\\/de\\\/\"},{\"@type\":\"ListItem\",\"position\":2,\"name\":\"Auf der Suche nach einem ma\u00dfgeschneiderten Reiseerlebnis ?\"}]},{\"@type\":\"WebSite\",\"@id\":\"https:\\\/\\\/www.franceavelo.com\\\/fr\\\/#website\",\"url\":\"https:\\\/\\\/www.franceavelo.com\\\/fr\\\/\",\"name\":\"France \u00e0 v\u00e9lo\",\"description\":\"Un site utilisant WordPress\",\"publisher\":{\"@id\":\"https:\\\/\\\/www.franceavelo.com\\\/fr\\\/#organization\"},\"potentialAction\":[{\"@type\":\"SearchAction\",\"target\":{\"@type\":\"EntryPoint\",\"urlTemplate\":\"https:\\\/\\\/www.franceavelo.com\\\/fr\\\/?s={search_term_string}\"},\"query-input\":{\"@type\":\"PropertyValueSpecification\",\"valueRequired\":true,\"valueName\":\"search_term_string\"}}],\"inLanguage\":\"de\"},{\"@type\":\"Organization\",\"@id\":\"https:\\\/\\\/www.franceavelo.com\\\/fr\\\/#organization\",\"name\":\"France \u00e0 v\u00e9lo\",\"url\":\"https:\\\/\\\/www.franceavelo.com\\\/fr\\\/\",\"logo\":{\"@type\":\"ImageObject\",\"inLanguage\":\"de\",\"@id\":\"https:\\\/\\\/www.franceavelo.com\\\/fr\\\/#\\\/schema\\\/logo\\\/image\\\/\",\"url\":\"https:\\\/\\\/www.franceavelo.com\\\/wp-content\\\/uploads\\\/2024\\\/07\\\/favicon-large.png\",\"contentUrl\":\"https:\\\/\\\/www.franceavelo.com\\\/wp-content\\\/uploads\\\/2024\\\/07\\\/favicon-large.png\",\"width\":696,\"height\":696,\"caption\":\"France \u00e0 v\u00e9lo\"},\"image\":{\"@id\":\"https:\\\/\\\/www.franceavelo.com\\\/fr\\\/#\\\/schema\\\/logo\\\/image\\\/\"}}]}<\/script>\n<!-- \/ Yoast SEO plugin. -->","yoast_head_json":{"title":"Kontaktieren Sie uns - France \u00e0 v\u00e9lo","description":"Bitte kontaktieren Sie uns bei Fragen oder W\u00fcnschen per E-Mail (info@franceavelo.com) oder telefonisch unter +33 3 86 42 35 96. Wir freuen uns auf Sie!","robots":{"index":"index","follow":"follow","max-snippet":"max-snippet:-1","max-image-preview":"max-image-preview:large","max-video-preview":"max-video-preview:-1"},"canonical":"https:\/\/www.franceavelo.com\/de\/unser-kontakt\/","og_locale":"de_DE","og_type":"article","og_title":"Kontaktieren Sie uns - France \u00e0 v\u00e9lo","og_description":"Bitte kontaktieren Sie uns bei Fragen oder W\u00fcnschen per E-Mail (info@franceavelo.com) oder telefonisch unter +33 3 86 42 35 96. Wir freuen uns auf Sie!","og_url":"https:\/\/www.franceavelo.com\/de\/unser-kontakt\/","og_site_name":"France \u00e0 v\u00e9lo","article_modified_time":"2024-05-07T15:01:42+00:00","twitter_card":"summary_large_image","twitter_misc":{"Gesch\u00e4tzte Lesezeit":"1\u00a0Minute"},"schema":{"@context":"https:\/\/schema.org","@graph":[{"@type":"WebPage","@id":"https:\/\/www.franceavelo.com\/de\/unser-kontakt\/","url":"https:\/\/www.franceavelo.com\/de\/unser-kontakt\/","name":"Kontaktieren Sie uns - France \u00e0 v\u00e9lo","isPartOf":{"@id":"https:\/\/www.franceavelo.com\/fr\/#website"},"datePublished":"2018-02-21T11:26:27+00:00","dateModified":"2024-05-07T15:01:42+00:00","description":"Bitte kontaktieren Sie uns bei Fragen oder W\u00fcnschen per E-Mail (info@franceavelo.com) oder telefonisch unter +33 3 86 42 35 96. Wir freuen uns auf Sie!","breadcrumb":{"@id":"https:\/\/www.franceavelo.com\/de\/unser-kontakt\/#breadcrumb"},"inLanguage":"de","potentialAction":[{"@type":"ReadAction","target":["https:\/\/www.franceavelo.com\/de\/unser-kontakt\/"]}]},{"@type":"BreadcrumbList","@id":"https:\/\/www.franceavelo.com\/de\/unser-kontakt\/#breadcrumb","itemListElement":[{"@type":"ListItem","position":1,"name":"Home","item":"https:\/\/www.franceavelo.com\/de\/"},{"@type":"ListItem","position":2,"name":"Auf der Suche nach einem ma\u00dfgeschneiderten Reiseerlebnis ?"}]},{"@type":"WebSite","@id":"https:\/\/www.franceavelo.com\/fr\/#website","url":"https:\/\/www.franceavelo.com\/fr\/","name":"France \u00e0 v\u00e9lo","description":"Un site utilisant WordPress","publisher":{"@id":"https:\/\/www.franceavelo.com\/fr\/#organization"},"potentialAction":[{"@type":"SearchAction","target":{"@type":"EntryPoint","urlTemplate":"https:\/\/www.franceavelo.com\/fr\/?s={search_term_string}"},"query-input":{"@type":"PropertyValueSpecification","valueRequired":true,"valueName":"search_term_string"}}],"inLanguage":"de"},{"@type":"Organization","@id":"https:\/\/www.franceavelo.com\/fr\/#organization","name":"France \u00e0 v\u00e9lo","url":"https:\/\/www.franceavelo.com\/fr\/","logo":{"@type":"ImageObject","inLanguage":"de","@id":"https:\/\/www.franceavelo.com\/fr\/#\/schema\/logo\/image\/","url":"https:\/\/www.franceavelo.com\/wp-content\/uploads\/2024\/07\/favicon-large.png","contentUrl":"https:\/\/www.franceavelo.com\/wp-content\/uploads\/2024\/07\/favicon-large.png","width":696,"height":696,"caption":"France \u00e0 v\u00e9lo"},"image":{"@id":"https:\/\/www.franceavelo.com\/fr\/#\/schema\/logo\/image\/"}}]}},"_links":{"self":[{"href":"https:\/\/www.franceavelo.com\/de\/wp-json\/wp\/v2\/pages\/384","targetHints":{"allow":["GET"]}}],"collection":[{"href":"https:\/\/www.franceavelo.com\/de\/wp-json\/wp\/v2\/pages"}],"about":[{"href":"https:\/\/www.franceavelo.com\/de\/wp-json\/wp\/v2\/types\/page"}],"author":[{"embeddable":true,"href":"https:\/\/www.franceavelo.com\/de\/wp-json\/wp\/v2\/users\/1"}],"replies":[{"embeddable":true,"href":"https:\/\/www.franceavelo.com\/de\/wp-json\/wp\/v2\/comments?post=384"}],"version-history":[{"count":18,"href":"https:\/\/www.franceavelo.com\/de\/wp-json\/wp\/v2\/pages\/384\/revisions"}],"predecessor-version":[{"id":68995,"href":"https:\/\/www.franceavelo.com\/de\/wp-json\/wp\/v2\/pages\/384\/revisions\/68995"}],"wp:attachment":[{"href":"https:\/\/www.franceavelo.com\/de\/wp-json\/wp\/v2\/media?parent=384"}],"curies":[{"name":"wp","href":"https:\/\/api.w.org\/{rel}","templated":true}]}}