{"id":405,"date":"2018-02-21T12:27:52","date_gmt":"2018-02-21T11:27:52","guid":{"rendered":"https:\/\/www.franceavelo.com\/join-us\/"},"modified":"2024-07-05T16:06:35","modified_gmt":"2024-07-05T14:06:35","slug":"folgen-sie-uns","status":"publish","type":"page","link":"https:\/\/www.franceavelo.com\/de\/folgen-sie-uns\/","title":{"rendered":"Folgen Sie uns"},"content":{"rendered":"","protected":false},"excerpt":{"rendered":"","protected":false},"author":1,"featured_media":0,"parent":0,"menu_order":17,"comment_status":"closed","ping_status":"closed","template":"","meta":{"_acf_changed":false,"footnotes":""},"class_list":["post-405","page","type-page","status-publish","hentry"],"acf":{"content_block":[{"acf_fc_layout":"content_block_standard","content_block_standard_title":"","content_block_standard_cols":"1","content_block_standard_cols_1":[{"acf_fc_layout":"content_block_standard_cols_1_text","content_block_standard_cols_1_text_wysiwyg":"<p><span style=\"font-size: 24pt;color: #33cccc\"><strong>M\u00d6CHTEN SIE SICH DEM TEAM ANSCHLIESSEN?<\/strong><\/span><\/p>\n<p>France \u00e0 V\u00e9lo ist eine Reiseagentur, die sich auf Radreisen in Frankreich, Europa und der Welt spezialisiert hat. Wir haben unseren Sitz in Burgund, genauer gesagt in Auxerre, und organisieren eine breite Palette an organisierten Radreisen und -touren f\u00fcr Familien, Freunde, Paare, Kollegen oder auch Alleinreisende &#8230;<\/p>\n<p>Unser Team besteht aus leidenschaftlichen Radfahrern und Reiseliebhabern.<\/p>\n<p>Um eine erh\u00f6hte Aktivit\u00e4t zu bew\u00e4ltigen, suchen wir neue Talente, die unser Team f\u00fcr die Saison in Burgund, aber auch in anderen Regionen Frankreichs verst\u00e4rken.<\/p>\n<p><span style=\"font-size: 18pt\"><strong>WIR REKRUTIEREN :<\/strong><\/span><\/p>\n<ul>\n<li>E-Trottinett-Gel\u00e4ndef\u00fchrer\/in und Agent\/in f\u00fcr den Verleih von Fahrr\u00e4dern \/ E-Trottinetts.<\/li>\n<li>Vertriebs- und Produktionsassistent\/in: Sie unterst\u00fctzen unsere Reiseberater und Kunden bei der Organisation von Touren, der Erstellung von Orientierungs- und Informationsmaterial und der Aktualisierung unserer Internetseiten. Sprachkenntnisse in Deutsch und Englisch sind w\u00fcnschenswert.<\/li>\n<li>Mechaniker\/in: Sie sind verantwortlich f\u00fcr die Wartung und Pflege der Fahrr\u00e4der, die den Reisenden zur Verf\u00fcgung gestellt werden.<\/li>\n<li>Begleiter\/F\u00fchrer: Bei unseren Radtouren und gel\u00e4ndeg\u00e4ngigen E-Trotts begleiten Sie die G\u00e4ste auf Tagesausfl\u00fcgen oder mehrt\u00e4gigen Radreisen und helfen ihnen dabei, die Geschichte und Legenden der Region zu entdecken und zu erz\u00e4hlen.<\/li>\n<\/ul>\n<p><span style=\"font-size: 18pt;color: #33cccc\"><strong>STAGE<\/strong><\/span><br \/>\nDas ganze Jahr \u00fcber empf\u00e4ngt France \u00e0 v\u00e9lo junge, begeisterte Menschen, die sich in unseren Berufen ausbilden lassen: Reiseb\u00fcrokaufmann\/-frau, Reisebegleiter\/-in, Mechaniker\/-in, Vertriebs- und Produktionsassistent\/-in&#8230;<\/p>\n<p>Praktika von 2, 4 und 6 Monaten.<\/p>\n<p><span style=\"font-size: 18pt;color: #33cccc\"><strong>BEWERBEN SIE SICH JETZT!<\/strong><\/span><br \/>\nSind Sie interessiert? Dann schicken Sie uns Ihren Lebenslauf und Ihr Bewerbungsschreiben an contact@franceavelo.com<\/p>\n"}],"content_block_standard_cols_2":false}],"banner_generic_page":{"ID":69386,"id":69386,"title":"IMG_E6761","filename":"IMG_E6761-scaled-e1720187919246.jpg","filesize":1041654,"url":"https:\/\/www.franceavelo.com\/wp-content\/uploads\/2024\/07\/IMG_E6761-scaled-e1720187919246.jpg","link":"https:\/\/www.franceavelo.com\/de\/folgen-sie-uns\/img_e6761-2\/","alt":"","author":"12","description":"","caption":"","name":"img_e6761-2","status":"inherit","uploaded_to":405,"date":"2024-07-05 13:51:10","modified":"2024-07-05 13:51:10","menu_order":0,"mime_type":"image\/jpeg","type":"image","subtype":"jpeg","icon":"https:\/\/www.franceavelo.com\/wp-includes\/images\/media\/default.png","width":2560,"height":1612,"sizes":{"thumbnail":"https:\/\/www.franceavelo.com\/wp-content\/uploads\/2024\/07\/IMG_E6761-scaled-e1720187919246-150x150.jpg","thumbnail-width":150,"thumbnail-height":150,"medium":"https:\/\/www.franceavelo.com\/wp-content\/uploads\/2024\/07\/IMG_E6761-scaled-e1720187919246-300x189.jpg","medium-width":300,"medium-height":189,"medium_large":"https:\/\/www.franceavelo.com\/wp-content\/uploads\/2024\/07\/IMG_E6761-scaled-e1720187919246-768x484.jpg","medium_large-width":768,"medium_large-height":484,"large":"https:\/\/www.franceavelo.com\/wp-content\/uploads\/2024\/07\/IMG_E6761-scaled-e1720187919246-1024x645.jpg","large-width":1024,"large-height":645,"1536x1536":"https:\/\/www.franceavelo.com\/wp-content\/uploads\/2024\/07\/IMG_E6761-scaled-e1720187919246-1536x967.jpg","1536x1536-width":1536,"1536x1536-height":967,"2048x2048":"https:\/\/www.franceavelo.com\/wp-content\/uploads\/2024\/07\/IMG_E6761-scaled-e1720187919246-2048x1290.jpg","2048x2048-width":2048,"2048x2048-height":1290,"product_option_intro":"https:\/\/www.franceavelo.com\/wp-content\/uploads\/2024\/07\/IMG_E6761-scaled-e1720187919246-300x220.jpg","product_option_intro-width":300,"product_option_intro-height":220,"postlist_thumbnail":"https:\/\/www.franceavelo.com\/wp-content\/uploads\/2024\/07\/IMG_E6761-scaled-e1720187919246-200x200.jpg","postlist_thumbnail-width":200,"postlist_thumbnail-height":200,"content_full_desktop":"https:\/\/www.franceavelo.com\/wp-content\/uploads\/2024\/07\/IMG_E6761-scaled-e1720187919246-970x611.jpg","content_full_desktop-width":970,"content_full_desktop-height":611,"content_full_desktop_retina":"https:\/\/www.franceavelo.com\/wp-content\/uploads\/2024\/07\/IMG_E6761-scaled-e1720187919246-1940x1222.jpg","content_full_desktop_retina-width":1940,"content_full_desktop_retina-height":1222,"content_half_desktop":"https:\/\/www.franceavelo.com\/wp-content\/uploads\/2024\/07\/IMG_E6761-scaled-e1720187919246-485x305.jpg","content_half_desktop-width":485,"content_half_desktop-height":305,"content_full_tablet":"https:\/\/www.franceavelo.com\/wp-content\/uploads\/2024\/07\/IMG_E6761-scaled-e1720187919246-750x472.jpg","content_full_tablet-width":750,"content_full_tablet-height":472,"content_full_tablet_retina":"https:\/\/www.franceavelo.com\/wp-content\/uploads\/2024\/07\/IMG_E6761-scaled-e1720187919246-1500x945.jpg","content_full_tablet_retina-width":1500,"content_full_tablet_retina-height":945,"content_half_tablet":"https:\/\/www.franceavelo.com\/wp-content\/uploads\/2024\/07\/IMG_E6761-scaled-e1720187919246-375x236.jpg","content_half_tablet-width":375,"content_half_tablet-height":236,"content_full_mobile":"https:\/\/www.franceavelo.com\/wp-content\/uploads\/2024\/07\/IMG_E6761-scaled-e1720187919246-500x315.jpg","content_full_mobile-width":500,"content_full_mobile-height":315,"content_full_mobile_retina":"https:\/\/www.franceavelo.com\/wp-content\/uploads\/2024\/07\/IMG_E6761-scaled-e1720187919246-1000x630.jpg","content_full_mobile_retina-width":1000,"content_full_mobile_retina-height":630,"content_full_smallmobile":"https:\/\/www.franceavelo.com\/wp-content\/uploads\/2024\/07\/IMG_E6761-scaled-e1720187919246-380x180.jpg","content_full_smallmobile-width":380,"content_full_smallmobile-height":180,"content_head_mobile":"https:\/\/www.franceavelo.com\/wp-content\/uploads\/2024\/07\/IMG_E6761-scaled-e1720187919246-320x430.jpg","content_head_mobile-width":320,"content_head_mobile-height":430,"content_head_tablet":"https:\/\/www.franceavelo.com\/wp-content\/uploads\/2024\/07\/IMG_E6761-scaled-e1720187919246-540x500.jpg","content_head_tablet-width":540,"content_head_tablet-height":500,"content_highlight_desktop":"https:\/\/www.franceavelo.com\/wp-content\/uploads\/2024\/07\/IMG_E6761-scaled-e1720187919246-350x240.jpg","content_highlight_desktop-width":350,"content_highlight_desktop-height":240,"content_highlight_desktop_retina":"https:\/\/www.franceavelo.com\/wp-content\/uploads\/2024\/07\/IMG_E6761-scaled-e1720187919246-700x480.jpg","content_highlight_desktop_retina-width":700,"content_highlight_desktop_retina-height":480,"content_testimony_mobile":"https:\/\/www.franceavelo.com\/wp-content\/uploads\/2024\/07\/IMG_E6761-scaled-e1720187919246-480x1100.jpg","content_testimony_mobile-width":480,"content_testimony_mobile-height":1100,"content_type_image_desktop":"https:\/\/www.franceavelo.com\/wp-content\/uploads\/2024\/07\/IMG_E6761-scaled-e1720187919246-600x378.jpg","content_type_image_desktop-width":600,"content_type_image_desktop-height":378,"content_type_image_desktop_retina":"https:\/\/www.franceavelo.com\/wp-content\/uploads\/2024\/07\/IMG_E6761-scaled-e1720187919246-1200x756.jpg","content_type_image_desktop_retina-width":1200,"content_type_image_desktop_retina-height":756,"content_type_image_mobile":"https:\/\/www.franceavelo.com\/wp-content\/uploads\/2024\/07\/IMG_E6761-scaled-e1720187919246-450x283.jpg","content_type_image_mobile-width":450,"content_type_image_mobile-height":283,"gform-image-choice-sm":"https:\/\/www.franceavelo.com\/wp-content\/uploads\/2024\/07\/IMG_E6761-scaled-e1720187919246.jpg","gform-image-choice-sm-width":300,"gform-image-choice-sm-height":189,"gform-image-choice-md":"https:\/\/www.franceavelo.com\/wp-content\/uploads\/2024\/07\/IMG_E6761-scaled-e1720187919246.jpg","gform-image-choice-md-width":400,"gform-image-choice-md-height":252,"gform-image-choice-lg":"https:\/\/www.franceavelo.com\/wp-content\/uploads\/2024\/07\/IMG_E6761-scaled-e1720187919246.jpg","gform-image-choice-lg-width":600,"gform-image-choice-lg-height":378}},"footer_title":""},"yoast_head":"<!-- This site is optimized with the Yoast SEO plugin v27.3 - https:\/\/yoast.com\/product\/yoast-seo-wordpress\/ -->\n<title>Folgen Sie uns auf Facebook und Instagram - France \u00e0 V\u00e9lo<\/title>\n<meta name=\"description\" content=\"Verpassen Sie keine Neuigkeiten und abonnieren Sie unseren Newsletter oder folgen Sie uns auf Facebook und Instagram. Fernweh garantiert! ;-)\" \/>\n<meta name=\"robots\" content=\"index, follow, max-snippet:-1, max-image-preview:large, max-video-preview:-1\" \/>\n<link rel=\"canonical\" href=\"https:\/\/www.franceavelo.com\/de\/folgen-sie-uns\/\" \/>\n<meta property=\"og:locale\" content=\"de_DE\" \/>\n<meta property=\"og:type\" content=\"article\" \/>\n<meta property=\"og:title\" content=\"Folgen Sie uns auf Facebook und Instagram - France \u00e0 V\u00e9lo\" \/>\n<meta property=\"og:description\" content=\"Verpassen Sie keine Neuigkeiten und abonnieren Sie unseren Newsletter oder folgen Sie uns auf Facebook und Instagram. Fernweh garantiert! ;-)\" \/>\n<meta property=\"og:url\" content=\"https:\/\/www.franceavelo.com\/de\/folgen-sie-uns\/\" \/>\n<meta property=\"og:site_name\" content=\"France \u00e0 v\u00e9lo\" \/>\n<meta property=\"article:modified_time\" content=\"2024-07-05T14:06:35+00:00\" \/>\n<meta name=\"twitter:card\" content=\"summary_large_image\" \/>\n<meta name=\"twitter:label1\" content=\"Gesch\u00e4tzte Lesezeit\" \/>\n\t<meta name=\"twitter:data1\" content=\"2\u00a0Minuten\" \/>\n<script type=\"application\/ld+json\" class=\"yoast-schema-graph\">{\"@context\":\"https:\\\/\\\/schema.org\",\"@graph\":[{\"@type\":\"WebPage\",\"@id\":\"https:\\\/\\\/www.franceavelo.com\\\/de\\\/folgen-sie-uns\\\/\",\"url\":\"https:\\\/\\\/www.franceavelo.com\\\/de\\\/folgen-sie-uns\\\/\",\"name\":\"Folgen Sie uns auf Facebook und Instagram - France \u00e0 V\u00e9lo\",\"isPartOf\":{\"@id\":\"https:\\\/\\\/www.franceavelo.com\\\/fr\\\/#website\"},\"datePublished\":\"2018-02-21T11:27:52+00:00\",\"dateModified\":\"2024-07-05T14:06:35+00:00\",\"description\":\"Verpassen Sie keine Neuigkeiten und abonnieren Sie unseren Newsletter oder folgen Sie uns auf Facebook und Instagram. Fernweh garantiert! ;-)\",\"breadcrumb\":{\"@id\":\"https:\\\/\\\/www.franceavelo.com\\\/de\\\/folgen-sie-uns\\\/#breadcrumb\"},\"inLanguage\":\"de\",\"potentialAction\":[{\"@type\":\"ReadAction\",\"target\":[\"https:\\\/\\\/www.franceavelo.com\\\/de\\\/folgen-sie-uns\\\/\"]}]},{\"@type\":\"BreadcrumbList\",\"@id\":\"https:\\\/\\\/www.franceavelo.com\\\/de\\\/folgen-sie-uns\\\/#breadcrumb\",\"itemListElement\":[{\"@type\":\"ListItem\",\"position\":1,\"name\":\"Home\",\"item\":\"https:\\\/\\\/www.franceavelo.com\\\/de\\\/\"},{\"@type\":\"ListItem\",\"position\":2,\"name\":\"Folgen Sie uns\"}]},{\"@type\":\"WebSite\",\"@id\":\"https:\\\/\\\/www.franceavelo.com\\\/fr\\\/#website\",\"url\":\"https:\\\/\\\/www.franceavelo.com\\\/fr\\\/\",\"name\":\"France \u00e0 v\u00e9lo\",\"description\":\"Un site utilisant WordPress\",\"publisher\":{\"@id\":\"https:\\\/\\\/www.franceavelo.com\\\/fr\\\/#organization\"},\"potentialAction\":[{\"@type\":\"SearchAction\",\"target\":{\"@type\":\"EntryPoint\",\"urlTemplate\":\"https:\\\/\\\/www.franceavelo.com\\\/fr\\\/?s={search_term_string}\"},\"query-input\":{\"@type\":\"PropertyValueSpecification\",\"valueRequired\":true,\"valueName\":\"search_term_string\"}}],\"inLanguage\":\"de\"},{\"@type\":\"Organization\",\"@id\":\"https:\\\/\\\/www.franceavelo.com\\\/fr\\\/#organization\",\"name\":\"France \u00e0 v\u00e9lo\",\"url\":\"https:\\\/\\\/www.franceavelo.com\\\/fr\\\/\",\"logo\":{\"@type\":\"ImageObject\",\"inLanguage\":\"de\",\"@id\":\"https:\\\/\\\/www.franceavelo.com\\\/fr\\\/#\\\/schema\\\/logo\\\/image\\\/\",\"url\":\"https:\\\/\\\/www.franceavelo.com\\\/wp-content\\\/uploads\\\/2024\\\/07\\\/favicon-large.png\",\"contentUrl\":\"https:\\\/\\\/www.franceavelo.com\\\/wp-content\\\/uploads\\\/2024\\\/07\\\/favicon-large.png\",\"width\":696,\"height\":696,\"caption\":\"France \u00e0 v\u00e9lo\"},\"image\":{\"@id\":\"https:\\\/\\\/www.franceavelo.com\\\/fr\\\/#\\\/schema\\\/logo\\\/image\\\/\"}}]}<\/script>\n<!-- \/ Yoast SEO plugin. -->","yoast_head_json":{"title":"Folgen Sie uns auf Facebook und Instagram - France \u00e0 V\u00e9lo","description":"Verpassen Sie keine Neuigkeiten und abonnieren Sie unseren Newsletter oder folgen Sie uns auf Facebook und Instagram. Fernweh garantiert! ;-)","robots":{"index":"index","follow":"follow","max-snippet":"max-snippet:-1","max-image-preview":"max-image-preview:large","max-video-preview":"max-video-preview:-1"},"canonical":"https:\/\/www.franceavelo.com\/de\/folgen-sie-uns\/","og_locale":"de_DE","og_type":"article","og_title":"Folgen Sie uns auf Facebook und Instagram - France \u00e0 V\u00e9lo","og_description":"Verpassen Sie keine Neuigkeiten und abonnieren Sie unseren Newsletter oder folgen Sie uns auf Facebook und Instagram. Fernweh garantiert! ;-)","og_url":"https:\/\/www.franceavelo.com\/de\/folgen-sie-uns\/","og_site_name":"France \u00e0 v\u00e9lo","article_modified_time":"2024-07-05T14:06:35+00:00","twitter_card":"summary_large_image","twitter_misc":{"Gesch\u00e4tzte Lesezeit":"2\u00a0Minuten"},"schema":{"@context":"https:\/\/schema.org","@graph":[{"@type":"WebPage","@id":"https:\/\/www.franceavelo.com\/de\/folgen-sie-uns\/","url":"https:\/\/www.franceavelo.com\/de\/folgen-sie-uns\/","name":"Folgen Sie uns auf Facebook und Instagram - France \u00e0 V\u00e9lo","isPartOf":{"@id":"https:\/\/www.franceavelo.com\/fr\/#website"},"datePublished":"2018-02-21T11:27:52+00:00","dateModified":"2024-07-05T14:06:35+00:00","description":"Verpassen Sie keine Neuigkeiten und abonnieren Sie unseren Newsletter oder folgen Sie uns auf Facebook und Instagram. Fernweh garantiert! ;-)","breadcrumb":{"@id":"https:\/\/www.franceavelo.com\/de\/folgen-sie-uns\/#breadcrumb"},"inLanguage":"de","potentialAction":[{"@type":"ReadAction","target":["https:\/\/www.franceavelo.com\/de\/folgen-sie-uns\/"]}]},{"@type":"BreadcrumbList","@id":"https:\/\/www.franceavelo.com\/de\/folgen-sie-uns\/#breadcrumb","itemListElement":[{"@type":"ListItem","position":1,"name":"Home","item":"https:\/\/www.franceavelo.com\/de\/"},{"@type":"ListItem","position":2,"name":"Folgen Sie uns"}]},{"@type":"WebSite","@id":"https:\/\/www.franceavelo.com\/fr\/#website","url":"https:\/\/www.franceavelo.com\/fr\/","name":"France \u00e0 v\u00e9lo","description":"Un site utilisant WordPress","publisher":{"@id":"https:\/\/www.franceavelo.com\/fr\/#organization"},"potentialAction":[{"@type":"SearchAction","target":{"@type":"EntryPoint","urlTemplate":"https:\/\/www.franceavelo.com\/fr\/?s={search_term_string}"},"query-input":{"@type":"PropertyValueSpecification","valueRequired":true,"valueName":"search_term_string"}}],"inLanguage":"de"},{"@type":"Organization","@id":"https:\/\/www.franceavelo.com\/fr\/#organization","name":"France \u00e0 v\u00e9lo","url":"https:\/\/www.franceavelo.com\/fr\/","logo":{"@type":"ImageObject","inLanguage":"de","@id":"https:\/\/www.franceavelo.com\/fr\/#\/schema\/logo\/image\/","url":"https:\/\/www.franceavelo.com\/wp-content\/uploads\/2024\/07\/favicon-large.png","contentUrl":"https:\/\/www.franceavelo.com\/wp-content\/uploads\/2024\/07\/favicon-large.png","width":696,"height":696,"caption":"France \u00e0 v\u00e9lo"},"image":{"@id":"https:\/\/www.franceavelo.com\/fr\/#\/schema\/logo\/image\/"}}]}},"_links":{"self":[{"href":"https:\/\/www.franceavelo.com\/de\/wp-json\/wp\/v2\/pages\/405","targetHints":{"allow":["GET"]}}],"collection":[{"href":"https:\/\/www.franceavelo.com\/de\/wp-json\/wp\/v2\/pages"}],"about":[{"href":"https:\/\/www.franceavelo.com\/de\/wp-json\/wp\/v2\/types\/page"}],"author":[{"embeddable":true,"href":"https:\/\/www.franceavelo.com\/de\/wp-json\/wp\/v2\/users\/1"}],"replies":[{"embeddable":true,"href":"https:\/\/www.franceavelo.com\/de\/wp-json\/wp\/v2\/comments?post=405"}],"version-history":[{"count":4,"href":"https:\/\/www.franceavelo.com\/de\/wp-json\/wp\/v2\/pages\/405\/revisions"}],"predecessor-version":[{"id":69399,"href":"https:\/\/www.franceavelo.com\/de\/wp-json\/wp\/v2\/pages\/405\/revisions\/69399"}],"wp:attachment":[{"href":"https:\/\/www.franceavelo.com\/de\/wp-json\/wp\/v2\/media?parent=405"}],"curies":[{"name":"wp","href":"https:\/\/api.w.org\/{rel}","templated":true}]}}