{"id":413,"date":"2018-02-22T08:40:04","date_gmt":"2018-02-22T07:40:04","guid":{"rendered":"https:\/\/www.franceavelo.com\/destination\/"},"modified":"2020-02-05T16:41:28","modified_gmt":"2020-02-05T15:41:28","slug":"destination","status":"publish","type":"page","link":"https:\/\/www.franceavelo.com\/de\/destination\/","title":{"rendered":"Entdecken Sie Ihr n\u00e4chstes Reiseziel"},"content":{"rendered":"","protected":false},"excerpt":{"rendered":"","protected":false},"author":1,"featured_media":0,"parent":0,"menu_order":21,"comment_status":"closed","ping_status":"closed","template":"page-destination.php","meta":{"_acf_changed":false,"footnotes":""},"class_list":["post-413","page","type-page","status-publish","hentry"],"acf":{"content_block":false,"bannner_destination":{"ID":58036,"id":58036,"title":"Radreise S\u00fcdbretagne Strand France \u00e0 V\u00e9lo","filename":"bandeau1-scaled.jpg","filesize":488544,"url":"https:\/\/www.franceavelo.com\/wp-content\/uploads\/2020\/02\/bandeau1-scaled.jpg","link":"https:\/\/www.franceavelo.com\/de\/destination\/bandeau1\/","alt":"Blick auf Strand in der S\u00fcdbretagne","author":"12","description":"","caption":"","name":"bandeau1","status":"inherit","uploaded_to":413,"date":"2020-02-05 15:39:24","modified":"2020-02-05 15:41:25","menu_order":0,"mime_type":"image\/jpeg","type":"image","subtype":"jpeg","icon":"https:\/\/www.franceavelo.com\/wp-includes\/images\/media\/default.png","width":2560,"height":988,"sizes":{"thumbnail":"https:\/\/www.franceavelo.com\/wp-content\/uploads\/2020\/02\/bandeau1-150x150.jpg","thumbnail-width":150,"thumbnail-height":150,"medium":"https:\/\/www.franceavelo.com\/wp-content\/uploads\/2020\/02\/bandeau1-300x116.jpg","medium-width":300,"medium-height":116,"medium_large":"https:\/\/www.franceavelo.com\/wp-content\/uploads\/2020\/02\/bandeau1-768x296.jpg","medium_large-width":768,"medium_large-height":296,"large":"https:\/\/www.franceavelo.com\/wp-content\/uploads\/2020\/02\/bandeau1-1024x395.jpg","large-width":1024,"large-height":395,"1536x1536":"https:\/\/www.franceavelo.com\/wp-content\/uploads\/2020\/02\/bandeau1-1536x593.jpg","1536x1536-width":1536,"1536x1536-height":593,"2048x2048":"https:\/\/www.franceavelo.com\/wp-content\/uploads\/2020\/02\/bandeau1-2048x791.jpg","2048x2048-width":2048,"2048x2048-height":791,"product_option_intro":"https:\/\/www.franceavelo.com\/wp-content\/uploads\/2020\/02\/bandeau1-300x220.jpg","product_option_intro-width":300,"product_option_intro-height":220,"postlist_thumbnail":"https:\/\/www.franceavelo.com\/wp-content\/uploads\/2020\/02\/bandeau1-scaled.jpg","postlist_thumbnail-width":200,"postlist_thumbnail-height":77,"content_full_desktop":"https:\/\/www.franceavelo.com\/wp-content\/uploads\/2020\/02\/bandeau1-970x374.jpg","content_full_desktop-width":970,"content_full_desktop-height":374,"content_full_desktop_retina":"https:\/\/www.franceavelo.com\/wp-content\/uploads\/2020\/02\/bandeau1-1940x749.jpg","content_full_desktop_retina-width":1940,"content_full_desktop_retina-height":749,"content_half_desktop":"https:\/\/www.franceavelo.com\/wp-content\/uploads\/2020\/02\/bandeau1-485x187.jpg","content_half_desktop-width":485,"content_half_desktop-height":187,"content_full_tablet":"https:\/\/www.franceavelo.com\/wp-content\/uploads\/2020\/02\/bandeau1-750x289.jpg","content_full_tablet-width":750,"content_full_tablet-height":289,"content_full_tablet_retina":"https:\/\/www.franceavelo.com\/wp-content\/uploads\/2020\/02\/bandeau1-1500x579.jpg","content_full_tablet_retina-width":1500,"content_full_tablet_retina-height":579,"content_half_tablet":"https:\/\/www.franceavelo.com\/wp-content\/uploads\/2020\/02\/bandeau1-375x145.jpg","content_half_tablet-width":375,"content_half_tablet-height":145,"content_full_mobile":"https:\/\/www.franceavelo.com\/wp-content\/uploads\/2020\/02\/bandeau1-500x193.jpg","content_full_mobile-width":500,"content_full_mobile-height":193,"content_full_mobile_retina":"https:\/\/www.franceavelo.com\/wp-content\/uploads\/2020\/02\/bandeau1-1000x386.jpg","content_full_mobile_retina-width":1000,"content_full_mobile_retina-height":386,"content_full_smallmobile":"https:\/\/www.franceavelo.com\/wp-content\/uploads\/2020\/02\/bandeau1-380x180.jpg","content_full_smallmobile-width":380,"content_full_smallmobile-height":180,"content_head_mobile":"https:\/\/www.franceavelo.com\/wp-content\/uploads\/2020\/02\/bandeau1-320x430.jpg","content_head_mobile-width":320,"content_head_mobile-height":430,"content_head_tablet":"https:\/\/www.franceavelo.com\/wp-content\/uploads\/2020\/02\/bandeau1-540x500.jpg","content_head_tablet-width":540,"content_head_tablet-height":500,"content_highlight_desktop":"https:\/\/www.franceavelo.com\/wp-content\/uploads\/2020\/02\/bandeau1-350x240.jpg","content_highlight_desktop-width":350,"content_highlight_desktop-height":240,"content_highlight_desktop_retina":"https:\/\/www.franceavelo.com\/wp-content\/uploads\/2020\/02\/bandeau1-700x480.jpg","content_highlight_desktop_retina-width":700,"content_highlight_desktop_retina-height":480,"content_testimony_mobile":"https:\/\/www.franceavelo.com\/wp-content\/uploads\/2020\/02\/bandeau1-480x1100.jpg","content_testimony_mobile-width":480,"content_testimony_mobile-height":1100,"content_type_image_desktop":"https:\/\/www.franceavelo.com\/wp-content\/uploads\/2020\/02\/bandeau1-600x232.jpg","content_type_image_desktop-width":600,"content_type_image_desktop-height":232,"content_type_image_desktop_retina":"https:\/\/www.franceavelo.com\/wp-content\/uploads\/2020\/02\/bandeau1-1200x463.jpg","content_type_image_desktop_retina-width":1200,"content_type_image_desktop_retina-height":463,"content_type_image_mobile":"https:\/\/www.franceavelo.com\/wp-content\/uploads\/2020\/02\/bandeau1-450x174.jpg","content_type_image_mobile-width":450,"content_type_image_mobile-height":174,"gform-image-choice-sm":"https:\/\/www.franceavelo.com\/wp-content\/uploads\/2020\/02\/bandeau1-scaled.jpg","gform-image-choice-sm-width":300,"gform-image-choice-sm-height":116,"gform-image-choice-md":"https:\/\/www.franceavelo.com\/wp-content\/uploads\/2020\/02\/bandeau1-scaled.jpg","gform-image-choice-md-width":400,"gform-image-choice-md-height":154,"gform-image-choice-lg":"https:\/\/www.franceavelo.com\/wp-content\/uploads\/2020\/02\/bandeau1-scaled.jpg","gform-image-choice-lg-width":600,"gform-image-choice-lg-height":232}},"banner_generic_page":false,"footer_title":""},"yoast_head":"<!-- This site is optimized with the Yoast SEO plugin v27.3 - https:\/\/yoast.com\/product\/yoast-seo-wordpress\/ -->\n<title>Entdecken Sie Ihr n\u00e4chstes Reiseziel | France \u00e0 V\u00e9lo<\/title>\n<meta name=\"robots\" content=\"index, follow, max-snippet:-1, max-image-preview:large, max-video-preview:-1\" \/>\n<link rel=\"canonical\" href=\"https:\/\/www.franceavelo.com\/de\/destination\/\" \/>\n<meta property=\"og:locale\" content=\"de_DE\" \/>\n<meta property=\"og:type\" content=\"article\" \/>\n<meta property=\"og:title\" content=\"Entdecken Sie Ihr n\u00e4chstes Reiseziel | France \u00e0 V\u00e9lo\" \/>\n<meta property=\"og:url\" content=\"https:\/\/www.franceavelo.com\/de\/destination\/\" \/>\n<meta property=\"og:site_name\" content=\"France \u00e0 v\u00e9lo\" \/>\n<meta property=\"article:modified_time\" content=\"2020-02-05T15:41:28+00:00\" \/>\n<meta name=\"twitter:card\" content=\"summary_large_image\" \/>\n<script type=\"application\/ld+json\" class=\"yoast-schema-graph\">{\"@context\":\"https:\\\/\\\/schema.org\",\"@graph\":[{\"@type\":\"WebPage\",\"@id\":\"https:\\\/\\\/www.franceavelo.com\\\/de\\\/destination\\\/\",\"url\":\"https:\\\/\\\/www.franceavelo.com\\\/de\\\/destination\\\/\",\"name\":\"Entdecken Sie Ihr n\u00e4chstes Reiseziel | France \u00e0 V\u00e9lo\",\"isPartOf\":{\"@id\":\"https:\\\/\\\/www.franceavelo.com\\\/fr\\\/#website\"},\"datePublished\":\"2018-02-22T07:40:04+00:00\",\"dateModified\":\"2020-02-05T15:41:28+00:00\",\"breadcrumb\":{\"@id\":\"https:\\\/\\\/www.franceavelo.com\\\/de\\\/destination\\\/#breadcrumb\"},\"inLanguage\":\"de\",\"potentialAction\":[{\"@type\":\"ReadAction\",\"target\":[\"https:\\\/\\\/www.franceavelo.com\\\/de\\\/destination\\\/\"]}]},{\"@type\":\"BreadcrumbList\",\"@id\":\"https:\\\/\\\/www.franceavelo.com\\\/de\\\/destination\\\/#breadcrumb\",\"itemListElement\":[{\"@type\":\"ListItem\",\"position\":1,\"name\":\"Home\",\"item\":\"https:\\\/\\\/www.franceavelo.com\\\/de\\\/\"},{\"@type\":\"ListItem\",\"position\":2,\"name\":\"Entdecken Sie Ihr n\u00e4chstes Reiseziel\"}]},{\"@type\":\"WebSite\",\"@id\":\"https:\\\/\\\/www.franceavelo.com\\\/fr\\\/#website\",\"url\":\"https:\\\/\\\/www.franceavelo.com\\\/fr\\\/\",\"name\":\"France \u00e0 v\u00e9lo\",\"description\":\"Un site utilisant WordPress\",\"publisher\":{\"@id\":\"https:\\\/\\\/www.franceavelo.com\\\/fr\\\/#organization\"},\"potentialAction\":[{\"@type\":\"SearchAction\",\"target\":{\"@type\":\"EntryPoint\",\"urlTemplate\":\"https:\\\/\\\/www.franceavelo.com\\\/fr\\\/?s={search_term_string}\"},\"query-input\":{\"@type\":\"PropertyValueSpecification\",\"valueRequired\":true,\"valueName\":\"search_term_string\"}}],\"inLanguage\":\"de\"},{\"@type\":\"Organization\",\"@id\":\"https:\\\/\\\/www.franceavelo.com\\\/fr\\\/#organization\",\"name\":\"France \u00e0 v\u00e9lo\",\"url\":\"https:\\\/\\\/www.franceavelo.com\\\/fr\\\/\",\"logo\":{\"@type\":\"ImageObject\",\"inLanguage\":\"de\",\"@id\":\"https:\\\/\\\/www.franceavelo.com\\\/fr\\\/#\\\/schema\\\/logo\\\/image\\\/\",\"url\":\"https:\\\/\\\/www.franceavelo.com\\\/wp-content\\\/uploads\\\/2024\\\/07\\\/favicon-large.png\",\"contentUrl\":\"https:\\\/\\\/www.franceavelo.com\\\/wp-content\\\/uploads\\\/2024\\\/07\\\/favicon-large.png\",\"width\":696,\"height\":696,\"caption\":\"France \u00e0 v\u00e9lo\"},\"image\":{\"@id\":\"https:\\\/\\\/www.franceavelo.com\\\/fr\\\/#\\\/schema\\\/logo\\\/image\\\/\"}}]}<\/script>\n<!-- \/ Yoast SEO plugin. -->","yoast_head_json":{"title":"Entdecken Sie Ihr n\u00e4chstes Reiseziel | France \u00e0 V\u00e9lo","robots":{"index":"index","follow":"follow","max-snippet":"max-snippet:-1","max-image-preview":"max-image-preview:large","max-video-preview":"max-video-preview:-1"},"canonical":"https:\/\/www.franceavelo.com\/de\/destination\/","og_locale":"de_DE","og_type":"article","og_title":"Entdecken Sie Ihr n\u00e4chstes Reiseziel | France \u00e0 V\u00e9lo","og_url":"https:\/\/www.franceavelo.com\/de\/destination\/","og_site_name":"France \u00e0 v\u00e9lo","article_modified_time":"2020-02-05T15:41:28+00:00","twitter_card":"summary_large_image","schema":{"@context":"https:\/\/schema.org","@graph":[{"@type":"WebPage","@id":"https:\/\/www.franceavelo.com\/de\/destination\/","url":"https:\/\/www.franceavelo.com\/de\/destination\/","name":"Entdecken Sie Ihr n\u00e4chstes Reiseziel | France \u00e0 V\u00e9lo","isPartOf":{"@id":"https:\/\/www.franceavelo.com\/fr\/#website"},"datePublished":"2018-02-22T07:40:04+00:00","dateModified":"2020-02-05T15:41:28+00:00","breadcrumb":{"@id":"https:\/\/www.franceavelo.com\/de\/destination\/#breadcrumb"},"inLanguage":"de","potentialAction":[{"@type":"ReadAction","target":["https:\/\/www.franceavelo.com\/de\/destination\/"]}]},{"@type":"BreadcrumbList","@id":"https:\/\/www.franceavelo.com\/de\/destination\/#breadcrumb","itemListElement":[{"@type":"ListItem","position":1,"name":"Home","item":"https:\/\/www.franceavelo.com\/de\/"},{"@type":"ListItem","position":2,"name":"Entdecken Sie Ihr n\u00e4chstes Reiseziel"}]},{"@type":"WebSite","@id":"https:\/\/www.franceavelo.com\/fr\/#website","url":"https:\/\/www.franceavelo.com\/fr\/","name":"France \u00e0 v\u00e9lo","description":"Un site utilisant WordPress","publisher":{"@id":"https:\/\/www.franceavelo.com\/fr\/#organization"},"potentialAction":[{"@type":"SearchAction","target":{"@type":"EntryPoint","urlTemplate":"https:\/\/www.franceavelo.com\/fr\/?s={search_term_string}"},"query-input":{"@type":"PropertyValueSpecification","valueRequired":true,"valueName":"search_term_string"}}],"inLanguage":"de"},{"@type":"Organization","@id":"https:\/\/www.franceavelo.com\/fr\/#organization","name":"France \u00e0 v\u00e9lo","url":"https:\/\/www.franceavelo.com\/fr\/","logo":{"@type":"ImageObject","inLanguage":"de","@id":"https:\/\/www.franceavelo.com\/fr\/#\/schema\/logo\/image\/","url":"https:\/\/www.franceavelo.com\/wp-content\/uploads\/2024\/07\/favicon-large.png","contentUrl":"https:\/\/www.franceavelo.com\/wp-content\/uploads\/2024\/07\/favicon-large.png","width":696,"height":696,"caption":"France \u00e0 v\u00e9lo"},"image":{"@id":"https:\/\/www.franceavelo.com\/fr\/#\/schema\/logo\/image\/"}}]}},"_links":{"self":[{"href":"https:\/\/www.franceavelo.com\/de\/wp-json\/wp\/v2\/pages\/413","targetHints":{"allow":["GET"]}}],"collection":[{"href":"https:\/\/www.franceavelo.com\/de\/wp-json\/wp\/v2\/pages"}],"about":[{"href":"https:\/\/www.franceavelo.com\/de\/wp-json\/wp\/v2\/types\/page"}],"author":[{"embeddable":true,"href":"https:\/\/www.franceavelo.com\/de\/wp-json\/wp\/v2\/users\/1"}],"replies":[{"embeddable":true,"href":"https:\/\/www.franceavelo.com\/de\/wp-json\/wp\/v2\/comments?post=413"}],"version-history":[{"count":6,"href":"https:\/\/www.franceavelo.com\/de\/wp-json\/wp\/v2\/pages\/413\/revisions"}],"predecessor-version":[{"id":58039,"href":"https:\/\/www.franceavelo.com\/de\/wp-json\/wp\/v2\/pages\/413\/revisions\/58039"}],"wp:attachment":[{"href":"https:\/\/www.franceavelo.com\/de\/wp-json\/wp\/v2\/media?parent=413"}],"curies":[{"name":"wp","href":"https:\/\/api.w.org\/{rel}","templated":true}]}}