{"id":64717,"date":"2022-10-25T11:54:58","date_gmt":"2022-10-25T09:54:58","guid":{"rendered":"https:\/\/www.franceavelo.com\/?page_id=64717"},"modified":"2025-11-04T16:08:17","modified_gmt":"2025-11-04T15:08:17","slug":"reisekalender-gefuhrte-radreisen-frankreich-weltweit-2026","status":"publish","type":"page","link":"https:\/\/www.franceavelo.com\/de\/reisekalender-gefuhrte-radreisen-frankreich-weltweit-2026\/","title":{"rendered":"Reisekalender gef\u00fchrte Radreisen 2026"},"content":{"rendered":"","protected":false},"excerpt":{"rendered":"","protected":false},"author":12,"featured_media":0,"parent":0,"menu_order":7,"comment_status":"closed","ping_status":"closed","template":"","meta":{"_acf_changed":false,"footnotes":""},"class_list":["post-64717","page","type-page","status-publish","hentry"],"acf":{"banner_generic_page":{"ID":75501,"id":75501,"title":"Fichier 7","filename":"Fichier-7.png","filesize":1479949,"url":"https:\/\/www.franceavelo.com\/wp-content\/uploads\/2025\/10\/Fichier-7.png","link":"https:\/\/www.franceavelo.com\/de\/reisekalender-gefuhrte-radreisen-frankreich-weltweit-2026\/fichier-7\/","alt":"","author":"12","description":"","caption":"","name":"fichier-7","status":"inherit","uploaded_to":64717,"date":"2025-10-08 15:40:41","modified":"2025-10-08 15:40:41","menu_order":0,"mime_type":"image\/png","type":"image","subtype":"png","icon":"https:\/\/www.franceavelo.com\/wp-includes\/images\/media\/default.png","width":1680,"height":423,"sizes":{"thumbnail":"https:\/\/www.franceavelo.com\/wp-content\/uploads\/2025\/10\/Fichier-7-150x150.png","thumbnail-width":150,"thumbnail-height":150,"medium":"https:\/\/www.franceavelo.com\/wp-content\/uploads\/2025\/10\/Fichier-7-300x76.png","medium-width":300,"medium-height":76,"medium_large":"https:\/\/www.franceavelo.com\/wp-content\/uploads\/2025\/10\/Fichier-7-768x193.png","medium_large-width":768,"medium_large-height":193,"large":"https:\/\/www.franceavelo.com\/wp-content\/uploads\/2025\/10\/Fichier-7-1024x258.png","large-width":1024,"large-height":258,"1536x1536":"https:\/\/www.franceavelo.com\/wp-content\/uploads\/2025\/10\/Fichier-7-1536x387.png","1536x1536-width":1536,"1536x1536-height":387,"2048x2048":"https:\/\/www.franceavelo.com\/wp-content\/uploads\/2025\/10\/Fichier-7.png","2048x2048-width":1680,"2048x2048-height":423,"product_option_intro":"https:\/\/www.franceavelo.com\/wp-content\/uploads\/2025\/10\/Fichier-7-300x220.png","product_option_intro-width":300,"product_option_intro-height":220,"postlist_thumbnail":"https:\/\/www.franceavelo.com\/wp-content\/uploads\/2025\/10\/Fichier-7-200x200.png","postlist_thumbnail-width":200,"postlist_thumbnail-height":200,"content_full_desktop":"https:\/\/www.franceavelo.com\/wp-content\/uploads\/2025\/10\/Fichier-7-970x244.png","content_full_desktop-width":970,"content_full_desktop-height":244,"content_full_desktop_retina":"https:\/\/www.franceavelo.com\/wp-content\/uploads\/2025\/10\/Fichier-7.png","content_full_desktop_retina-width":1680,"content_full_desktop_retina-height":423,"content_half_desktop":"https:\/\/www.franceavelo.com\/wp-content\/uploads\/2025\/10\/Fichier-7-485x122.png","content_half_desktop-width":485,"content_half_desktop-height":122,"content_full_tablet":"https:\/\/www.franceavelo.com\/wp-content\/uploads\/2025\/10\/Fichier-7-750x189.png","content_full_tablet-width":750,"content_full_tablet-height":189,"content_full_tablet_retina":"https:\/\/www.franceavelo.com\/wp-content\/uploads\/2025\/10\/Fichier-7-1500x378.png","content_full_tablet_retina-width":1500,"content_full_tablet_retina-height":378,"content_half_tablet":"https:\/\/www.franceavelo.com\/wp-content\/uploads\/2025\/10\/Fichier-7-375x94.png","content_half_tablet-width":375,"content_half_tablet-height":94,"content_full_mobile":"https:\/\/www.franceavelo.com\/wp-content\/uploads\/2025\/10\/Fichier-7-500x126.png","content_full_mobile-width":500,"content_full_mobile-height":126,"content_full_mobile_retina":"https:\/\/www.franceavelo.com\/wp-content\/uploads\/2025\/10\/Fichier-7-1000x252.png","content_full_mobile_retina-width":1000,"content_full_mobile_retina-height":252,"content_full_smallmobile":"https:\/\/www.franceavelo.com\/wp-content\/uploads\/2025\/10\/Fichier-7-380x180.png","content_full_smallmobile-width":380,"content_full_smallmobile-height":180,"content_head_mobile":"https:\/\/www.franceavelo.com\/wp-content\/uploads\/2025\/10\/Fichier-7-320x423.png","content_head_mobile-width":320,"content_head_mobile-height":423,"content_head_tablet":"https:\/\/www.franceavelo.com\/wp-content\/uploads\/2025\/10\/Fichier-7-540x423.png","content_head_tablet-width":540,"content_head_tablet-height":423,"content_highlight_desktop":"https:\/\/www.franceavelo.com\/wp-content\/uploads\/2025\/10\/Fichier-7-350x240.png","content_highlight_desktop-width":350,"content_highlight_desktop-height":240,"content_highlight_desktop_retina":"https:\/\/www.franceavelo.com\/wp-content\/uploads\/2025\/10\/Fichier-7-700x423.png","content_highlight_desktop_retina-width":700,"content_highlight_desktop_retina-height":423,"content_testimony_mobile":"https:\/\/www.franceavelo.com\/wp-content\/uploads\/2025\/10\/Fichier-7-480x423.png","content_testimony_mobile-width":480,"content_testimony_mobile-height":423,"content_type_image_desktop":"https:\/\/www.franceavelo.com\/wp-content\/uploads\/2025\/10\/Fichier-7-600x151.png","content_type_image_desktop-width":600,"content_type_image_desktop-height":151,"content_type_image_desktop_retina":"https:\/\/www.franceavelo.com\/wp-content\/uploads\/2025\/10\/Fichier-7-1200x302.png","content_type_image_desktop_retina-width":1200,"content_type_image_desktop_retina-height":302,"content_type_image_mobile":"https:\/\/www.franceavelo.com\/wp-content\/uploads\/2025\/10\/Fichier-7-450x113.png","content_type_image_mobile-width":450,"content_type_image_mobile-height":113,"gform-image-choice-sm":"https:\/\/www.franceavelo.com\/wp-content\/uploads\/2025\/10\/Fichier-7.png","gform-image-choice-sm-width":300,"gform-image-choice-sm-height":76,"gform-image-choice-md":"https:\/\/www.franceavelo.com\/wp-content\/uploads\/2025\/10\/Fichier-7.png","gform-image-choice-md-width":400,"gform-image-choice-md-height":101,"gform-image-choice-lg":"https:\/\/www.franceavelo.com\/wp-content\/uploads\/2025\/10\/Fichier-7.png","gform-image-choice-lg-width":600,"gform-image-choice-lg-height":151}},"content_block":[{"acf_fc_layout":"content_block_standard","content_block_standard_title":"Reisekalender gef\u00fchrte Radreisen 2026","content_block_standard_cols":"1","content_block_standard_cols_1":[{"acf_fc_layout":"content_block_standard_cols_1_text","content_block_standard_cols_1_text_wysiwyg":"<h3><span style=\"color: #33cccc\"><strong>JANUAR 2026<\/strong><\/span><\/h3>\n<table style=\"border-collapse: collapse;width: 100%;height: 10px\" border=\"1\">\n<tbody>\n<tr style=\"height: 23px\">\n<td style=\"width: 50%;height: 10px\">26.01. &#8211; 05.02.2026<\/td>\n<td style=\"width: 50%;height: 10px\">Oman<\/td>\n<\/tr>\n<tr>\n<td style=\"width: 50%\">29.01. &#8211; 15.02.2026<\/td>\n<td style=\"width: 50%\">Vietnam<\/td>\n<\/tr>\n<\/tbody>\n<\/table>\n<h3><\/h3>\n<h3><strong><span style=\"color: #33cccc\">Februar 2026<\/span><\/strong><\/h3>\n<table style=\"border-collapse: collapse;width: 100%;height: 49px\" border=\"1\">\n<tbody>\n<tr style=\"height: 23px\">\n<td style=\"width: 50%;height: 23px\">01.03. &#8211; 11.03.2026<\/td>\n<td style=\"width: 50%;height: 23px\">Oman<\/td>\n<\/tr>\n<tr style=\"height: 23px\">\n<td style=\"width: 50%;height: 23px\">07.03. &#8211; 22.03.2026<\/td>\n<td style=\"width: 50%;height: 23px\">Costa Rica &amp; Nicaragua<\/td>\n<\/tr>\n<\/tbody>\n<\/table>\n<p>&nbsp;<\/p>\n<h3><span style=\"color: #33cccc\"><strong>M\u00e4rz 2026<\/strong><\/span><\/h3>\n<table style=\"border-collapse: collapse;width: 100%;height: 10px\" border=\"1\">\n<tbody>\n<tr style=\"height: 23px\">\n<td style=\"width: 50%;height: 10px\">25.03. &#8211; 29.03.2026<\/td>\n<td style=\"width: 50%;height: 10px\">\u00a0Nizza<\/td>\n<\/tr>\n<\/tbody>\n<\/table>\n<table style=\"border-collapse: collapse;width: 100%;height: 10px\" border=\"1\">\n<tbody>\n<tr style=\"height: 23px\">\n<td style=\"width: 50%;height: 10px\">29.03. &#8211; 02.04.2026<\/td>\n<td style=\"width: 50%;height: 10px\">\u00a0Nizza<\/td>\n<\/tr>\n<\/tbody>\n<\/table>\n<h3><\/h3>\n<h3><span style=\"color: #33cccc\"><strong>April 2026<\/strong><\/span><\/h3>\n<table style=\"border-collapse: collapse;width: 100.107%\" border=\"1\">\n<tbody>\n<tr>\n<td style=\"width: 50%\">26.04. &#8211; 02.05.2026<\/td>\n<td style=\"width: 194.85%\">Franche Comt\u00e9<\/td>\n<\/tr>\n<\/tbody>\n<\/table>\n<h3><\/h3>\n<h3><span style=\"color: #33cccc\"><strong>Mai 2026<\/strong><\/span><\/h3>\n<table style=\"border-collapse: collapse;width: 100%;height: 79px\" border=\"1\">\n<tbody>\n<tr style=\"height: 23px\">\n<td style=\"width: 50%;height: 10px\">16.05. &#8211; 22.05.2026<\/td>\n<td style=\"width: 50%;height: 10px\">Dordogne<\/td>\n<\/tr>\n<tr style=\"height: 23px\">\n<td style=\"width: 50%;height: 23px\">24.05. &#8211; 30.05.2026<\/td>\n<td style=\"width: 50%;height: 23px\">Canal du Midi<\/td>\n<\/tr>\n<tr style=\"height: 23px\">\n<td style=\"width: 50%;height: 23px\">24.05. &#8211; 30.05.2026<\/td>\n<td style=\"width: 50%;height: 23px\">Zentralfrankreich &#8211; das Berry | <strong><span style=\"font-size: 14pt\"><span style=\"color: #33cccc\"><em>Neu\u00a0<\/em><\/span><\/span><\/strong><\/td>\n<\/tr>\n<tr style=\"height: 23px\">\n<td style=\"width: 50%;height: 23px\">30.05. &#8211; 05.06.2026<\/td>\n<td style=\"width: 50%;height: 23px\">Nordburgund<\/td>\n<\/tr>\n<\/tbody>\n<\/table>\n<h3><\/h3>\n<h3><span style=\"color: #33cccc\"><strong>Juni 2026<\/strong><\/span><\/h3>\n<table style=\"height: 20px;width: 100.108%;border-collapse: collapse\" border=\"1\">\n<tbody>\n<tr style=\"height: 23px\">\n<td style=\"width: 50%;height: 21px\">07.06. &#8211; 13.06.2026<\/td>\n<td style=\"width: 50%;height: 21px\">Normandie<\/td>\n<\/tr>\n<\/tbody>\n<\/table>\n<table style=\"border-collapse: collapse;width: 99.9999%;height: 59px\" border=\"1\">\n<tbody>\n<tr style=\"height: 23px\">\n<td style=\"width: 50%;height: 23px\">14.06. &#8211; 20.06.2026<\/td>\n<td style=\"width: 50%;height: 23px\">Savoyen<strong>\u00a0<\/strong><\/td>\n<\/tr>\n<tr style=\"height: 18px\">\n<td style=\"width: 50%;height: 18px\">21.06. &#8211; 27.06.2026<\/td>\n<td style=\"width: 50%;height: 18px\">Savoyen<\/td>\n<\/tr>\n<tr style=\"height: 18px\">\n<td style=\"width: 50%;height: 18px\">28.06 &#8211; 05.07.2025<\/td>\n<td style=\"width: 50%;height: 18px\">Baskenland<\/td>\n<\/tr>\n<\/tbody>\n<\/table>\n<h3><\/h3>\n<h3><span style=\"color: #33cccc\"><strong>Juli 2026<\/strong><\/span><\/h3>\n<table style=\"border-collapse: collapse;width: 100%;height: 21px\" border=\"1\">\n<tbody>\n<tr style=\"height: 23px\">\n<td style=\"width: 50%;height: 11px\">05.07. &#8211; 11.07.2026<\/td>\n<td style=\"width: 50%;height: 11px\">Canal du Midi<\/td>\n<\/tr>\n<tr style=\"height: 23px\">\n<td style=\"width: 50%;height: 10px\">12.07. &#8211; 18.07.2026<\/td>\n<td style=\"width: 50%;height: 10px\">Loire &#8211; Schl\u00f6sser &amp; G\u00e4rten<\/td>\n<\/tr>\n<\/tbody>\n<\/table>\n<table style=\"border-collapse: collapse;width: 100%\" border=\"1\">\n<tbody>\n<tr>\n<td style=\"width: 50%\">19.07. &#8211; 25.07.2026<\/td>\n<td style=\"width: 50%\">Zentralfrankreich &#8211; das Berry | <strong><span style=\"font-size: 14pt\"><span style=\"color: #33cccc\"><em>Neu\u00a0<\/em><\/span><\/span><\/strong><\/td>\n<\/tr>\n<\/tbody>\n<\/table>\n<h3><\/h3>\n<h3><span style=\"color: #33cccc\"><strong>August 2026<\/strong><\/span><\/h3>\n<table style=\"border-collapse: collapse;width: 100.129%;height: 54px\" border=\"1\">\n<tbody>\n<tr style=\"height: 23px\">\n<td style=\"width: 50.2574%;height: 10px\">02.08. &#8211; 05.08.2026<\/td>\n<td style=\"width: 49.7426%;height: 10px\">Paris<\/td>\n<\/tr>\n<tr style=\"height: 23px\">\n<td style=\"width: 50.2574%;height: 21px\">05.08. &#8211; 09.08.2026<\/td>\n<td style=\"width: 49.7426%;height: 21px\">Paris<\/td>\n<\/tr>\n<tr style=\"height: 23px\">\n<td style=\"width: 50.2574%;height: 23px\">09.08. &#8211; 15.08.2026<\/td>\n<td style=\"width: 49.7426%;height: 23px\">Franche Comt\u00e9<\/td>\n<\/tr>\n<\/tbody>\n<\/table>\n<table style=\"border-collapse: collapse;width: 100.129%;height: 10px\" border=\"1\">\n<tbody>\n<tr style=\"height: 23px\">\n<td style=\"width: 50.2574%;height: 10px\">23.08. &#8211; 29.08.2026<\/td>\n<td style=\"width: 49.7426%;height: 10px\">Nordburgund<\/td>\n<\/tr>\n<\/tbody>\n<\/table>\n<table style=\"border-collapse: collapse;width: 100.129%;height: 10px\" border=\"1\">\n<tbody>\n<tr style=\"height: 23px\">\n<td style=\"width: 50.2574%;height: 10px\">29.08. &#8211; 04.09.2026<\/td>\n<td style=\"width: 49.7426%;height: 10px\">Dordogne<\/td>\n<\/tr>\n<\/tbody>\n<\/table>\n<table style=\"border-collapse: collapse;width: 100.129%;height: 10px\" border=\"1\">\n<tbody>\n<tr style=\"height: 23px\">\n<td style=\"width: 50.2574%;height: 10px\">30.08. &#8211; 05.09.2026<\/td>\n<td style=\"width: 49.7426%;height: 10px\">S\u00fcdburgund<\/td>\n<\/tr>\n<\/tbody>\n<\/table>\n<h3><\/h3>\n<h3><span style=\"color: #33cccc\"><strong>September 2026<\/strong><\/span><\/h3>\n<table style=\"border-collapse: collapse;width: 100%;height: 48px\" border=\"1\">\n<tbody>\n<tr style=\"height: 23px\">\n<td style=\"width: 50%;height: 10px\">06.09. &#8211; 12.09.2026<\/td>\n<td style=\"width: 50%;height: 10px\">Savoyen<\/td>\n<\/tr>\n<tr style=\"height: 23px\">\n<td style=\"width: 50%;height: 23px\">06.09. &#8211; 12.09.2026<\/td>\n<td style=\"width: 50%;height: 23px\">Normandie<\/td>\n<\/tr>\n<tr style=\"height: 23px\">\n<td style=\"width: 50%;height: 15px\">13.09. &#8211; 19.09.2026<\/td>\n<td style=\"width: 50%;height: 15px\">S\u00fcdburgund<\/td>\n<\/tr>\n<\/tbody>\n<\/table>\n<table style=\"border-collapse: collapse;width: 100%;height: 10px\" border=\"1\">\n<tbody>\n<tr style=\"height: 23px\">\n<td style=\"width: 50%;height: 10px\">20.09. &#8211; 26.09.2026<\/td>\n<td style=\"width: 50%;height: 10px\">\u00a0Loire &#8211; Schl\u00f6sser &amp; G\u00e4rten<\/td>\n<\/tr>\n<\/tbody>\n<\/table>\n<p>&nbsp;<\/p>\n<h3><span style=\"color: #33cccc\"><strong>October 2026<\/strong><\/span><\/h3>\n<table style=\"border-collapse: collapse;width: 100%;height: 20px\" border=\"1\">\n<tbody>\n<tr style=\"height: 23px\">\n<td style=\"width: 50%;height: 10px\">03.10. &#8211; 10.10.2026<\/td>\n<td style=\"width: 50%;height: 10px\">Baskenland<\/td>\n<\/tr>\n<tr style=\"height: 23px\">\n<td style=\"width: 50%;height: 10px\">29.10. &#8211; 04.11.2026<\/td>\n<td style=\"width: 50%;height: 10px\">Brasilien Bike &amp; Schiff<\/td>\n<\/tr>\n<\/tbody>\n<\/table>\n<p>&nbsp;<\/p>\n<h3><span style=\"color: #33cccc\"><strong>November 2026<\/strong><\/span><\/h3>\n<table style=\"border-collapse: collapse;width: 100%;height: 20px\" border=\"1\">\n<tbody>\n<tr style=\"height: 23px\">\n<td style=\"width: 50%;height: 10px\">13.11. &#8211; 29.11.2026<\/td>\n<td style=\"width: 50%;height: 10px\">Vietnam<\/td>\n<\/tr>\n<tr style=\"height: 23px\">\n<td style=\"width: 50%;height: 10px\">17.11. &#8211; 29.11.2026<\/td>\n<td style=\"width: 50%;height: 10px\">Sri Lanka | <strong><span style=\"font-size: 14pt\"><span style=\"color: #33cccc\"><em>Neu\u00a0<\/em><\/span><\/span><\/strong><\/td>\n<\/tr>\n<\/tbody>\n<\/table>\n<table style=\"border-collapse: collapse;width: 100%;height: 10px\" border=\"1\">\n<tbody>\n<tr style=\"height: 23px\">\n<td style=\"width: 50%;height: 10px\">28.11. &#8211; 13.12.2026<\/td>\n<td style=\"width: 50%;height: 10px\">Costa Rica &amp; Nicaragua<\/td>\n<\/tr>\n<\/tbody>\n<\/table>\n<h3><\/h3>\n<h3><span style=\"color: #33cccc\"><strong>Dezember 2026<\/strong><\/span><\/h3>\n<table style=\"border-collapse: collapse;width: 100%;height: 10px\" border=\"1\">\n<tbody>\n<tr style=\"height: 23px\">\n<td style=\"width: 50%;height: 10px\">07.12. &#8211; 17.12.2026<\/td>\n<td style=\"width: 50%;height: 10px\">Oman<\/td>\n<\/tr>\n<\/tbody>\n<\/table>\n<h3><\/h3>\n"}],"content_block_standard_cols_2":false}],"footer_title":"Reisekalender gef\u00fchrte Radreisen 2026"},"yoast_head":"<!-- This site is optimized with the Yoast SEO plugin v27.3 - https:\/\/yoast.com\/product\/yoast-seo-wordpress\/ -->\n<title>Reisekalender gef\u00fchrter Radreisen 2024 - France \u00e0 V\u00e9lo<\/title>\n<meta name=\"robots\" content=\"index, follow, max-snippet:-1, max-image-preview:large, max-video-preview:-1\" \/>\n<link rel=\"canonical\" href=\"https:\/\/www.franceavelo.com\/de\/reisekalender-gefuhrte-radreisen-frankreich-weltweit-2026\/\" \/>\n<meta property=\"og:locale\" content=\"de_DE\" \/>\n<meta property=\"og:type\" content=\"article\" \/>\n<meta property=\"og:title\" content=\"Reisekalender gef\u00fchrter Radreisen 2024 - France \u00e0 V\u00e9lo\" \/>\n<meta property=\"og:url\" content=\"https:\/\/www.franceavelo.com\/de\/reisekalender-gefuhrte-radreisen-frankreich-weltweit-2026\/\" \/>\n<meta property=\"og:site_name\" content=\"France \u00e0 v\u00e9lo\" \/>\n<meta property=\"article:modified_time\" content=\"2025-11-04T15:08:17+00:00\" \/>\n<meta name=\"twitter:card\" content=\"summary_large_image\" \/>\n<meta name=\"twitter:label1\" content=\"Gesch\u00e4tzte Lesezeit\" \/>\n\t<meta name=\"twitter:data1\" content=\"1\u00a0Minute\" \/>\n<script type=\"application\/ld+json\" class=\"yoast-schema-graph\">{\"@context\":\"https:\\\/\\\/schema.org\",\"@graph\":[{\"@type\":\"WebPage\",\"@id\":\"https:\\\/\\\/www.franceavelo.com\\\/de\\\/reisekalender-gefuhrte-radreisen-frankreich-weltweit-2026\\\/\",\"url\":\"https:\\\/\\\/www.franceavelo.com\\\/de\\\/reisekalender-gefuhrte-radreisen-frankreich-weltweit-2026\\\/\",\"name\":\"Reisekalender gef\u00fchrter Radreisen 2024 - France \u00e0 V\u00e9lo\",\"isPartOf\":{\"@id\":\"https:\\\/\\\/www.franceavelo.com\\\/fr\\\/#website\"},\"datePublished\":\"2022-10-25T09:54:58+00:00\",\"dateModified\":\"2025-11-04T15:08:17+00:00\",\"breadcrumb\":{\"@id\":\"https:\\\/\\\/www.franceavelo.com\\\/de\\\/reisekalender-gefuhrte-radreisen-frankreich-weltweit-2026\\\/#breadcrumb\"},\"inLanguage\":\"de\",\"potentialAction\":[{\"@type\":\"ReadAction\",\"target\":[\"https:\\\/\\\/www.franceavelo.com\\\/de\\\/reisekalender-gefuhrte-radreisen-frankreich-weltweit-2026\\\/\"]}]},{\"@type\":\"BreadcrumbList\",\"@id\":\"https:\\\/\\\/www.franceavelo.com\\\/de\\\/reisekalender-gefuhrte-radreisen-frankreich-weltweit-2026\\\/#breadcrumb\",\"itemListElement\":[{\"@type\":\"ListItem\",\"position\":1,\"name\":\"Home\",\"item\":\"https:\\\/\\\/www.franceavelo.com\\\/de\\\/\"},{\"@type\":\"ListItem\",\"position\":2,\"name\":\"Reisekalender gef\u00fchrte Radreisen 2026\"}]},{\"@type\":\"WebSite\",\"@id\":\"https:\\\/\\\/www.franceavelo.com\\\/fr\\\/#website\",\"url\":\"https:\\\/\\\/www.franceavelo.com\\\/fr\\\/\",\"name\":\"France \u00e0 v\u00e9lo\",\"description\":\"Un site utilisant WordPress\",\"publisher\":{\"@id\":\"https:\\\/\\\/www.franceavelo.com\\\/fr\\\/#organization\"},\"potentialAction\":[{\"@type\":\"SearchAction\",\"target\":{\"@type\":\"EntryPoint\",\"urlTemplate\":\"https:\\\/\\\/www.franceavelo.com\\\/fr\\\/?s={search_term_string}\"},\"query-input\":{\"@type\":\"PropertyValueSpecification\",\"valueRequired\":true,\"valueName\":\"search_term_string\"}}],\"inLanguage\":\"de\"},{\"@type\":\"Organization\",\"@id\":\"https:\\\/\\\/www.franceavelo.com\\\/fr\\\/#organization\",\"name\":\"France \u00e0 v\u00e9lo\",\"url\":\"https:\\\/\\\/www.franceavelo.com\\\/fr\\\/\",\"logo\":{\"@type\":\"ImageObject\",\"inLanguage\":\"de\",\"@id\":\"https:\\\/\\\/www.franceavelo.com\\\/fr\\\/#\\\/schema\\\/logo\\\/image\\\/\",\"url\":\"https:\\\/\\\/www.franceavelo.com\\\/wp-content\\\/uploads\\\/2024\\\/07\\\/favicon-large.png\",\"contentUrl\":\"https:\\\/\\\/www.franceavelo.com\\\/wp-content\\\/uploads\\\/2024\\\/07\\\/favicon-large.png\",\"width\":696,\"height\":696,\"caption\":\"France \u00e0 v\u00e9lo\"},\"image\":{\"@id\":\"https:\\\/\\\/www.franceavelo.com\\\/fr\\\/#\\\/schema\\\/logo\\\/image\\\/\"}}]}<\/script>\n<!-- \/ Yoast SEO plugin. -->","yoast_head_json":{"title":"Reisekalender gef\u00fchrter Radreisen 2024 - France \u00e0 V\u00e9lo","robots":{"index":"index","follow":"follow","max-snippet":"max-snippet:-1","max-image-preview":"max-image-preview:large","max-video-preview":"max-video-preview:-1"},"canonical":"https:\/\/www.franceavelo.com\/de\/reisekalender-gefuhrte-radreisen-frankreich-weltweit-2026\/","og_locale":"de_DE","og_type":"article","og_title":"Reisekalender gef\u00fchrter Radreisen 2024 - France \u00e0 V\u00e9lo","og_url":"https:\/\/www.franceavelo.com\/de\/reisekalender-gefuhrte-radreisen-frankreich-weltweit-2026\/","og_site_name":"France \u00e0 v\u00e9lo","article_modified_time":"2025-11-04T15:08:17+00:00","twitter_card":"summary_large_image","twitter_misc":{"Gesch\u00e4tzte Lesezeit":"1\u00a0Minute"},"schema":{"@context":"https:\/\/schema.org","@graph":[{"@type":"WebPage","@id":"https:\/\/www.franceavelo.com\/de\/reisekalender-gefuhrte-radreisen-frankreich-weltweit-2026\/","url":"https:\/\/www.franceavelo.com\/de\/reisekalender-gefuhrte-radreisen-frankreich-weltweit-2026\/","name":"Reisekalender gef\u00fchrter Radreisen 2024 - France \u00e0 V\u00e9lo","isPartOf":{"@id":"https:\/\/www.franceavelo.com\/fr\/#website"},"datePublished":"2022-10-25T09:54:58+00:00","dateModified":"2025-11-04T15:08:17+00:00","breadcrumb":{"@id":"https:\/\/www.franceavelo.com\/de\/reisekalender-gefuhrte-radreisen-frankreich-weltweit-2026\/#breadcrumb"},"inLanguage":"de","potentialAction":[{"@type":"ReadAction","target":["https:\/\/www.franceavelo.com\/de\/reisekalender-gefuhrte-radreisen-frankreich-weltweit-2026\/"]}]},{"@type":"BreadcrumbList","@id":"https:\/\/www.franceavelo.com\/de\/reisekalender-gefuhrte-radreisen-frankreich-weltweit-2026\/#breadcrumb","itemListElement":[{"@type":"ListItem","position":1,"name":"Home","item":"https:\/\/www.franceavelo.com\/de\/"},{"@type":"ListItem","position":2,"name":"Reisekalender gef\u00fchrte Radreisen 2026"}]},{"@type":"WebSite","@id":"https:\/\/www.franceavelo.com\/fr\/#website","url":"https:\/\/www.franceavelo.com\/fr\/","name":"France \u00e0 v\u00e9lo","description":"Un site utilisant WordPress","publisher":{"@id":"https:\/\/www.franceavelo.com\/fr\/#organization"},"potentialAction":[{"@type":"SearchAction","target":{"@type":"EntryPoint","urlTemplate":"https:\/\/www.franceavelo.com\/fr\/?s={search_term_string}"},"query-input":{"@type":"PropertyValueSpecification","valueRequired":true,"valueName":"search_term_string"}}],"inLanguage":"de"},{"@type":"Organization","@id":"https:\/\/www.franceavelo.com\/fr\/#organization","name":"France \u00e0 v\u00e9lo","url":"https:\/\/www.franceavelo.com\/fr\/","logo":{"@type":"ImageObject","inLanguage":"de","@id":"https:\/\/www.franceavelo.com\/fr\/#\/schema\/logo\/image\/","url":"https:\/\/www.franceavelo.com\/wp-content\/uploads\/2024\/07\/favicon-large.png","contentUrl":"https:\/\/www.franceavelo.com\/wp-content\/uploads\/2024\/07\/favicon-large.png","width":696,"height":696,"caption":"France \u00e0 v\u00e9lo"},"image":{"@id":"https:\/\/www.franceavelo.com\/fr\/#\/schema\/logo\/image\/"}}]}},"_links":{"self":[{"href":"https:\/\/www.franceavelo.com\/de\/wp-json\/wp\/v2\/pages\/64717","targetHints":{"allow":["GET"]}}],"collection":[{"href":"https:\/\/www.franceavelo.com\/de\/wp-json\/wp\/v2\/pages"}],"about":[{"href":"https:\/\/www.franceavelo.com\/de\/wp-json\/wp\/v2\/types\/page"}],"author":[{"embeddable":true,"href":"https:\/\/www.franceavelo.com\/de\/wp-json\/wp\/v2\/users\/12"}],"replies":[{"embeddable":true,"href":"https:\/\/www.franceavelo.com\/de\/wp-json\/wp\/v2\/comments?post=64717"}],"version-history":[{"count":20,"href":"https:\/\/www.franceavelo.com\/de\/wp-json\/wp\/v2\/pages\/64717\/revisions"}],"predecessor-version":[{"id":77605,"href":"https:\/\/www.franceavelo.com\/de\/wp-json\/wp\/v2\/pages\/64717\/revisions\/77605"}],"wp:attachment":[{"href":"https:\/\/www.franceavelo.com\/de\/wp-json\/wp\/v2\/media?parent=64717"}],"curies":[{"name":"wp","href":"https:\/\/api.w.org\/{rel}","templated":true}]}}