{"id":32522,"date":"2018-10-19T16:46:53","date_gmt":"2018-10-19T14:46:53","guid":{"rendered":"https:\/\/www.franceavelo.com\/reisekalender-gefuhrte-radreisen-2019\/"},"modified":"2024-02-14T15:17:01","modified_gmt":"2024-02-14T14:17:01","slug":"calendrier-voyages-guides-2021-2","status":"publish","type":"page","link":"https:\/\/www.franceavelo.com\/fr\/calendrier-voyages-guides-2021-2\/","title":{"rendered":"Calendrier voyages guid\u00e9s 2024"},"content":{"rendered":"","protected":false},"excerpt":{"rendered":"","protected":false},"author":1,"featured_media":0,"parent":0,"menu_order":7,"comment_status":"closed","ping_status":"closed","template":"","meta":{"_acf_changed":false,"footnotes":""},"class_list":["post-32522","page","type-page","status-publish","hentry"],"acf":{"banner_generic_page":{"ID":57674,"id":57674,"title":"Carcassonne","filename":"Carcassonne.jpg","filesize":946834,"url":"https:\/\/www.franceavelo.com\/wp-content\/uploads\/2019\/12\/Carcassonne.jpg","link":"https:\/\/www.franceavelo.com\/fr\/explorez-la-france-et-au-dela-a-velo-circuits-guides-et-personnalises-pour-tous-les-ages-et-tous-les-gouts-2\/carcassonne-2\/","alt":"Blick auf die Festungsstadt Carcassonne","author":"12","description":"","caption":"","name":"carcassonne-2","status":"inherit","uploaded_to":376,"date":"2019-12-11 11:17:07","modified":"2020-08-21 13:49:04","menu_order":0,"mime_type":"image\/jpeg","type":"image","subtype":"jpeg","icon":"https:\/\/www.franceavelo.com\/wp-includes\/images\/media\/default.png","width":1873,"height":1405,"sizes":{"thumbnail":"https:\/\/www.franceavelo.com\/wp-content\/uploads\/2019\/12\/Carcassonne-150x150.jpg","thumbnail-width":150,"thumbnail-height":150,"medium":"https:\/\/www.franceavelo.com\/wp-content\/uploads\/2019\/12\/Carcassonne-300x225.jpg","medium-width":300,"medium-height":225,"medium_large":"https:\/\/www.franceavelo.com\/wp-content\/uploads\/2019\/12\/Carcassonne-768x576.jpg","medium_large-width":768,"medium_large-height":576,"large":"https:\/\/www.franceavelo.com\/wp-content\/uploads\/2019\/12\/Carcassonne-1024x768.jpg","large-width":1024,"large-height":768,"1536x1536":"https:\/\/www.franceavelo.com\/wp-content\/uploads\/2019\/12\/Carcassonne.jpg","1536x1536-width":1536,"1536x1536-height":1152,"2048x2048":"https:\/\/www.franceavelo.com\/wp-content\/uploads\/2019\/12\/Carcassonne.jpg","2048x2048-width":1873,"2048x2048-height":1405,"product_option_intro":"https:\/\/www.franceavelo.com\/wp-content\/uploads\/2019\/12\/Carcassonne-300x220.jpg","product_option_intro-width":300,"product_option_intro-height":220,"postlist_thumbnail":"https:\/\/www.franceavelo.com\/wp-content\/uploads\/2019\/12\/Carcassonne.jpg","postlist_thumbnail-width":200,"postlist_thumbnail-height":150,"content_full_desktop":"https:\/\/www.franceavelo.com\/wp-content\/uploads\/2019\/12\/Carcassonne-970x728.jpg","content_full_desktop-width":970,"content_full_desktop-height":728,"content_full_desktop_retina":"https:\/\/www.franceavelo.com\/wp-content\/uploads\/2019\/12\/Carcassonne.jpg","content_full_desktop_retina-width":1873,"content_full_desktop_retina-height":1405,"content_half_desktop":"https:\/\/www.franceavelo.com\/wp-content\/uploads\/2019\/12\/Carcassonne-485x364.jpg","content_half_desktop-width":485,"content_half_desktop-height":364,"content_full_tablet":"https:\/\/www.franceavelo.com\/wp-content\/uploads\/2019\/12\/Carcassonne-750x563.jpg","content_full_tablet-width":750,"content_full_tablet-height":563,"content_full_tablet_retina":"https:\/\/www.franceavelo.com\/wp-content\/uploads\/2019\/12\/Carcassonne-1500x1125.jpg","content_full_tablet_retina-width":1500,"content_full_tablet_retina-height":1125,"content_half_tablet":"https:\/\/www.franceavelo.com\/wp-content\/uploads\/2019\/12\/Carcassonne-375x281.jpg","content_half_tablet-width":375,"content_half_tablet-height":281,"content_full_mobile":"https:\/\/www.franceavelo.com\/wp-content\/uploads\/2019\/12\/Carcassonne-500x375.jpg","content_full_mobile-width":500,"content_full_mobile-height":375,"content_full_mobile_retina":"https:\/\/www.franceavelo.com\/wp-content\/uploads\/2019\/12\/Carcassonne-1000x750.jpg","content_full_mobile_retina-width":1000,"content_full_mobile_retina-height":750,"content_full_smallmobile":"https:\/\/www.franceavelo.com\/wp-content\/uploads\/2019\/12\/Carcassonne-380x180.jpg","content_full_smallmobile-width":380,"content_full_smallmobile-height":180,"content_head_mobile":"https:\/\/www.franceavelo.com\/wp-content\/uploads\/2019\/12\/Carcassonne-320x430.jpg","content_head_mobile-width":320,"content_head_mobile-height":430,"content_head_tablet":"https:\/\/www.franceavelo.com\/wp-content\/uploads\/2019\/12\/Carcassonne-540x500.jpg","content_head_tablet-width":540,"content_head_tablet-height":500,"content_highlight_desktop":"https:\/\/www.franceavelo.com\/wp-content\/uploads\/2019\/12\/Carcassonne-350x240.jpg","content_highlight_desktop-width":350,"content_highlight_desktop-height":240,"content_highlight_desktop_retina":"https:\/\/www.franceavelo.com\/wp-content\/uploads\/2019\/12\/Carcassonne-700x480.jpg","content_highlight_desktop_retina-width":700,"content_highlight_desktop_retina-height":480,"content_testimony_mobile":"https:\/\/www.franceavelo.com\/wp-content\/uploads\/2019\/12\/Carcassonne-480x1100.jpg","content_testimony_mobile-width":480,"content_testimony_mobile-height":1100,"content_type_image_desktop":"https:\/\/www.franceavelo.com\/wp-content\/uploads\/2019\/12\/Carcassonne-600x450.jpg","content_type_image_desktop-width":600,"content_type_image_desktop-height":450,"content_type_image_desktop_retina":"https:\/\/www.franceavelo.com\/wp-content\/uploads\/2019\/12\/Carcassonne-1200x900.jpg","content_type_image_desktop_retina-width":1200,"content_type_image_desktop_retina-height":900,"content_type_image_mobile":"https:\/\/www.franceavelo.com\/wp-content\/uploads\/2019\/12\/Carcassonne-450x338.jpg","content_type_image_mobile-width":450,"content_type_image_mobile-height":338,"gform-image-choice-sm":"https:\/\/www.franceavelo.com\/wp-content\/uploads\/2019\/12\/Carcassonne.jpg","gform-image-choice-sm-width":300,"gform-image-choice-sm-height":225,"gform-image-choice-md":"https:\/\/www.franceavelo.com\/wp-content\/uploads\/2019\/12\/Carcassonne.jpg","gform-image-choice-md-width":400,"gform-image-choice-md-height":300,"gform-image-choice-lg":"https:\/\/www.franceavelo.com\/wp-content\/uploads\/2019\/12\/Carcassonne.jpg","gform-image-choice-lg-width":600,"gform-image-choice-lg-height":450}},"content_block":[{"acf_fc_layout":"content_block_standard","content_block_standard_title":"Calendrier voyages guid\u00e9s 2024","content_block_standard_cols":"1","content_block_standard_cols_1":[{"acf_fc_layout":"content_block_standard_cols_1_text","content_block_standard_cols_1_text_wysiwyg":"<h3>Fevrier 2024<\/h3>\n<p>&nbsp;<\/p>\n<table style=\"border-collapse: collapse;width: 100%;height: 49px\" border=\"1\">\n<tbody>\n<tr style=\"height: 23px\">\n<td style=\"width: 50%;height: 26px\">11.02. &#8211; 27.02.2024<\/td>\n<td style=\"width: 50%;height: 26px\">Costa Rica &amp; Nicaragua<\/td>\n<\/tr>\n<tr style=\"height: 23px\">\n<td style=\"width: 50%;height: 23px\">20.02. &#8211; 01.03.2024<\/td>\n<td style=\"width: 50%;height: 23px\">Sud du Maroc<\/td>\n<\/tr>\n<\/tbody>\n<\/table>\n<p>&nbsp;<\/p>\n<h3>Mars 2024<\/h3>\n<p>&nbsp;<\/p>\n<table style=\"border-collapse: collapse;width: 100%;height: 46px\" border=\"1\">\n<tbody>\n<tr style=\"height: 23px\">\n<td style=\"width: 33.3584%;height: 23px\">04.03. &#8211; 20.03.2024<\/td>\n<td style=\"width: 33.2831%;height: 23px\" width=\"108\"><span style=\"color: #333333\"><a style=\"color: #333333\" href=\"https:\/\/www.franceavelo.com\/de\/product\/radreise-vietnam-gefuehrt-18-tage-17-naechte\/\">Vietnam<\/a><\/span><\/td>\n<\/tr>\n<tr style=\"height: 23px\">\n<td style=\"width: 33.3584%;height: 23px\">16.03. &#8211; 02.04.2024<\/td>\n<td style=\"width: 33.2831%;height: 23px\" width=\"108\">Tanzanie<\/td>\n<\/tr>\n<\/tbody>\n<\/table>\n<p>&nbsp;<\/p>\n<h3>Avril 2024<\/h3>\n<p>&nbsp;<\/p>\n<table style=\"border-collapse: collapse;width: 100.107%\" border=\"1\">\n<tbody>\n<tr>\n<td style=\"width: 50%\">10.04. &#8211; 17.04.2024<\/td>\n<td style=\"width: 194.85%\">Portugal<\/td>\n<\/tr>\n<tr>\n<td style=\"width: 50%\">17.04. &#8211; 24.04.2024<\/td>\n<td style=\"width: 194.85%\">Portugal<\/td>\n<\/tr>\n<tr style=\"height: 23px\">\n<td style=\"width: 50%;height: 23px\">17.04. &#8211; 26.04.2024<\/td>\n<td style=\"width: 194.85%;height: 23px\">Sud du Maroc<\/td>\n<\/tr>\n<\/tbody>\n<\/table>\n<table style=\"border-collapse: collapse;width: 100.107%\" border=\"1\">\n<tbody>\n<tr style=\"height: 23px\">\n<td style=\"width: 50%;height: 23px\">24.04. &#8211; 30.04.2024<\/td>\n<td style=\"width: 194.85%;height: 23px\">Canal du Midi<\/td>\n<\/tr>\n<\/tbody>\n<\/table>\n<p>&nbsp;<\/p>\n<h3>Mai 2024<\/h3>\n<p>&nbsp;<\/p>\n<table style=\"border-collapse: collapse;width: 100%;height: 138px\" border=\"1\">\n<tbody>\n<tr style=\"height: 23px\">\n<td style=\"width: 50%;height: 23px\">01.05. &#8211; 07.05.2024<\/td>\n<td style=\"width: 50%;height: 23px\">Bourgogne sud<\/td>\n<\/tr>\n<tr style=\"height: 23px\">\n<td style=\"width: 50%;height: 23px\">08.05. &#8211; 14.05.2024<\/td>\n<td style=\"width: 50%;height: 23px\">Bourgogne nord<\/td>\n<\/tr>\n<tr style=\"height: 23px\">\n<td style=\"width: 50%;height: 23px\">08.05. &#8211; 14.05.2024<\/td>\n<td style=\"width: 50%;height: 23px\">Ch\u00e2teaux et jardins de la Loire<\/td>\n<\/tr>\n<tr style=\"height: 23px\">\n<td style=\"width: 50%;height: 23px\">14.05. &#8211; 21.05.2024<\/td>\n<td style=\"width: 50%;height: 23px\">Corse<\/td>\n<\/tr>\n<tr style=\"height: 23px\">\n<td style=\"width: 50%;height: 23px\">15.05. &#8211; 21.05.2024<\/td>\n<td style=\"width: 50%;height: 23px\"><span style=\"color: #333333\"><a style=\"color: #333333\" href=\"https:\/\/www.franceavelo.com\/de\/product\/radreise-normandie-gefuehrt-7-tage\/\">Normandie<\/a><\/span><\/td>\n<\/tr>\n<tr style=\"height: 23px\">\n<td style=\"width: 50%;height: 23px\">25.05. &#8211; 29.05.2024<\/td>\n<td style=\"width: 50%;height: 23px\">Paris<\/td>\n<\/tr>\n<\/tbody>\n<\/table>\n<table style=\"border-collapse: collapse;width: 100%;height: 10px\" border=\"1\">\n<tbody>\n<tr style=\"height: 23px\">\n<td style=\"width: 50%;height: 10px\">29.05. &#8211; 04.06.2024<\/td>\n<td style=\"width: 50%;height: 10px\">Alsace\u00a0 <strong><em>NEU<\/em><\/strong><\/td>\n<\/tr>\n<\/tbody>\n<\/table>\n<h3><\/h3>\n<h3>Juin 2024<\/h3>\n<p>&nbsp;<\/p>\n<table style=\"border-collapse: collapse;width: 99.9999%;height: 136px\" border=\"1\">\n<tbody>\n<tr style=\"height: 23px\">\n<td style=\"width: 50%;height: 23px\">02.06. &#8211; 06.06.2024<\/td>\n<td style=\"width: 50%;height: 23px\">Paris<\/td>\n<\/tr>\n<tr style=\"height: 23px\">\n<td style=\"width: 50%;height: 23px\">05.06. &#8211; 11.06.2024<\/td>\n<td style=\"width: 50%;height: 23px\">Loire Atlantique<\/td>\n<\/tr>\n<tr>\n<td style=\"width: 50%\">12.06. &#8211; 19.06.2024<\/td>\n<td style=\"width: 50%\">Pays Basque<\/td>\n<\/tr>\n<tr style=\"height: 23px\">\n<td style=\"width: 50%;height: 21px\">19.06. &#8211; 25.06.2024<\/td>\n<td style=\"width: 50%;height: 21px\">Normandie<\/td>\n<\/tr>\n<tr style=\"height: 23px\">\n<td style=\"width: 50%;height: 23px\">19.06. &#8211; 25.06.2024<\/td>\n<td style=\"width: 50%;height: 23px\">Dordogne<\/td>\n<\/tr>\n<tr style=\"height: 23px\">\n<td style=\"width: 50%;height: 23px\">26.06. &#8211; 02.07.2024<\/td>\n<td style=\"width: 50%;height: 23px\"><span style=\"color: #333333\"><a style=\"color: #333333\" href=\"https:\/\/www.franceavelo.com\/de\/?post_type=product&#038;p=12592\">Provence<\/a><\/span><\/td>\n<\/tr>\n<\/tbody>\n<\/table>\n<p>&nbsp;<\/p>\n<h3>Juillet 2024<\/h3>\n<p>&nbsp;<\/p>\n<table style=\"border-collapse: collapse;width: 100%\" border=\"1\">\n<tbody>\n<tr>\n<td style=\"width: 50%\">03.07. &#8211; 09.07.2024<\/td>\n<td style=\"width: 50%\">Bretagne sud<\/td>\n<\/tr>\n<tr>\n<td style=\"width: 50%\">10.07. &#8211; 16.07.2024<\/td>\n<td style=\"width: 50%\">Bretagne nord<\/td>\n<\/tr>\n<tr>\n<td style=\"width: 50%\">10.07. &#8211; 16.07.2024<\/td>\n<td style=\"width: 50%\">Loire et Atlantique<\/td>\n<\/tr>\n<\/tbody>\n<\/table>\n<table style=\"border-collapse: collapse;width: 100%\" border=\"1\">\n<tbody>\n<tr>\n<td style=\"width: 50%\">17.07. &#8211; 23.07.2024<\/td>\n<td style=\"width: 50%\">Franche Comt\u00e9<\/td>\n<\/tr>\n<\/tbody>\n<\/table>\n<table style=\"border-collapse: collapse;width: 100%\" border=\"1\">\n<tbody>\n<tr>\n<td style=\"width: 50%\">24.07. &#8211; 30.07.2024<\/td>\n<td style=\"width: 50%\">Bourgogne nord<\/td>\n<\/tr>\n<\/tbody>\n<\/table>\n<table style=\"border-collapse: collapse;width: 100%\" border=\"1\">\n<tbody>\n<tr>\n<td style=\"width: 50%\">31.07. &#8211; 06.08.2024<\/td>\n<td style=\"width: 50%\">Ch\u00e2teaux et jardins de la Loire<\/td>\n<\/tr>\n<tr>\n<td style=\"width: 50%\">31.07. &#8211; 06.08.2024<\/td>\n<td style=\"width: 50%\">Bourgogne sud<\/td>\n<\/tr>\n<\/tbody>\n<\/table>\n<h3><\/h3>\n<h3>Aout 2024<\/h3>\n<p>&nbsp;<\/p>\n<table style=\"border-collapse: collapse;width: 100.129%;height: 207px\" border=\"1\">\n<tbody>\n<tr style=\"height: 23px\">\n<td style=\"width: 50%;height: 23px\">03.08. &#8211; 07.08.2024<\/td>\n<td style=\"width: 50%;height: 23px\">Bourgogne sud<\/td>\n<\/tr>\n<tr style=\"height: 23px\">\n<td style=\"width: 50%;height: 23px\">07.08. &#8211; 13.08.2024<\/td>\n<td style=\"width: 50%;height: 23px\">Franche Comt\u00e9<\/td>\n<\/tr>\n<tr style=\"height: 23px\">\n<td style=\"width: 50%;height: 23px\">14.08. &#8211; 20.08.2024<\/td>\n<td style=\"width: 50%;height: 23px\">Bourgogne nord<\/td>\n<\/tr>\n<tr style=\"height: 23px\">\n<td style=\"width: 50%;height: 23px\">14.08. &#8211; 20.08.2024<\/td>\n<td style=\"width: 50%;height: 23px\">Bretagne nord<\/td>\n<\/tr>\n<tr style=\"height: 23px\">\n<td style=\"width: 50%;height: 23px\">21.08. &#8211; 27.08.2024<\/td>\n<td style=\"width: 50%;height: 23px\">Bretagne sud<\/td>\n<\/tr>\n<tr style=\"height: 23px\">\n<td style=\"width: 50%;height: 23px\">21.08. &#8211; 27.08.2024<\/td>\n<td style=\"width: 50%;height: 23px\">Normandie<\/td>\n<\/tr>\n<\/tbody>\n<\/table>\n<p>&nbsp;<\/p>\n<h3>Septembre 2024<\/h3>\n<p>&nbsp;<\/p>\n<table style=\"border-collapse: collapse;width: 100%;height: 161px\" border=\"1\">\n<tbody>\n<tr style=\"height: 23px\">\n<td style=\"width: 50%;height: 23px\">04.09. &#8211; 10.09.2024<\/td>\n<td style=\"width: 50%;height: 23px\">Bourgogne nord<\/td>\n<\/tr>\n<tr style=\"height: 23px\">\n<td style=\"width: 50%;height: 23px\">11.09. &#8211; 17.09.2024<\/td>\n<td style=\"width: 50%;height: 23px\">Canal du Midi<\/td>\n<\/tr>\n<tr style=\"height: 23px\">\n<td style=\"width: 50%;height: 23px\">17.09. &#8211; 24.09.2024<\/td>\n<td style=\"width: 50%;height: 23px\">Corse V\u00e9lo &amp; Catamaran<\/td>\n<\/tr>\n<tr style=\"height: 23px\">\n<td style=\"width: 50%;height: 23px\">18.09. &#8211; 24.09.2024<\/td>\n<td style=\"width: 50%;height: 23px\">Dordogne<\/td>\n<\/tr>\n<\/tbody>\n<\/table>\n<table style=\"border-collapse: collapse;width: 100%;height: 10px\" border=\"1\">\n<tbody>\n<tr style=\"height: 23px\">\n<td style=\"width: 50%;height: 10px\">18.09. &#8211; 24.09.2024<\/td>\n<td style=\"width: 50%;height: 10px\">Bretagne sud<\/td>\n<\/tr>\n<\/tbody>\n<\/table>\n<table style=\"border-collapse: collapse;width: 100%;height: 10px\" border=\"1\">\n<tbody>\n<tr style=\"height: 23px\">\n<td style=\"width: 50%;height: 10px\">24.09. &#8211; 01.10.2024<\/td>\n<td style=\"width: 50%;height: 10px\">\u00a0Corse V\u00e9lo &amp; Catamaran<\/td>\n<\/tr>\n<tr>\n<td style=\"width: 50%\">25.09. &#8211; 01.10.2024<\/td>\n<td style=\"width: 50%\">\u00a0Ch\u00e2teaux et jardins de la Loire<\/td>\n<\/tr>\n<\/tbody>\n<\/table>\n<h3><\/h3>\n<h3><\/h3>\n<h3>Octobre 2024<\/h3>\n<p>&nbsp;<\/p>\n<table style=\"border-collapse: collapse;width: 100%;height: 152px\" border=\"1\">\n<tbody>\n<tr style=\"height: 23px\">\n<td style=\"width: 50%;height: 23px\">01.10. &#8211; 08.10.2024<\/td>\n<td style=\"width: 50%;height: 23px\">Corse<\/td>\n<\/tr>\n<tr style=\"height: 23px\">\n<td style=\"width: 50%;height: 23px\">02.10. &#8211; 08.10.2024<\/td>\n<td style=\"width: 50%;height: 23px\"><strong><em>Alsace NEU<\/em><\/strong><\/td>\n<\/tr>\n<tr style=\"height: 23px\">\n<td style=\"width: 50%;height: 23px\">02.10. &#8211; 08.10.2024<\/td>\n<td style=\"width: 50%;height: 23px\">Provence<\/td>\n<\/tr>\n<tr style=\"height: 20px\">\n<td style=\"width: 50%;height: 20px\">02.10. &#8211; 09.10.2024<\/td>\n<td style=\"width: 50%;height: 20px\">Algarve<\/td>\n<\/tr>\n<tr style=\"height: 23px\">\n<td style=\"width: 50%;height: 23px\">09.10. &#8211; 16.10.2024<\/td>\n<td style=\"width: 50%;height: 23px\">Algarve<\/td>\n<\/tr>\n<tr style=\"height: 20px\">\n<td style=\"width: 50%;height: 20px\">14.10. &#8211; 23.10.2024<\/td>\n<td style=\"width: 50%;height: 20px\">Maroc villes imp\u00e9riaux<\/td>\n<\/tr>\n<tr style=\"height: 20px\">\n<td style=\"width: 50%;height: 20px\">19.10. &#8211; 23.10.2024<\/td>\n<td style=\"width: 50%;height: 20px\">Paris<\/td>\n<\/tr>\n<\/tbody>\n<\/table>\n<table style=\"border-collapse: collapse;width: 100%;height: 10px\" border=\"1\">\n<tbody>\n<tr style=\"height: 20px\">\n<td style=\"width: 50%;height: 10px\">23.10. &#8211; 01.11.2024<\/td>\n<td style=\"width: 50%;height: 10px\">Maroc sud<\/td>\n<\/tr>\n<\/tbody>\n<\/table>\n<h3><\/h3>\n<h3>Novembre 2024<\/h3>\n<p>&nbsp;<\/p>\n<table style=\"border-collapse: collapse;width: 100%;height: 63px\" border=\"1\">\n<tbody>\n<tr style=\"height: 23px\">\n<td style=\"width: 50%;height: 17px\">11.11. &#8211; 27.11.2024<\/td>\n<td style=\"width: 50%;height: 17px\">Vietnam<\/td>\n<\/tr>\n<tr style=\"height: 23px\">\n<td style=\"width: 50%;height: 23px\">16.11. &#8211; 02.12.2024<\/td>\n<td style=\"width: 50%;height: 23px\">Tanzanie<\/td>\n<\/tr>\n<\/tbody>\n<\/table>\n<p>&nbsp;<\/p>\n<h3>Decembre 2024<\/h3>\n<p>&nbsp;<\/p>\n<table style=\"width: 100.304%\" border=\"1\">\n<tbody>\n<tr>\n<td style=\"width: 49.98%\">02.12. &#8211; 18.12.2024<\/td>\n<td style=\"width: 131.083%\"><span style=\"color: #333333\"><a style=\"color: #333333\" href=\"https:\/\/www.franceavelo.com\/de\/product\/radreise-costa-rica-gefuehrt-17-tage\/\">Costa Rica &amp; Nicaragua<\/a><\/span><\/td>\n<\/tr>\n<\/tbody>\n<\/table>\n<p>&nbsp;<\/p>\n<p>&nbsp;<\/p>\n<h3><\/h3>\n"}],"content_block_standard_cols_2":false}],"footer_title":""},"yoast_head":"<!-- This site is optimized with the Yoast SEO plugin v27.3 - https:\/\/yoast.com\/product\/yoast-seo-wordpress\/ -->\n<title>Calendrier voyages guid\u00e9s 2022 | France \u00e0 V\u00e9lo<\/title>\n<meta name=\"robots\" content=\"index, follow, max-snippet:-1, max-image-preview:large, max-video-preview:-1\" \/>\n<link rel=\"canonical\" href=\"https:\/\/www.franceavelo.com\/fr\/calendrier-voyages-guides-2021-2\/\" \/>\n<meta property=\"og:locale\" content=\"fr_FR\" \/>\n<meta property=\"og:type\" content=\"article\" \/>\n<meta property=\"og:title\" content=\"Calendrier voyages guid\u00e9s 2022 | France \u00e0 V\u00e9lo\" \/>\n<meta property=\"og:url\" content=\"https:\/\/www.franceavelo.com\/fr\/calendrier-voyages-guides-2021-2\/\" \/>\n<meta property=\"og:site_name\" content=\"France \u00e0 v\u00e9lo\" \/>\n<meta property=\"article:modified_time\" content=\"2024-02-14T14:17:01+00:00\" \/>\n<meta name=\"twitter:card\" content=\"summary_large_image\" \/>\n<meta name=\"twitter:label1\" content=\"Dur\u00e9e de lecture estim\u00e9e\" \/>\n\t<meta name=\"twitter:data1\" content=\"2 minutes\" \/>\n<script type=\"application\/ld+json\" class=\"yoast-schema-graph\">{\"@context\":\"https:\\\/\\\/schema.org\",\"@graph\":[{\"@type\":\"WebPage\",\"@id\":\"https:\\\/\\\/www.franceavelo.com\\\/fr\\\/calendrier-voyages-guides-2021-2\\\/\",\"url\":\"https:\\\/\\\/www.franceavelo.com\\\/fr\\\/calendrier-voyages-guides-2021-2\\\/\",\"name\":\"Calendrier voyages guid\u00e9s 2022 | France \u00e0 V\u00e9lo\",\"isPartOf\":{\"@id\":\"https:\\\/\\\/www.franceavelo.com\\\/fr\\\/#website\"},\"datePublished\":\"2018-10-19T14:46:53+00:00\",\"dateModified\":\"2024-02-14T14:17:01+00:00\",\"breadcrumb\":{\"@id\":\"https:\\\/\\\/www.franceavelo.com\\\/fr\\\/calendrier-voyages-guides-2021-2\\\/#breadcrumb\"},\"inLanguage\":\"fr-FR\",\"potentialAction\":[{\"@type\":\"ReadAction\",\"target\":[\"https:\\\/\\\/www.franceavelo.com\\\/fr\\\/calendrier-voyages-guides-2021-2\\\/\"]}]},{\"@type\":\"BreadcrumbList\",\"@id\":\"https:\\\/\\\/www.franceavelo.com\\\/fr\\\/calendrier-voyages-guides-2021-2\\\/#breadcrumb\",\"itemListElement\":[{\"@type\":\"ListItem\",\"position\":1,\"name\":\"Home\",\"item\":\"https:\\\/\\\/www.franceavelo.com\\\/fr\\\/\"},{\"@type\":\"ListItem\",\"position\":2,\"name\":\"Calendrier voyages guid\u00e9s 2024\"}]},{\"@type\":\"WebSite\",\"@id\":\"https:\\\/\\\/www.franceavelo.com\\\/fr\\\/#website\",\"url\":\"https:\\\/\\\/www.franceavelo.com\\\/fr\\\/\",\"name\":\"France \u00e0 v\u00e9lo\",\"description\":\"Un site utilisant WordPress\",\"publisher\":{\"@id\":\"https:\\\/\\\/www.franceavelo.com\\\/fr\\\/#organization\"},\"potentialAction\":[{\"@type\":\"SearchAction\",\"target\":{\"@type\":\"EntryPoint\",\"urlTemplate\":\"https:\\\/\\\/www.franceavelo.com\\\/fr\\\/?s={search_term_string}\"},\"query-input\":{\"@type\":\"PropertyValueSpecification\",\"valueRequired\":true,\"valueName\":\"search_term_string\"}}],\"inLanguage\":\"fr-FR\"},{\"@type\":\"Organization\",\"@id\":\"https:\\\/\\\/www.franceavelo.com\\\/fr\\\/#organization\",\"name\":\"France \u00e0 v\u00e9lo\",\"url\":\"https:\\\/\\\/www.franceavelo.com\\\/fr\\\/\",\"logo\":{\"@type\":\"ImageObject\",\"inLanguage\":\"fr-FR\",\"@id\":\"https:\\\/\\\/www.franceavelo.com\\\/fr\\\/#\\\/schema\\\/logo\\\/image\\\/\",\"url\":\"https:\\\/\\\/www.franceavelo.com\\\/wp-content\\\/uploads\\\/2024\\\/07\\\/favicon-large.png\",\"contentUrl\":\"https:\\\/\\\/www.franceavelo.com\\\/wp-content\\\/uploads\\\/2024\\\/07\\\/favicon-large.png\",\"width\":696,\"height\":696,\"caption\":\"France \u00e0 v\u00e9lo\"},\"image\":{\"@id\":\"https:\\\/\\\/www.franceavelo.com\\\/fr\\\/#\\\/schema\\\/logo\\\/image\\\/\"}}]}<\/script>\n<!-- \/ Yoast SEO plugin. -->","yoast_head_json":{"title":"Calendrier voyages guid\u00e9s 2022 | France \u00e0 V\u00e9lo","robots":{"index":"index","follow":"follow","max-snippet":"max-snippet:-1","max-image-preview":"max-image-preview:large","max-video-preview":"max-video-preview:-1"},"canonical":"https:\/\/www.franceavelo.com\/fr\/calendrier-voyages-guides-2021-2\/","og_locale":"fr_FR","og_type":"article","og_title":"Calendrier voyages guid\u00e9s 2022 | France \u00e0 V\u00e9lo","og_url":"https:\/\/www.franceavelo.com\/fr\/calendrier-voyages-guides-2021-2\/","og_site_name":"France \u00e0 v\u00e9lo","article_modified_time":"2024-02-14T14:17:01+00:00","twitter_card":"summary_large_image","twitter_misc":{"Dur\u00e9e de lecture estim\u00e9e":"2 minutes"},"schema":{"@context":"https:\/\/schema.org","@graph":[{"@type":"WebPage","@id":"https:\/\/www.franceavelo.com\/fr\/calendrier-voyages-guides-2021-2\/","url":"https:\/\/www.franceavelo.com\/fr\/calendrier-voyages-guides-2021-2\/","name":"Calendrier voyages guid\u00e9s 2022 | France \u00e0 V\u00e9lo","isPartOf":{"@id":"https:\/\/www.franceavelo.com\/fr\/#website"},"datePublished":"2018-10-19T14:46:53+00:00","dateModified":"2024-02-14T14:17:01+00:00","breadcrumb":{"@id":"https:\/\/www.franceavelo.com\/fr\/calendrier-voyages-guides-2021-2\/#breadcrumb"},"inLanguage":"fr-FR","potentialAction":[{"@type":"ReadAction","target":["https:\/\/www.franceavelo.com\/fr\/calendrier-voyages-guides-2021-2\/"]}]},{"@type":"BreadcrumbList","@id":"https:\/\/www.franceavelo.com\/fr\/calendrier-voyages-guides-2021-2\/#breadcrumb","itemListElement":[{"@type":"ListItem","position":1,"name":"Home","item":"https:\/\/www.franceavelo.com\/fr\/"},{"@type":"ListItem","position":2,"name":"Calendrier voyages guid\u00e9s 2024"}]},{"@type":"WebSite","@id":"https:\/\/www.franceavelo.com\/fr\/#website","url":"https:\/\/www.franceavelo.com\/fr\/","name":"France \u00e0 v\u00e9lo","description":"Un site utilisant WordPress","publisher":{"@id":"https:\/\/www.franceavelo.com\/fr\/#organization"},"potentialAction":[{"@type":"SearchAction","target":{"@type":"EntryPoint","urlTemplate":"https:\/\/www.franceavelo.com\/fr\/?s={search_term_string}"},"query-input":{"@type":"PropertyValueSpecification","valueRequired":true,"valueName":"search_term_string"}}],"inLanguage":"fr-FR"},{"@type":"Organization","@id":"https:\/\/www.franceavelo.com\/fr\/#organization","name":"France \u00e0 v\u00e9lo","url":"https:\/\/www.franceavelo.com\/fr\/","logo":{"@type":"ImageObject","inLanguage":"fr-FR","@id":"https:\/\/www.franceavelo.com\/fr\/#\/schema\/logo\/image\/","url":"https:\/\/www.franceavelo.com\/wp-content\/uploads\/2024\/07\/favicon-large.png","contentUrl":"https:\/\/www.franceavelo.com\/wp-content\/uploads\/2024\/07\/favicon-large.png","width":696,"height":696,"caption":"France \u00e0 v\u00e9lo"},"image":{"@id":"https:\/\/www.franceavelo.com\/fr\/#\/schema\/logo\/image\/"}}]}},"_links":{"self":[{"href":"https:\/\/www.franceavelo.com\/fr\/wp-json\/wp\/v2\/pages\/32522","targetHints":{"allow":["GET"]}}],"collection":[{"href":"https:\/\/www.franceavelo.com\/fr\/wp-json\/wp\/v2\/pages"}],"about":[{"href":"https:\/\/www.franceavelo.com\/fr\/wp-json\/wp\/v2\/types\/page"}],"author":[{"embeddable":true,"href":"https:\/\/www.franceavelo.com\/fr\/wp-json\/wp\/v2\/users\/1"}],"replies":[{"embeddable":true,"href":"https:\/\/www.franceavelo.com\/fr\/wp-json\/wp\/v2\/comments?post=32522"}],"version-history":[{"count":32,"href":"https:\/\/www.franceavelo.com\/fr\/wp-json\/wp\/v2\/pages\/32522\/revisions"}],"predecessor-version":[{"id":68692,"href":"https:\/\/www.franceavelo.com\/fr\/wp-json\/wp\/v2\/pages\/32522\/revisions\/68692"}],"wp:attachment":[{"href":"https:\/\/www.franceavelo.com\/fr\/wp-json\/wp\/v2\/media?parent=32522"}],"curies":[{"name":"wp","href":"https:\/\/api.w.org\/{rel}","templated":true}]}}