{"id":383,"date":"2018-02-21T12:26:27","date_gmt":"2018-02-21T11:26:27","guid":{"rendered":"https:\/\/www.franceavelo.com\/contact-us\/"},"modified":"2024-05-07T17:01:28","modified_gmt":"2024-05-07T15:01:28","slug":"nous-contacter","status":"publish","type":"page","link":"https:\/\/www.franceavelo.com\/fr\/nous-contacter\/","title":{"rendered":"\u00c0 la recherche d&rsquo;une exp\u00e9rience de voyage sur mesure ?"},"content":{"rendered":"","protected":false},"excerpt":{"rendered":"","protected":false},"author":1,"featured_media":0,"parent":0,"menu_order":14,"comment_status":"closed","ping_status":"closed","template":"","meta":{"_acf_changed":false,"footnotes":""},"class_list":["post-383","page","type-page","status-publish","hentry"],"acf":{"content_block":[{"acf_fc_layout":"content_block_standard","content_block_standard_title":"","content_block_standard_cols":"1","content_block_standard_cols_1":[{"acf_fc_layout":"content_block_standard_cols_1_text","content_block_standard_cols_1_text_wysiwyg":"<h4 class=\"container-cms\"><strong><span class=\"kwo-chip-title1-gr\">Ne cherchez pas plus loin! Contactez-nous directement et laissez-nous cr\u00e9er le s\u00e9jour parfait pour vous.\u00a0<\/span><\/strong><\/h4>\n<p><strong><br \/>\n<\/strong> <strong>Par mail : <a href=\"mailto:contact@franceavelo.com\">contact@franceavelo.com<\/a><\/strong><\/p>\n<p><strong>Par t\u00e9l\u00e9phone :<\/strong> <a href=\"tel:0033386423596\">+33 3 86 42 35 96<\/a><\/p>\n<p>Notre agence est ouverte :<\/p>\n<p>De lundi \u00e0 vendredi<\/p>\n<div class=\"container-cms\">\n<ul>\n<li>de 9h\u00a0 \u00e0 18h00<\/li>\n<\/ul>\n<p>A bient\u00f4t,<br \/>\nVotre \u00e9quipe de FRANCE A VELO<\/p>\n<\/div>\n"}],"content_block_standard_cols_2":false}],"banner_generic_page":{"ID":64711,"id":64711,"title":"VeloVignes Domaine Riefle-32","filename":"VeloVignes-Domaine-Riefle-32-scaled-e1715092925547.jpg","filesize":701046,"url":"https:\/\/www.franceavelo.com\/wp-content\/uploads\/2021\/10\/VeloVignes-Domaine-Riefle-32-scaled-e1715092925547.jpg","link":"https:\/\/www.franceavelo.com\/fr\/nous-contacter\/velovignes-domaine-riefle-32-2\/","alt":"","author":"12","description":"","caption":"","name":"velovignes-domaine-riefle-32-2","status":"inherit","uploaded_to":383,"date":"2021-10-29 12:41:42","modified":"2024-05-07 14:41:45","menu_order":0,"mime_type":"image\/jpeg","type":"image","subtype":"jpeg","icon":"https:\/\/www.franceavelo.com\/wp-includes\/images\/media\/default.png","width":2560,"height":819,"sizes":{"thumbnail":"https:\/\/www.franceavelo.com\/wp-content\/uploads\/2021\/10\/VeloVignes-Domaine-Riefle-32-scaled-e1715092925547-150x150.jpg","thumbnail-width":150,"thumbnail-height":150,"medium":"https:\/\/www.franceavelo.com\/wp-content\/uploads\/2021\/10\/VeloVignes-Domaine-Riefle-32-scaled-e1715092925547-300x96.jpg","medium-width":300,"medium-height":96,"medium_large":"https:\/\/www.franceavelo.com\/wp-content\/uploads\/2021\/10\/VeloVignes-Domaine-Riefle-32-scaled-e1715092925547-768x246.jpg","medium_large-width":768,"medium_large-height":246,"large":"https:\/\/www.franceavelo.com\/wp-content\/uploads\/2021\/10\/VeloVignes-Domaine-Riefle-32-scaled-e1715092925547-1024x328.jpg","large-width":1024,"large-height":328,"1536x1536":"https:\/\/www.franceavelo.com\/wp-content\/uploads\/2021\/10\/VeloVignes-Domaine-Riefle-32-scaled-e1715092925547-1536x491.jpg","1536x1536-width":1536,"1536x1536-height":491,"2048x2048":"https:\/\/www.franceavelo.com\/wp-content\/uploads\/2021\/10\/VeloVignes-Domaine-Riefle-32-scaled-e1715092925547-2048x655.jpg","2048x2048-width":2048,"2048x2048-height":655,"product_option_intro":"https:\/\/www.franceavelo.com\/wp-content\/uploads\/2021\/10\/VeloVignes-Domaine-Riefle-32-scaled-e1715092925547-300x220.jpg","product_option_intro-width":300,"product_option_intro-height":220,"postlist_thumbnail":"https:\/\/www.franceavelo.com\/wp-content\/uploads\/2021\/10\/VeloVignes-Domaine-Riefle-32-scaled-e1715092925547-200x200.jpg","postlist_thumbnail-width":200,"postlist_thumbnail-height":200,"content_full_desktop":"https:\/\/www.franceavelo.com\/wp-content\/uploads\/2021\/10\/VeloVignes-Domaine-Riefle-32-scaled-e1715092925547-970x310.jpg","content_full_desktop-width":970,"content_full_desktop-height":310,"content_full_desktop_retina":"https:\/\/www.franceavelo.com\/wp-content\/uploads\/2021\/10\/VeloVignes-Domaine-Riefle-32-scaled-e1715092925547-1940x621.jpg","content_full_desktop_retina-width":1940,"content_full_desktop_retina-height":621,"content_half_desktop":"https:\/\/www.franceavelo.com\/wp-content\/uploads\/2021\/10\/VeloVignes-Domaine-Riefle-32-scaled-e1715092925547-485x155.jpg","content_half_desktop-width":485,"content_half_desktop-height":155,"content_full_tablet":"https:\/\/www.franceavelo.com\/wp-content\/uploads\/2021\/10\/VeloVignes-Domaine-Riefle-32-scaled-e1715092925547-750x240.jpg","content_full_tablet-width":750,"content_full_tablet-height":240,"content_full_tablet_retina":"https:\/\/www.franceavelo.com\/wp-content\/uploads\/2021\/10\/VeloVignes-Domaine-Riefle-32-scaled-e1715092925547-1500x480.jpg","content_full_tablet_retina-width":1500,"content_full_tablet_retina-height":480,"content_half_tablet":"https:\/\/www.franceavelo.com\/wp-content\/uploads\/2021\/10\/VeloVignes-Domaine-Riefle-32-scaled-e1715092925547-375x120.jpg","content_half_tablet-width":375,"content_half_tablet-height":120,"content_full_mobile":"https:\/\/www.franceavelo.com\/wp-content\/uploads\/2021\/10\/VeloVignes-Domaine-Riefle-32-scaled-e1715092925547-500x160.jpg","content_full_mobile-width":500,"content_full_mobile-height":160,"content_full_mobile_retina":"https:\/\/www.franceavelo.com\/wp-content\/uploads\/2021\/10\/VeloVignes-Domaine-Riefle-32-scaled-e1715092925547-1000x320.jpg","content_full_mobile_retina-width":1000,"content_full_mobile_retina-height":320,"content_full_smallmobile":"https:\/\/www.franceavelo.com\/wp-content\/uploads\/2021\/10\/VeloVignes-Domaine-Riefle-32-scaled-e1715092925547-380x180.jpg","content_full_smallmobile-width":380,"content_full_smallmobile-height":180,"content_head_mobile":"https:\/\/www.franceavelo.com\/wp-content\/uploads\/2021\/10\/VeloVignes-Domaine-Riefle-32-scaled-e1715092925547-320x430.jpg","content_head_mobile-width":320,"content_head_mobile-height":430,"content_head_tablet":"https:\/\/www.franceavelo.com\/wp-content\/uploads\/2021\/10\/VeloVignes-Domaine-Riefle-32-scaled-e1715092925547-540x500.jpg","content_head_tablet-width":540,"content_head_tablet-height":500,"content_highlight_desktop":"https:\/\/www.franceavelo.com\/wp-content\/uploads\/2021\/10\/VeloVignes-Domaine-Riefle-32-scaled-e1715092925547-350x240.jpg","content_highlight_desktop-width":350,"content_highlight_desktop-height":240,"content_highlight_desktop_retina":"https:\/\/www.franceavelo.com\/wp-content\/uploads\/2021\/10\/VeloVignes-Domaine-Riefle-32-scaled-e1715092925547-700x480.jpg","content_highlight_desktop_retina-width":700,"content_highlight_desktop_retina-height":480,"content_testimony_mobile":"https:\/\/www.franceavelo.com\/wp-content\/uploads\/2021\/10\/VeloVignes-Domaine-Riefle-32-scaled-e1715092925547-480x819.jpg","content_testimony_mobile-width":480,"content_testimony_mobile-height":819,"content_type_image_desktop":"https:\/\/www.franceavelo.com\/wp-content\/uploads\/2021\/10\/VeloVignes-Domaine-Riefle-32-scaled-e1715092925547-600x192.jpg","content_type_image_desktop-width":600,"content_type_image_desktop-height":192,"content_type_image_desktop_retina":"https:\/\/www.franceavelo.com\/wp-content\/uploads\/2021\/10\/VeloVignes-Domaine-Riefle-32-scaled-e1715092925547-1200x384.jpg","content_type_image_desktop_retina-width":1200,"content_type_image_desktop_retina-height":384,"content_type_image_mobile":"https:\/\/www.franceavelo.com\/wp-content\/uploads\/2021\/10\/VeloVignes-Domaine-Riefle-32-scaled-e1715092925547-450x144.jpg","content_type_image_mobile-width":450,"content_type_image_mobile-height":144,"gform-image-choice-sm":"https:\/\/www.franceavelo.com\/wp-content\/uploads\/2021\/10\/VeloVignes-Domaine-Riefle-32-scaled-e1715092925547.jpg","gform-image-choice-sm-width":300,"gform-image-choice-sm-height":96,"gform-image-choice-md":"https:\/\/www.franceavelo.com\/wp-content\/uploads\/2021\/10\/VeloVignes-Domaine-Riefle-32-scaled-e1715092925547.jpg","gform-image-choice-md-width":400,"gform-image-choice-md-height":128,"gform-image-choice-lg":"https:\/\/www.franceavelo.com\/wp-content\/uploads\/2021\/10\/VeloVignes-Domaine-Riefle-32-scaled-e1715092925547.jpg","gform-image-choice-lg-width":600,"gform-image-choice-lg-height":192}},"footer_title":""},"yoast_head":"<!-- This site is optimized with the Yoast SEO plugin v27.3 - https:\/\/yoast.com\/product\/yoast-seo-wordpress\/ -->\n<title>\u00c0 la recherche d&#039;une exp\u00e9rience de voyage sur mesure ? | France \u00e0 v\u00e9lo<\/title>\n<meta name=\"description\" content=\"Si vous avez des questions n&#039;h\u00e9sitez pas \u00e0 nous contacter. Par mail : info@franceavelo.com Par t\u00e9l\u00e9phone : +33 3 86 42 35 96\" \/>\n<meta name=\"robots\" content=\"index, follow, max-snippet:-1, max-image-preview:large, max-video-preview:-1\" \/>\n<link rel=\"canonical\" href=\"https:\/\/www.franceavelo.com\/fr\/nous-contacter\/\" \/>\n<meta property=\"og:locale\" content=\"fr_FR\" \/>\n<meta property=\"og:type\" content=\"article\" \/>\n<meta property=\"og:title\" content=\"\u00c0 la recherche d&#039;une exp\u00e9rience de voyage sur mesure ? | France \u00e0 v\u00e9lo\" \/>\n<meta property=\"og:description\" content=\"Si vous avez des questions n&#039;h\u00e9sitez pas \u00e0 nous contacter. Par mail : info@franceavelo.com Par t\u00e9l\u00e9phone : +33 3 86 42 35 96\" \/>\n<meta property=\"og:url\" content=\"https:\/\/www.franceavelo.com\/fr\/nous-contacter\/\" \/>\n<meta property=\"og:site_name\" content=\"France \u00e0 v\u00e9lo\" \/>\n<meta property=\"article:modified_time\" content=\"2024-05-07T15:01:28+00:00\" \/>\n<meta name=\"twitter:card\" content=\"summary_large_image\" \/>\n<meta name=\"twitter:label1\" content=\"Dur\u00e9e de lecture estim\u00e9e\" \/>\n\t<meta name=\"twitter:data1\" content=\"1 minute\" \/>\n<script type=\"application\/ld+json\" class=\"yoast-schema-graph\">{\"@context\":\"https:\\\/\\\/schema.org\",\"@graph\":[{\"@type\":\"WebPage\",\"@id\":\"https:\\\/\\\/www.franceavelo.com\\\/fr\\\/nous-contacter\\\/\",\"url\":\"https:\\\/\\\/www.franceavelo.com\\\/fr\\\/nous-contacter\\\/\",\"name\":\"\u00c0 la recherche d'une exp\u00e9rience de voyage sur mesure ? | France \u00e0 v\u00e9lo\",\"isPartOf\":{\"@id\":\"https:\\\/\\\/www.franceavelo.com\\\/fr\\\/#website\"},\"datePublished\":\"2018-02-21T11:26:27+00:00\",\"dateModified\":\"2024-05-07T15:01:28+00:00\",\"description\":\"Si vous avez des questions n'h\u00e9sitez pas \u00e0 nous contacter. Par mail : info@franceavelo.com Par t\u00e9l\u00e9phone : +33 3 86 42 35 96\",\"breadcrumb\":{\"@id\":\"https:\\\/\\\/www.franceavelo.com\\\/fr\\\/nous-contacter\\\/#breadcrumb\"},\"inLanguage\":\"fr-FR\",\"potentialAction\":[{\"@type\":\"ReadAction\",\"target\":[\"https:\\\/\\\/www.franceavelo.com\\\/fr\\\/nous-contacter\\\/\"]}]},{\"@type\":\"BreadcrumbList\",\"@id\":\"https:\\\/\\\/www.franceavelo.com\\\/fr\\\/nous-contacter\\\/#breadcrumb\",\"itemListElement\":[{\"@type\":\"ListItem\",\"position\":1,\"name\":\"Home\",\"item\":\"https:\\\/\\\/www.franceavelo.com\\\/fr\\\/\"},{\"@type\":\"ListItem\",\"position\":2,\"name\":\"\u00c0 la recherche d&rsquo;une exp\u00e9rience de voyage sur mesure ?\"}]},{\"@type\":\"WebSite\",\"@id\":\"https:\\\/\\\/www.franceavelo.com\\\/fr\\\/#website\",\"url\":\"https:\\\/\\\/www.franceavelo.com\\\/fr\\\/\",\"name\":\"France \u00e0 v\u00e9lo\",\"description\":\"Un site utilisant WordPress\",\"publisher\":{\"@id\":\"https:\\\/\\\/www.franceavelo.com\\\/fr\\\/#organization\"},\"potentialAction\":[{\"@type\":\"SearchAction\",\"target\":{\"@type\":\"EntryPoint\",\"urlTemplate\":\"https:\\\/\\\/www.franceavelo.com\\\/fr\\\/?s={search_term_string}\"},\"query-input\":{\"@type\":\"PropertyValueSpecification\",\"valueRequired\":true,\"valueName\":\"search_term_string\"}}],\"inLanguage\":\"fr-FR\"},{\"@type\":\"Organization\",\"@id\":\"https:\\\/\\\/www.franceavelo.com\\\/fr\\\/#organization\",\"name\":\"France \u00e0 v\u00e9lo\",\"url\":\"https:\\\/\\\/www.franceavelo.com\\\/fr\\\/\",\"logo\":{\"@type\":\"ImageObject\",\"inLanguage\":\"fr-FR\",\"@id\":\"https:\\\/\\\/www.franceavelo.com\\\/fr\\\/#\\\/schema\\\/logo\\\/image\\\/\",\"url\":\"https:\\\/\\\/www.franceavelo.com\\\/wp-content\\\/uploads\\\/2024\\\/07\\\/favicon-large.png\",\"contentUrl\":\"https:\\\/\\\/www.franceavelo.com\\\/wp-content\\\/uploads\\\/2024\\\/07\\\/favicon-large.png\",\"width\":696,\"height\":696,\"caption\":\"France \u00e0 v\u00e9lo\"},\"image\":{\"@id\":\"https:\\\/\\\/www.franceavelo.com\\\/fr\\\/#\\\/schema\\\/logo\\\/image\\\/\"}}]}<\/script>\n<!-- \/ Yoast SEO plugin. -->","yoast_head_json":{"title":"\u00c0 la recherche d'une exp\u00e9rience de voyage sur mesure ? | France \u00e0 v\u00e9lo","description":"Si vous avez des questions n'h\u00e9sitez pas \u00e0 nous contacter. Par mail : info@franceavelo.com Par t\u00e9l\u00e9phone : +33 3 86 42 35 96","robots":{"index":"index","follow":"follow","max-snippet":"max-snippet:-1","max-image-preview":"max-image-preview:large","max-video-preview":"max-video-preview:-1"},"canonical":"https:\/\/www.franceavelo.com\/fr\/nous-contacter\/","og_locale":"fr_FR","og_type":"article","og_title":"\u00c0 la recherche d'une exp\u00e9rience de voyage sur mesure ? | France \u00e0 v\u00e9lo","og_description":"Si vous avez des questions n'h\u00e9sitez pas \u00e0 nous contacter. Par mail : info@franceavelo.com Par t\u00e9l\u00e9phone : +33 3 86 42 35 96","og_url":"https:\/\/www.franceavelo.com\/fr\/nous-contacter\/","og_site_name":"France \u00e0 v\u00e9lo","article_modified_time":"2024-05-07T15:01:28+00:00","twitter_card":"summary_large_image","twitter_misc":{"Dur\u00e9e de lecture estim\u00e9e":"1 minute"},"schema":{"@context":"https:\/\/schema.org","@graph":[{"@type":"WebPage","@id":"https:\/\/www.franceavelo.com\/fr\/nous-contacter\/","url":"https:\/\/www.franceavelo.com\/fr\/nous-contacter\/","name":"\u00c0 la recherche d'une exp\u00e9rience de voyage sur mesure ? | France \u00e0 v\u00e9lo","isPartOf":{"@id":"https:\/\/www.franceavelo.com\/fr\/#website"},"datePublished":"2018-02-21T11:26:27+00:00","dateModified":"2024-05-07T15:01:28+00:00","description":"Si vous avez des questions n'h\u00e9sitez pas \u00e0 nous contacter. Par mail : info@franceavelo.com Par t\u00e9l\u00e9phone : +33 3 86 42 35 96","breadcrumb":{"@id":"https:\/\/www.franceavelo.com\/fr\/nous-contacter\/#breadcrumb"},"inLanguage":"fr-FR","potentialAction":[{"@type":"ReadAction","target":["https:\/\/www.franceavelo.com\/fr\/nous-contacter\/"]}]},{"@type":"BreadcrumbList","@id":"https:\/\/www.franceavelo.com\/fr\/nous-contacter\/#breadcrumb","itemListElement":[{"@type":"ListItem","position":1,"name":"Home","item":"https:\/\/www.franceavelo.com\/fr\/"},{"@type":"ListItem","position":2,"name":"\u00c0 la recherche d&rsquo;une exp\u00e9rience de voyage sur mesure ?"}]},{"@type":"WebSite","@id":"https:\/\/www.franceavelo.com\/fr\/#website","url":"https:\/\/www.franceavelo.com\/fr\/","name":"France \u00e0 v\u00e9lo","description":"Un site utilisant WordPress","publisher":{"@id":"https:\/\/www.franceavelo.com\/fr\/#organization"},"potentialAction":[{"@type":"SearchAction","target":{"@type":"EntryPoint","urlTemplate":"https:\/\/www.franceavelo.com\/fr\/?s={search_term_string}"},"query-input":{"@type":"PropertyValueSpecification","valueRequired":true,"valueName":"search_term_string"}}],"inLanguage":"fr-FR"},{"@type":"Organization","@id":"https:\/\/www.franceavelo.com\/fr\/#organization","name":"France \u00e0 v\u00e9lo","url":"https:\/\/www.franceavelo.com\/fr\/","logo":{"@type":"ImageObject","inLanguage":"fr-FR","@id":"https:\/\/www.franceavelo.com\/fr\/#\/schema\/logo\/image\/","url":"https:\/\/www.franceavelo.com\/wp-content\/uploads\/2024\/07\/favicon-large.png","contentUrl":"https:\/\/www.franceavelo.com\/wp-content\/uploads\/2024\/07\/favicon-large.png","width":696,"height":696,"caption":"France \u00e0 v\u00e9lo"},"image":{"@id":"https:\/\/www.franceavelo.com\/fr\/#\/schema\/logo\/image\/"}}]}},"_links":{"self":[{"href":"https:\/\/www.franceavelo.com\/fr\/wp-json\/wp\/v2\/pages\/383","targetHints":{"allow":["GET"]}}],"collection":[{"href":"https:\/\/www.franceavelo.com\/fr\/wp-json\/wp\/v2\/pages"}],"about":[{"href":"https:\/\/www.franceavelo.com\/fr\/wp-json\/wp\/v2\/types\/page"}],"author":[{"embeddable":true,"href":"https:\/\/www.franceavelo.com\/fr\/wp-json\/wp\/v2\/users\/1"}],"replies":[{"embeddable":true,"href":"https:\/\/www.franceavelo.com\/fr\/wp-json\/wp\/v2\/comments?post=383"}],"version-history":[{"count":28,"href":"https:\/\/www.franceavelo.com\/fr\/wp-json\/wp\/v2\/pages\/383\/revisions"}],"predecessor-version":[{"id":68994,"href":"https:\/\/www.franceavelo.com\/fr\/wp-json\/wp\/v2\/pages\/383\/revisions\/68994"}],"wp:attachment":[{"href":"https:\/\/www.franceavelo.com\/fr\/wp-json\/wp\/v2\/media?parent=383"}],"curies":[{"name":"wp","href":"https:\/\/api.w.org\/{rel}","templated":true}]}}