{"id":404,"date":"2018-02-21T12:27:52","date_gmt":"2018-02-21T11:27:52","guid":{"rendered":"https:\/\/www.franceavelo.com\/join-us\/"},"modified":"2024-08-08T15:14:00","modified_gmt":"2024-08-08T13:14:00","slug":"nous-rejoindre","status":"publish","type":"page","link":"https:\/\/www.franceavelo.com\/fr\/nous-rejoindre\/","title":{"rendered":"Nous rejoindre"},"content":{"rendered":"","protected":false},"excerpt":{"rendered":"","protected":false},"author":1,"featured_media":0,"parent":0,"menu_order":17,"comment_status":"closed","ping_status":"closed","template":"","meta":{"_acf_changed":false,"footnotes":""},"class_list":["post-404","page","type-page","status-publish","hentry"],"acf":{"banner_generic_page":{"ID":69384,"id":69384,"title":"IMG_E6761","filename":"IMG_E6761-scaled-e1720187527568.jpg","filesize":1041654,"url":"https:\/\/www.franceavelo.com\/wp-content\/uploads\/2024\/07\/IMG_E6761-scaled-e1720187527568.jpg","link":"https:\/\/www.franceavelo.com\/fr\/nous-rejoindre\/img_e6761\/","alt":"","author":"12","description":"","caption":"","name":"img_e6761","status":"inherit","uploaded_to":404,"date":"2024-07-05 13:51:10","modified":"2024-07-05 13:51:10","menu_order":0,"mime_type":"image\/jpeg","type":"image","subtype":"jpeg","icon":"https:\/\/www.franceavelo.com\/wp-includes\/images\/media\/default.png","width":2560,"height":1629,"sizes":{"thumbnail":"https:\/\/www.franceavelo.com\/wp-content\/uploads\/2024\/07\/IMG_E6761-scaled-e1720187527568-150x150.jpg","thumbnail-width":150,"thumbnail-height":150,"medium":"https:\/\/www.franceavelo.com\/wp-content\/uploads\/2024\/07\/IMG_E6761-scaled-e1720187527568-300x191.jpg","medium-width":300,"medium-height":191,"medium_large":"https:\/\/www.franceavelo.com\/wp-content\/uploads\/2024\/07\/IMG_E6761-scaled-e1720187527568-768x489.jpg","medium_large-width":768,"medium_large-height":489,"large":"https:\/\/www.franceavelo.com\/wp-content\/uploads\/2024\/07\/IMG_E6761-scaled-e1720187527568-1024x652.jpg","large-width":1024,"large-height":652,"1536x1536":"https:\/\/www.franceavelo.com\/wp-content\/uploads\/2024\/07\/IMG_E6761-scaled-e1720187527568-1536x977.jpg","1536x1536-width":1536,"1536x1536-height":977,"2048x2048":"https:\/\/www.franceavelo.com\/wp-content\/uploads\/2024\/07\/IMG_E6761-scaled-e1720187527568-2048x1303.jpg","2048x2048-width":2048,"2048x2048-height":1303,"product_option_intro":"https:\/\/www.franceavelo.com\/wp-content\/uploads\/2024\/07\/IMG_E6761-scaled-e1720187527568-300x220.jpg","product_option_intro-width":300,"product_option_intro-height":220,"postlist_thumbnail":"https:\/\/www.franceavelo.com\/wp-content\/uploads\/2024\/07\/IMG_E6761-scaled-e1720187527568-200x200.jpg","postlist_thumbnail-width":200,"postlist_thumbnail-height":200,"content_full_desktop":"https:\/\/www.franceavelo.com\/wp-content\/uploads\/2024\/07\/IMG_E6761-scaled-e1720187527568-970x617.jpg","content_full_desktop-width":970,"content_full_desktop-height":617,"content_full_desktop_retina":"https:\/\/www.franceavelo.com\/wp-content\/uploads\/2024\/07\/IMG_E6761-scaled-e1720187527568-1940x1234.jpg","content_full_desktop_retina-width":1940,"content_full_desktop_retina-height":1234,"content_half_desktop":"https:\/\/www.franceavelo.com\/wp-content\/uploads\/2024\/07\/IMG_E6761-scaled-e1720187527568-485x309.jpg","content_half_desktop-width":485,"content_half_desktop-height":309,"content_full_tablet":"https:\/\/www.franceavelo.com\/wp-content\/uploads\/2024\/07\/IMG_E6761-scaled-e1720187527568-750x477.jpg","content_full_tablet-width":750,"content_full_tablet-height":477,"content_full_tablet_retina":"https:\/\/www.franceavelo.com\/wp-content\/uploads\/2024\/07\/IMG_E6761-scaled-e1720187527568-1500x954.jpg","content_full_tablet_retina-width":1500,"content_full_tablet_retina-height":954,"content_half_tablet":"https:\/\/www.franceavelo.com\/wp-content\/uploads\/2024\/07\/IMG_E6761-scaled-e1720187527568-375x239.jpg","content_half_tablet-width":375,"content_half_tablet-height":239,"content_full_mobile":"https:\/\/www.franceavelo.com\/wp-content\/uploads\/2024\/07\/IMG_E6761-scaled-e1720187527568-500x318.jpg","content_full_mobile-width":500,"content_full_mobile-height":318,"content_full_mobile_retina":"https:\/\/www.franceavelo.com\/wp-content\/uploads\/2024\/07\/IMG_E6761-scaled-e1720187527568-1000x636.jpg","content_full_mobile_retina-width":1000,"content_full_mobile_retina-height":636,"content_full_smallmobile":"https:\/\/www.franceavelo.com\/wp-content\/uploads\/2024\/07\/IMG_E6761-scaled-e1720187527568-380x180.jpg","content_full_smallmobile-width":380,"content_full_smallmobile-height":180,"content_head_mobile":"https:\/\/www.franceavelo.com\/wp-content\/uploads\/2024\/07\/IMG_E6761-scaled-e1720187527568-320x430.jpg","content_head_mobile-width":320,"content_head_mobile-height":430,"content_head_tablet":"https:\/\/www.franceavelo.com\/wp-content\/uploads\/2024\/07\/IMG_E6761-scaled-e1720187527568-540x500.jpg","content_head_tablet-width":540,"content_head_tablet-height":500,"content_highlight_desktop":"https:\/\/www.franceavelo.com\/wp-content\/uploads\/2024\/07\/IMG_E6761-scaled-e1720187527568-350x240.jpg","content_highlight_desktop-width":350,"content_highlight_desktop-height":240,"content_highlight_desktop_retina":"https:\/\/www.franceavelo.com\/wp-content\/uploads\/2024\/07\/IMG_E6761-scaled-e1720187527568-700x480.jpg","content_highlight_desktop_retina-width":700,"content_highlight_desktop_retina-height":480,"content_testimony_mobile":"https:\/\/www.franceavelo.com\/wp-content\/uploads\/2024\/07\/IMG_E6761-scaled-e1720187527568-480x1100.jpg","content_testimony_mobile-width":480,"content_testimony_mobile-height":1100,"content_type_image_desktop":"https:\/\/www.franceavelo.com\/wp-content\/uploads\/2024\/07\/IMG_E6761-scaled-e1720187527568-600x382.jpg","content_type_image_desktop-width":600,"content_type_image_desktop-height":382,"content_type_image_desktop_retina":"https:\/\/www.franceavelo.com\/wp-content\/uploads\/2024\/07\/IMG_E6761-scaled-e1720187527568-1200x764.jpg","content_type_image_desktop_retina-width":1200,"content_type_image_desktop_retina-height":764,"content_type_image_mobile":"https:\/\/www.franceavelo.com\/wp-content\/uploads\/2024\/07\/IMG_E6761-scaled-e1720187527568-450x286.jpg","content_type_image_mobile-width":450,"content_type_image_mobile-height":286,"gform-image-choice-sm":"https:\/\/www.franceavelo.com\/wp-content\/uploads\/2024\/07\/IMG_E6761-scaled-e1720187527568.jpg","gform-image-choice-sm-width":300,"gform-image-choice-sm-height":191,"gform-image-choice-md":"https:\/\/www.franceavelo.com\/wp-content\/uploads\/2024\/07\/IMG_E6761-scaled-e1720187527568.jpg","gform-image-choice-md-width":400,"gform-image-choice-md-height":255,"gform-image-choice-lg":"https:\/\/www.franceavelo.com\/wp-content\/uploads\/2024\/07\/IMG_E6761-scaled-e1720187527568.jpg","gform-image-choice-lg-width":600,"gform-image-choice-lg-height":382}},"footer_title":"","content_block":[{"acf_fc_layout":"content_block_standard","content_block_standard_title":"","content_block_standard_cols":"1","content_block_standard_cols_1":[{"acf_fc_layout":"content_block_standard_cols_1_text","content_block_standard_cols_1_text_wysiwyg":"<p><span style=\"color: #33cccc\"><strong><span style=\"font-size: 24pt\">VOUS SOUHAITEZ REJOINDRE L&rsquo;\u00c9QUIPE ?<\/span><\/strong><\/span><\/p>\n<p>France \u00e0 V\u00e9lo est une agence de voyage sp\u00e9cialis\u00e9e dans les s\u00e9jours \u00e0 v\u00e9lo en France, en Europe et dans le monde. Bas\u00e9e en Bourgogne, et plus pr\u00e9cis\u00e9ment \u00e0 Auxerre, nous organisons une large gamme de voyages et circuits \u00e0 v\u00e9lo organis\u00e9s pour les familles, les amis, les couples, les coll\u00e8gues ou m\u00eame les voyageurs solitaires&#8230;<\/p>\n<p>Notre \u00e9quipe est compos\u00e9e de passionn\u00e9s de v\u00e9lo et de voyages.<\/p>\n<p>Pour faire face \u00e0 un surcro\u00eet d&rsquo;activit\u00e9, nous recherchons de nouveaux talents qui rejoindront l&rsquo;\u00e9quipe pour la saison en Bourgogne mais aussi pour d&rsquo;autres r\u00e9gions de France.<\/p>\n<p><span style=\"font-size: 18pt\"><strong>NOUS RECRUTONS :<\/strong><\/span><\/p>\n<ul>\n<li>Guide tout terrain E-trottinette et agent de location de v\u00e9los \/ E-trottinette.<\/li>\n<li>Assistant(e) commercial(e) et production : vous assisterez nos conseillers en voyages et nos clients dans l&rsquo;organisation des circuits, la production de documents d&rsquo;orientation et d&rsquo;information, et la mise \u00e0 jour de nos sites internet. Des comp\u00e9tences linguistiques en allemand et en anglais sont souhaitables.<\/li>\n<li>M\u00e9canicien : vous serez responsable de la maintenance et de l&rsquo;entretien des v\u00e9los mis \u00e0 la disposition des voyageurs.<\/li>\n<li>Accompagnateur\/guide : Pour nos circuits \u00e0 v\u00e9lo et E-trott tout-terrain, vous accompagnerez les clients lors d&rsquo;une excursion d&rsquo;une journ\u00e9e ou d&rsquo;un voyage \u00e0 v\u00e9lo de plusieurs jours, en les aidant \u00e0 d\u00e9couvrir et \u00e0 raconter l&rsquo;histoire et les l\u00e9gendes de la r\u00e9gion.<\/li>\n<\/ul>\n<p><span style=\"font-size: 18pt\"><strong>STAGE<\/strong><\/span><br \/>\nTout au long de l&rsquo;ann\u00e9e, France \u00e0 v\u00e9lo accueille de jeunes passionn\u00e9s pour se former \u00e0 nos m\u00e9tiers : agent de voyage, accompagnateur, m\u00e9canicien, assistant commercial et de production&#8230;<\/p>\n<p>Stages de 2, 4 et 6 mois<\/p>\n<p><span style=\"color: #33cccc\"><strong><span style=\"font-size: 18pt\">POSEZ VOTRE CANDIDATURE D\u00c8S MAINTENANT !<\/span><\/strong><\/span><br \/>\nVous \u00eates int\u00e9ress\u00e9(e) ? Alors envoyez-nous votre CV et votre lettre de motivation \u00e0 <a href=\"mailto:contact@franceavelo.com\">contact@franceavelo.com<\/a><\/p>\n"}],"content_block_standard_cols_2":false}]},"yoast_head":"<!-- This site is optimized with the Yoast SEO plugin v27.3 - https:\/\/yoast.com\/product\/yoast-seo-wordpress\/ -->\n<title>Nous rejoindre - France \u00e0 V\u00e9lo<\/title>\n<meta name=\"description\" content=\"Suivez-nous sur les r\u00e9seaux sociaux et inscrivez-vous \u00e0 notre newsletter pour ne rien manquer !\" \/>\n<meta name=\"robots\" content=\"index, follow, max-snippet:-1, max-image-preview:large, max-video-preview:-1\" \/>\n<link rel=\"canonical\" href=\"https:\/\/www.franceavelo.com\/fr\/nous-rejoindre\/\" \/>\n<meta property=\"og:locale\" content=\"fr_FR\" \/>\n<meta property=\"og:type\" content=\"article\" \/>\n<meta property=\"og:title\" content=\"Nous rejoindre - France \u00e0 V\u00e9lo\" \/>\n<meta property=\"og:description\" content=\"Suivez-nous sur les r\u00e9seaux sociaux et inscrivez-vous \u00e0 notre newsletter pour ne rien manquer !\" \/>\n<meta property=\"og:url\" content=\"https:\/\/www.franceavelo.com\/fr\/nous-rejoindre\/\" \/>\n<meta property=\"og:site_name\" content=\"France \u00e0 v\u00e9lo\" \/>\n<meta property=\"article:modified_time\" content=\"2024-08-08T13:14:00+00:00\" \/>\n<meta name=\"twitter:card\" content=\"summary_large_image\" \/>\n<meta name=\"twitter:label1\" content=\"Dur\u00e9e de lecture estim\u00e9e\" \/>\n\t<meta name=\"twitter:data1\" content=\"2 minutes\" \/>\n<script type=\"application\/ld+json\" class=\"yoast-schema-graph\">{\"@context\":\"https:\\\/\\\/schema.org\",\"@graph\":[{\"@type\":\"WebPage\",\"@id\":\"https:\\\/\\\/www.franceavelo.com\\\/fr\\\/nous-rejoindre\\\/\",\"url\":\"https:\\\/\\\/www.franceavelo.com\\\/fr\\\/nous-rejoindre\\\/\",\"name\":\"Nous rejoindre - France \u00e0 V\u00e9lo\",\"isPartOf\":{\"@id\":\"https:\\\/\\\/www.franceavelo.com\\\/fr\\\/#website\"},\"datePublished\":\"2018-02-21T11:27:52+00:00\",\"dateModified\":\"2024-08-08T13:14:00+00:00\",\"description\":\"Suivez-nous sur les r\u00e9seaux sociaux et inscrivez-vous \u00e0 notre newsletter pour ne rien manquer !\",\"breadcrumb\":{\"@id\":\"https:\\\/\\\/www.franceavelo.com\\\/fr\\\/nous-rejoindre\\\/#breadcrumb\"},\"inLanguage\":\"fr-FR\",\"potentialAction\":[{\"@type\":\"ReadAction\",\"target\":[\"https:\\\/\\\/www.franceavelo.com\\\/fr\\\/nous-rejoindre\\\/\"]}]},{\"@type\":\"BreadcrumbList\",\"@id\":\"https:\\\/\\\/www.franceavelo.com\\\/fr\\\/nous-rejoindre\\\/#breadcrumb\",\"itemListElement\":[{\"@type\":\"ListItem\",\"position\":1,\"name\":\"Home\",\"item\":\"https:\\\/\\\/www.franceavelo.com\\\/fr\\\/\"},{\"@type\":\"ListItem\",\"position\":2,\"name\":\"Nous rejoindre\"}]},{\"@type\":\"WebSite\",\"@id\":\"https:\\\/\\\/www.franceavelo.com\\\/fr\\\/#website\",\"url\":\"https:\\\/\\\/www.franceavelo.com\\\/fr\\\/\",\"name\":\"France \u00e0 v\u00e9lo\",\"description\":\"Un site utilisant WordPress\",\"publisher\":{\"@id\":\"https:\\\/\\\/www.franceavelo.com\\\/fr\\\/#organization\"},\"potentialAction\":[{\"@type\":\"SearchAction\",\"target\":{\"@type\":\"EntryPoint\",\"urlTemplate\":\"https:\\\/\\\/www.franceavelo.com\\\/fr\\\/?s={search_term_string}\"},\"query-input\":{\"@type\":\"PropertyValueSpecification\",\"valueRequired\":true,\"valueName\":\"search_term_string\"}}],\"inLanguage\":\"fr-FR\"},{\"@type\":\"Organization\",\"@id\":\"https:\\\/\\\/www.franceavelo.com\\\/fr\\\/#organization\",\"name\":\"France \u00e0 v\u00e9lo\",\"url\":\"https:\\\/\\\/www.franceavelo.com\\\/fr\\\/\",\"logo\":{\"@type\":\"ImageObject\",\"inLanguage\":\"fr-FR\",\"@id\":\"https:\\\/\\\/www.franceavelo.com\\\/fr\\\/#\\\/schema\\\/logo\\\/image\\\/\",\"url\":\"https:\\\/\\\/www.franceavelo.com\\\/wp-content\\\/uploads\\\/2024\\\/07\\\/favicon-large.png\",\"contentUrl\":\"https:\\\/\\\/www.franceavelo.com\\\/wp-content\\\/uploads\\\/2024\\\/07\\\/favicon-large.png\",\"width\":696,\"height\":696,\"caption\":\"France \u00e0 v\u00e9lo\"},\"image\":{\"@id\":\"https:\\\/\\\/www.franceavelo.com\\\/fr\\\/#\\\/schema\\\/logo\\\/image\\\/\"}}]}<\/script>\n<!-- \/ Yoast SEO plugin. -->","yoast_head_json":{"title":"Nous rejoindre - France \u00e0 V\u00e9lo","description":"Suivez-nous sur les r\u00e9seaux sociaux et inscrivez-vous \u00e0 notre newsletter pour ne rien manquer !","robots":{"index":"index","follow":"follow","max-snippet":"max-snippet:-1","max-image-preview":"max-image-preview:large","max-video-preview":"max-video-preview:-1"},"canonical":"https:\/\/www.franceavelo.com\/fr\/nous-rejoindre\/","og_locale":"fr_FR","og_type":"article","og_title":"Nous rejoindre - France \u00e0 V\u00e9lo","og_description":"Suivez-nous sur les r\u00e9seaux sociaux et inscrivez-vous \u00e0 notre newsletter pour ne rien manquer !","og_url":"https:\/\/www.franceavelo.com\/fr\/nous-rejoindre\/","og_site_name":"France \u00e0 v\u00e9lo","article_modified_time":"2024-08-08T13:14:00+00:00","twitter_card":"summary_large_image","twitter_misc":{"Dur\u00e9e de lecture estim\u00e9e":"2 minutes"},"schema":{"@context":"https:\/\/schema.org","@graph":[{"@type":"WebPage","@id":"https:\/\/www.franceavelo.com\/fr\/nous-rejoindre\/","url":"https:\/\/www.franceavelo.com\/fr\/nous-rejoindre\/","name":"Nous rejoindre - France \u00e0 V\u00e9lo","isPartOf":{"@id":"https:\/\/www.franceavelo.com\/fr\/#website"},"datePublished":"2018-02-21T11:27:52+00:00","dateModified":"2024-08-08T13:14:00+00:00","description":"Suivez-nous sur les r\u00e9seaux sociaux et inscrivez-vous \u00e0 notre newsletter pour ne rien manquer !","breadcrumb":{"@id":"https:\/\/www.franceavelo.com\/fr\/nous-rejoindre\/#breadcrumb"},"inLanguage":"fr-FR","potentialAction":[{"@type":"ReadAction","target":["https:\/\/www.franceavelo.com\/fr\/nous-rejoindre\/"]}]},{"@type":"BreadcrumbList","@id":"https:\/\/www.franceavelo.com\/fr\/nous-rejoindre\/#breadcrumb","itemListElement":[{"@type":"ListItem","position":1,"name":"Home","item":"https:\/\/www.franceavelo.com\/fr\/"},{"@type":"ListItem","position":2,"name":"Nous rejoindre"}]},{"@type":"WebSite","@id":"https:\/\/www.franceavelo.com\/fr\/#website","url":"https:\/\/www.franceavelo.com\/fr\/","name":"France \u00e0 v\u00e9lo","description":"Un site utilisant WordPress","publisher":{"@id":"https:\/\/www.franceavelo.com\/fr\/#organization"},"potentialAction":[{"@type":"SearchAction","target":{"@type":"EntryPoint","urlTemplate":"https:\/\/www.franceavelo.com\/fr\/?s={search_term_string}"},"query-input":{"@type":"PropertyValueSpecification","valueRequired":true,"valueName":"search_term_string"}}],"inLanguage":"fr-FR"},{"@type":"Organization","@id":"https:\/\/www.franceavelo.com\/fr\/#organization","name":"France \u00e0 v\u00e9lo","url":"https:\/\/www.franceavelo.com\/fr\/","logo":{"@type":"ImageObject","inLanguage":"fr-FR","@id":"https:\/\/www.franceavelo.com\/fr\/#\/schema\/logo\/image\/","url":"https:\/\/www.franceavelo.com\/wp-content\/uploads\/2024\/07\/favicon-large.png","contentUrl":"https:\/\/www.franceavelo.com\/wp-content\/uploads\/2024\/07\/favicon-large.png","width":696,"height":696,"caption":"France \u00e0 v\u00e9lo"},"image":{"@id":"https:\/\/www.franceavelo.com\/fr\/#\/schema\/logo\/image\/"}}]}},"_links":{"self":[{"href":"https:\/\/www.franceavelo.com\/fr\/wp-json\/wp\/v2\/pages\/404","targetHints":{"allow":["GET"]}}],"collection":[{"href":"https:\/\/www.franceavelo.com\/fr\/wp-json\/wp\/v2\/pages"}],"about":[{"href":"https:\/\/www.franceavelo.com\/fr\/wp-json\/wp\/v2\/types\/page"}],"author":[{"embeddable":true,"href":"https:\/\/www.franceavelo.com\/fr\/wp-json\/wp\/v2\/users\/1"}],"replies":[{"embeddable":true,"href":"https:\/\/www.franceavelo.com\/fr\/wp-json\/wp\/v2\/comments?post=404"}],"version-history":[{"count":10,"href":"https:\/\/www.franceavelo.com\/fr\/wp-json\/wp\/v2\/pages\/404\/revisions"}],"predecessor-version":[{"id":69468,"href":"https:\/\/www.franceavelo.com\/fr\/wp-json\/wp\/v2\/pages\/404\/revisions\/69468"}],"wp:attachment":[{"href":"https:\/\/www.franceavelo.com\/fr\/wp-json\/wp\/v2\/media?parent=404"}],"curies":[{"name":"wp","href":"https:\/\/api.w.org\/{rel}","templated":true}]}}