{"id":406,"date":"2018-02-21T12:28:12","date_gmt":"2018-02-21T11:28:12","guid":{"rendered":"https:\/\/www.franceavelo.com\/legal-notice\/"},"modified":"2018-04-18T11:17:19","modified_gmt":"2018-04-18T09:17:19","slug":"mentions-legales","status":"publish","type":"page","link":"https:\/\/www.franceavelo.com\/fr\/mentions-legales\/","title":{"rendered":"Informations l\u00e9gales"},"content":{"rendered":"","protected":false},"excerpt":{"rendered":"","protected":false},"author":1,"featured_media":0,"parent":0,"menu_order":18,"comment_status":"closed","ping_status":"closed","template":"","meta":{"_acf_changed":false,"footnotes":""},"class_list":["post-406","page","type-page","status-publish","hentry"],"acf":{"content_block":[{"acf_fc_layout":"content_block_standard","content_block_standard_title":"","content_block_standard_cols":"1","content_block_standard_cols_1":[{"acf_fc_layout":"content_block_standard_cols_1_text","content_block_standard_cols_1_text_wysiwyg":"<p>&nbsp;<\/p>\n<h3><strong>Informations l\u00e9gales<\/strong><\/h3>\n<p>&nbsp;<\/p>\n<p>Conform\u00e9ment aux dispositions des articles 6-III et 19 de la loi pour la Confiance dans l&rsquo;\u00c9conomie Num\u00e9rique, nous vous informons que :<\/p>\n<p>Le pr\u00e9sent site internet, www.franceavelo.com, (ci-apr\u00e8s d\u00e9sign\u00e9 le \u00ab\u00a0Site\u00a0\u00bb) est \u00e9dit\u00e9 \u00a0par :<\/p>\n<p><strong>FRANCE A VELO S.A.R.L.<\/strong><\/p>\n<p><strong>74 Grande Rue<\/strong><\/p>\n<p><strong>89000 Saint Georges sur Baulche<\/strong><br \/>\n<strong> FRANCE<\/strong><br \/>\nTel : +33 3 86 42 35 96<br \/>\nAu capital de 15.000 \u20ac<br \/>\n<strong>Registre du Commerce et des Soci\u00e9t\u00e9s in Auxerre<\/strong> : 488\u00a0457\u00a0871.<br \/>\n<strong>Num\u00e9ro de TVA intracommunautaire\u00a0<\/strong>: FR70\u00a0488\u00a0857 871<\/p>\n<p><strong>Garantie financi\u00e8re<\/strong>: Groupama N\u00b0 4000714758<\/p>\n<p><strong>RC<\/strong>: MMA<\/p>\n<p><strong>Immatriculation:<\/strong>\u00a0 IM089130001 chez Atout France.<br \/>\nLe directeur de la publication du Site est la Directrice de FRANCE A VELO, Christiane Tr\u00e9gouet.<\/p>\n<p><strong>Le Site est h\u00e9berg\u00e9 par :<\/strong><\/p>\n<p>Concept Image, 48 Rue Paul Langevin, 35000 Rennes<\/p>\n<p>Les marques de FRANCE A VELO ainsi que le logo cit\u00e9 et reproduit sur ce Site est une marque d\u00e9pos\u00e9e.<\/p>\n<p>&nbsp;<\/p>\n<p><strong>\u00a0<\/strong><\/p>\n<h4><strong>Propri\u00e9t\u00e9 intellectuelle<\/strong><\/h4>\n<p>L&rsquo;ensemble de ce Site rel\u00e8ve de la l\u00e9gislation fran\u00e7aise notamment en mati\u00e8re de propri\u00e9t\u00e9 intellectuelle et de donn\u00e9es personnelles ainsi que de la l\u00e9gislation internationale.<\/p>\n<p>Les informations, pictogrammes, iconogrammes, photographies, images, textes, s\u00e9quences vid\u00e9o, anim\u00e9es sonores ou non, et autres \u00e9l\u00e9ments pr\u00e9sents sur le Site sont prot\u00e9g\u00e9s par des droits de propri\u00e9t\u00e9 industrielle et\/ou intellectuelle dont FRANCE A VELO, est soit titulaire, soit autoris\u00e9 \u00e0 les reproduire et les repr\u00e9senter.<\/p>\n<p>A ce titre, toute reproduction, repr\u00e9sentation, adaptation, traduction et\/ou modification, partielle ou int\u00e9grale ou transfert par quelque proc\u00e9d\u00e9 que ce soit, est interdite sans autorisation expresse, pr\u00e9alable et \u00e9crite de FRANCE A VELO. Cet acte constituerait une contrefa\u00e7on au sens des articles L.335-2 et suivants du Code de la Propri\u00e9t\u00e9 intellectuelle.<\/p>\n<p>La copie sur support papier \u00e0 usage priv\u00e9 de ces diff\u00e9rents objets de droits est autoris\u00e9e conform\u00e9ment \u00e0 l\u2019article L122-5 du Code de la Propri\u00e9t\u00e9 intellectuelle.<\/p>\n<p>Pour toute utilisation ou renseignement \u00e0 ce sujet, veuillez nous contacter en vous adressant \u00e0<br \/>\nFRANCE A VELO, Direction des nouvelles technologies,<br \/>\n74 Grande Rue<br \/>\n89000 SAINT GEORGES SUR BAULCHE<br \/>\nou en ligne \u00e0 l&rsquo;adresse suivante : contact.fav@orange.fr<\/p>\n<p>Toute reproduction totale ou partielle de ces marques ou de ces logos effectu\u00e9s \u00e0 partir des \u00e9l\u00e9ments du Site sans l&rsquo;autorisation expresse et pr\u00e9alable de FRANCE A VELO est prohib\u00e9e au sens du Code de la Propri\u00e9t\u00e9 intellectuelle.<\/p>\n<p>FRANCE A VELO ne saurait \u00eatre responsable de l&rsquo;acc\u00e8s par les internautes via les liens hypertextes mis en place dans le cadre du Site en direction d&rsquo;autres ressources pr\u00e9sentes sur le r\u00e9seau.<\/p>\n<p><strong>Informatique et Libert\u00e9s<\/strong><\/p>\n<p>Conform\u00e9ment \u00e0 la loi \u00ab\u00a0Informatique et Libert\u00e9s\u00a0\u00bb du 6 janvier 1978 modifi\u00e9e, vous pouvez exercer un droit d&rsquo;acc\u00e8s, de modification, de rectification et de suppression des donn\u00e9es personnelles qui vous concernent en vous adressant :<\/p>\n<ul>\n<li>Par voie postale \u00e0 FRANCE A VELO, Direction des nouvelles technologies, 74 Grande Rue, 89000Saint Georges sur Baulche<\/li>\n<li>Par courrier \u00e9lectronique \u00e0 l&rsquo;adresse suivante : contact.fav@orange.fr<\/li>\n<\/ul>\n<p><strong>Limitation de responsabilit\u00e9<\/strong><\/p>\n<p>FRANCE A VELO ne saurait \u00eatre tenue pour responsable des erreurs mat\u00e9rielles qui se seraient gliss\u00e9es dans les documents pr\u00e9sents sur le Site, malgr\u00e9 tout le soin apport\u00e9 \u00e0 leur publication.<\/p>\n<p>Les informations fournies sur le Site le sont \u00e0 titre indicatif et ne sauraient dispenser l&rsquo;internaute d&rsquo;une analyse compl\u00e9mentaire et personnalis\u00e9e.<\/p>\n<p>FRANCE A VELO ne saurait non plus \u00eatre tenue pour responsable des informations, propos et opinions \u00e9mises sur les sites vers lesquels elle pointe par des liens hypertexte et dont elle n&rsquo;a pas la ma\u00eetrise \u00e9ditoriale.<br \/>\nLes sites qui font le choix de pointer vers <a href=\"http:\/\/www.franceavelo.com\">www.franceavelo.com<\/a> engagent leur responsabilit\u00e9 d\u00e8s lors qu\u2019ils porteraient atteinte \u00e0 l\u2019image du Site.<br \/>\nFRANCE A VELO ne peut pas plus \u00eatre tenue pour responsable de la transmission d\u00e9fectueuse des donn\u00e9es dues aux divers r\u00e9seaux de l\u2019Internet ou aux incompatibilit\u00e9s dues au navigateur de l\u2019internaute.<\/p>\n<p>Tout litige en relation avec l&rsquo;utilisation du Site est soumis au droit fran\u00e7ais. L&rsquo;internaute reconna\u00eet la comp\u00e9tence exclusive des tribunaux comp\u00e9tents du ressort de la Cour d&rsquo;appel de Paris.<\/p>\n<p>&nbsp;<\/p>\n"},{"acf_fc_layout":"content_block_standard_cols_1_image","content_block_standard_cols_1_image_file":{"ID":17562,"id":17562,"title":"Page 4 bandeau","filename":"Page-4-bandeau.jpg","filesize":2108955,"url":"https:\/\/www.franceavelo.com\/wp-content\/uploads\/2018\/03\/Page-4-bandeau.jpg","link":"https:\/\/www.franceavelo.com\/fr\/mentions-legales\/page-4-bandeau-2\/","alt":"","author":"42","description":"","caption":"","name":"page-4-bandeau-2","status":"inherit","uploaded_to":406,"date":"2018-03-28 19:45:24","modified":"2018-04-01 14:21:04","menu_order":0,"mime_type":"image\/jpeg","type":"image","subtype":"jpeg","icon":"https:\/\/www.franceavelo.com\/wp-includes\/images\/media\/default.png","width":3264,"height":2448,"sizes":{"thumbnail":"https:\/\/www.franceavelo.com\/wp-content\/uploads\/2018\/03\/Page-4-bandeau-150x150.jpg","thumbnail-width":150,"thumbnail-height":150,"medium":"https:\/\/www.franceavelo.com\/wp-content\/uploads\/2018\/03\/Page-4-bandeau-300x225.jpg","medium-width":300,"medium-height":225,"medium_large":"https:\/\/www.franceavelo.com\/wp-content\/uploads\/2018\/03\/Page-4-bandeau-768x576.jpg","medium_large-width":768,"medium_large-height":576,"large":"https:\/\/www.franceavelo.com\/wp-content\/uploads\/2018\/03\/Page-4-bandeau-1024x768.jpg","large-width":1024,"large-height":768,"1536x1536":"https:\/\/www.franceavelo.com\/wp-content\/uploads\/2018\/03\/Page-4-bandeau.jpg","1536x1536-width":1536,"1536x1536-height":1152,"2048x2048":"https:\/\/www.franceavelo.com\/wp-content\/uploads\/2018\/03\/Page-4-bandeau.jpg","2048x2048-width":2048,"2048x2048-height":1536,"product_option_intro":"https:\/\/www.franceavelo.com\/wp-content\/uploads\/2018\/03\/Page-4-bandeau-300x220.jpg","product_option_intro-width":300,"product_option_intro-height":220,"postlist_thumbnail":"https:\/\/www.franceavelo.com\/wp-content\/uploads\/2018\/03\/Page-4-bandeau.jpg","postlist_thumbnail-width":200,"postlist_thumbnail-height":150,"content_full_desktop":"https:\/\/www.franceavelo.com\/wp-content\/uploads\/2018\/03\/Page-4-bandeau-970x728.jpg","content_full_desktop-width":970,"content_full_desktop-height":728,"content_full_desktop_retina":"https:\/\/www.franceavelo.com\/wp-content\/uploads\/2018\/03\/Page-4-bandeau-1940x1455.jpg","content_full_desktop_retina-width":1940,"content_full_desktop_retina-height":1455,"content_half_desktop":"https:\/\/www.franceavelo.com\/wp-content\/uploads\/2018\/03\/Page-4-bandeau-485x364.jpg","content_half_desktop-width":485,"content_half_desktop-height":364,"content_full_tablet":"https:\/\/www.franceavelo.com\/wp-content\/uploads\/2018\/03\/Page-4-bandeau-750x563.jpg","content_full_tablet-width":750,"content_full_tablet-height":563,"content_full_tablet_retina":"https:\/\/www.franceavelo.com\/wp-content\/uploads\/2018\/03\/Page-4-bandeau-1500x1125.jpg","content_full_tablet_retina-width":1500,"content_full_tablet_retina-height":1125,"content_half_tablet":"https:\/\/www.franceavelo.com\/wp-content\/uploads\/2018\/03\/Page-4-bandeau-375x281.jpg","content_half_tablet-width":375,"content_half_tablet-height":281,"content_full_mobile":"https:\/\/www.franceavelo.com\/wp-content\/uploads\/2018\/03\/Page-4-bandeau-500x375.jpg","content_full_mobile-width":500,"content_full_mobile-height":375,"content_full_mobile_retina":"https:\/\/www.franceavelo.com\/wp-content\/uploads\/2018\/03\/Page-4-bandeau-1000x750.jpg","content_full_mobile_retina-width":1000,"content_full_mobile_retina-height":750,"content_full_smallmobile":"https:\/\/www.franceavelo.com\/wp-content\/uploads\/2018\/03\/Page-4-bandeau-380x180.jpg","content_full_smallmobile-width":380,"content_full_smallmobile-height":180,"content_head_mobile":"https:\/\/www.franceavelo.com\/wp-content\/uploads\/2018\/03\/Page-4-bandeau-320x430.jpg","content_head_mobile-width":320,"content_head_mobile-height":430,"content_head_tablet":"https:\/\/www.franceavelo.com\/wp-content\/uploads\/2018\/03\/Page-4-bandeau-540x500.jpg","content_head_tablet-width":540,"content_head_tablet-height":500,"content_highlight_desktop":"https:\/\/www.franceavelo.com\/wp-content\/uploads\/2018\/03\/Page-4-bandeau-350x240.jpg","content_highlight_desktop-width":350,"content_highlight_desktop-height":240,"content_highlight_desktop_retina":"https:\/\/www.franceavelo.com\/wp-content\/uploads\/2018\/03\/Page-4-bandeau-700x480.jpg","content_highlight_desktop_retina-width":700,"content_highlight_desktop_retina-height":480,"content_testimony_mobile":"https:\/\/www.franceavelo.com\/wp-content\/uploads\/2018\/03\/Page-4-bandeau-480x1100.jpg","content_testimony_mobile-width":480,"content_testimony_mobile-height":1100,"content_type_image_desktop":"https:\/\/www.franceavelo.com\/wp-content\/uploads\/2018\/03\/Page-4-bandeau-600x380.jpg","content_type_image_desktop-width":600,"content_type_image_desktop-height":380,"content_type_image_desktop_retina":"https:\/\/www.franceavelo.com\/wp-content\/uploads\/2018\/03\/Page-4-bandeau-1200x760.jpg","content_type_image_desktop_retina-width":1200,"content_type_image_desktop_retina-height":760,"content_type_image_mobile":"https:\/\/www.franceavelo.com\/wp-content\/uploads\/2018\/03\/Page-4-bandeau-450x280.jpg","content_type_image_mobile-width":450,"content_type_image_mobile-height":280,"gform-image-choice-sm":"https:\/\/www.franceavelo.com\/wp-content\/uploads\/2018\/03\/Page-4-bandeau.jpg","gform-image-choice-sm-width":300,"gform-image-choice-sm-height":225,"gform-image-choice-md":"https:\/\/www.franceavelo.com\/wp-content\/uploads\/2018\/03\/Page-4-bandeau.jpg","gform-image-choice-md-width":400,"gform-image-choice-md-height":300,"gform-image-choice-lg":"https:\/\/www.franceavelo.com\/wp-content\/uploads\/2018\/03\/Page-4-bandeau.jpg","gform-image-choice-lg-width":600,"gform-image-choice-lg-height":450}}}],"content_block_standard_cols_2":[{"acf_fc_layout":"content_block_standard_cols_2_image","content_block_standard_cols_2_image_file":false},{"acf_fc_layout":"content_block_standard_cols_2_text","content_block_standard_cols_2_text_wysiwyg":"<h3>Montrachet, Roman\u00e9e-Conti, Clos<\/h3>\n<p>de Vougeot, Corton, Chambertin depuis le 4 juillet 2015, les 1247 Climats du vignoble de Bourgogne (parcelles &#8230;<\/p>\n<p><strong>Les vacances au grand air<\/strong> sont de retour\u2026 actives et authentiques. Des parcours pour d\u00e9couvrir les superbes paysages&#8230;<\/p>\n<p><a href=\"https:\/\/www.franceavelo.com\">Montrachet<\/a>, Roman\u00e9e-Conti, Clos<br \/>\nde Vougeot, Corton, Chambertin depuis le 4 juillet 2015, les 1247 Climats du vignoble de Bourgogne (parcelles &#8230;<\/p>\n<p>Les vacances au grand air<\/p>\n<ul>\n<li>sont de retour\u2026<\/li>\n<li>actives<\/li>\n<li>et authentiques.<\/li>\n<\/ul>\n<p>Des parcours pour d\u00e9couvrir les superbes paysages&#8230;<\/p>\n"}]}],"banner_generic_page":{"ID":7922,"id":7922,"title":"provence-sonnenblumen-france-a-velo","filename":"provence-sonnenblumen-france-a-velo-scaled.jpg","filesize":591698,"url":"https:\/\/www.franceavelo.com\/wp-content\/uploads\/2018\/03\/provence-sonnenblumen-france-a-velo-scaled.jpg","link":"https:\/\/www.franceavelo.com\/fr\/product\/voyage-velo-provence-en-liberte-5-jours-classique\/provence-sonnenblumen-france-a-velo-2\/","alt":"Sonnenblumen in der Provence","author":"42","description":"","caption":"","name":"provence-sonnenblumen-france-a-velo-2","status":"inherit","uploaded_to":15632,"date":"2018-03-22 06:06:12","modified":"2020-01-08 15:33:33","menu_order":0,"mime_type":"image\/jpeg","type":"image","subtype":"jpeg","icon":"https:\/\/www.franceavelo.com\/wp-includes\/images\/media\/default.png","width":3264,"height":2448,"sizes":{"thumbnail":"https:\/\/www.franceavelo.com\/wp-content\/uploads\/2018\/03\/provence-sonnenblumen-france-a-velo-scaled.jpg","thumbnail-width":150,"thumbnail-height":113,"medium":"https:\/\/www.franceavelo.com\/wp-content\/uploads\/2018\/03\/provence-sonnenblumen-france-a-velo-scaled.jpg","medium-width":300,"medium-height":225,"medium_large":"https:\/\/www.franceavelo.com\/wp-content\/uploads\/2018\/03\/provence-sonnenblumen-france-a-velo-scaled.jpg","medium_large-width":768,"medium_large-height":576,"large":"https:\/\/www.franceavelo.com\/wp-content\/uploads\/2018\/03\/provence-sonnenblumen-france-a-velo-scaled.jpg","large-width":1024,"large-height":768,"1536x1536":"https:\/\/www.franceavelo.com\/wp-content\/uploads\/2018\/03\/provence-sonnenblumen-france-a-velo-scaled.jpg","1536x1536-width":1536,"1536x1536-height":1152,"2048x2048":"https:\/\/www.franceavelo.com\/wp-content\/uploads\/2018\/03\/provence-sonnenblumen-france-a-velo-scaled.jpg","2048x2048-width":2048,"2048x2048-height":1536,"product_option_intro":"https:\/\/www.franceavelo.com\/wp-content\/uploads\/2018\/03\/provence-sonnenblumen-france-a-velo-scaled.jpg","product_option_intro-width":293,"product_option_intro-height":220,"postlist_thumbnail":"https:\/\/www.franceavelo.com\/wp-content\/uploads\/2018\/03\/provence-sonnenblumen-france-a-velo-scaled.jpg","postlist_thumbnail-width":200,"postlist_thumbnail-height":150,"content_full_desktop":"https:\/\/www.franceavelo.com\/wp-content\/uploads\/2018\/03\/provence-sonnenblumen-france-a-velo-scaled.jpg","content_full_desktop-width":970,"content_full_desktop-height":728,"content_full_desktop_retina":"https:\/\/www.franceavelo.com\/wp-content\/uploads\/2018\/03\/provence-sonnenblumen-france-a-velo-scaled.jpg","content_full_desktop_retina-width":1940,"content_full_desktop_retina-height":1455,"content_half_desktop":"https:\/\/www.franceavelo.com\/wp-content\/uploads\/2018\/03\/provence-sonnenblumen-france-a-velo-scaled.jpg","content_half_desktop-width":485,"content_half_desktop-height":364,"content_full_tablet":"https:\/\/www.franceavelo.com\/wp-content\/uploads\/2018\/03\/provence-sonnenblumen-france-a-velo-scaled.jpg","content_full_tablet-width":750,"content_full_tablet-height":563,"content_full_tablet_retina":"https:\/\/www.franceavelo.com\/wp-content\/uploads\/2018\/03\/provence-sonnenblumen-france-a-velo-scaled.jpg","content_full_tablet_retina-width":1500,"content_full_tablet_retina-height":1125,"content_half_tablet":"https:\/\/www.franceavelo.com\/wp-content\/uploads\/2018\/03\/provence-sonnenblumen-france-a-velo-scaled.jpg","content_half_tablet-width":375,"content_half_tablet-height":281,"content_full_mobile":"https:\/\/www.franceavelo.com\/wp-content\/uploads\/2018\/03\/provence-sonnenblumen-france-a-velo-scaled.jpg","content_full_mobile-width":500,"content_full_mobile-height":375,"content_full_mobile_retina":"https:\/\/www.franceavelo.com\/wp-content\/uploads\/2018\/03\/provence-sonnenblumen-france-a-velo-scaled.jpg","content_full_mobile_retina-width":1000,"content_full_mobile_retina-height":750,"content_full_smallmobile":"https:\/\/www.franceavelo.com\/wp-content\/uploads\/2018\/03\/provence-sonnenblumen-france-a-velo-scaled.jpg","content_full_smallmobile-width":240,"content_full_smallmobile-height":180,"content_head_mobile":"https:\/\/www.franceavelo.com\/wp-content\/uploads\/2018\/03\/provence-sonnenblumen-france-a-velo-scaled.jpg","content_head_mobile-width":320,"content_head_mobile-height":240,"content_head_tablet":"https:\/\/www.franceavelo.com\/wp-content\/uploads\/2018\/03\/provence-sonnenblumen-france-a-velo-scaled.jpg","content_head_tablet-width":540,"content_head_tablet-height":405,"content_highlight_desktop":"https:\/\/www.franceavelo.com\/wp-content\/uploads\/2018\/03\/provence-sonnenblumen-france-a-velo-scaled.jpg","content_highlight_desktop-width":320,"content_highlight_desktop-height":240,"content_highlight_desktop_retina":"https:\/\/www.franceavelo.com\/wp-content\/uploads\/2018\/03\/provence-sonnenblumen-france-a-velo-scaled.jpg","content_highlight_desktop_retina-width":640,"content_highlight_desktop_retina-height":480,"content_testimony_mobile":"https:\/\/www.franceavelo.com\/wp-content\/uploads\/2018\/03\/provence-sonnenblumen-france-a-velo-scaled.jpg","content_testimony_mobile-width":480,"content_testimony_mobile-height":360,"content_type_image_desktop":"https:\/\/www.franceavelo.com\/wp-content\/uploads\/2018\/03\/provence-sonnenblumen-france-a-velo-600x450.jpg","content_type_image_desktop-width":600,"content_type_image_desktop-height":450,"content_type_image_desktop_retina":"https:\/\/www.franceavelo.com\/wp-content\/uploads\/2018\/03\/provence-sonnenblumen-france-a-velo-1200x900.jpg","content_type_image_desktop_retina-width":1200,"content_type_image_desktop_retina-height":900,"content_type_image_mobile":"https:\/\/www.franceavelo.com\/wp-content\/uploads\/2018\/03\/provence-sonnenblumen-france-a-velo-450x338.jpg","content_type_image_mobile-width":450,"content_type_image_mobile-height":338,"gform-image-choice-sm":"https:\/\/www.franceavelo.com\/wp-content\/uploads\/2018\/03\/provence-sonnenblumen-france-a-velo-scaled.jpg","gform-image-choice-sm-width":300,"gform-image-choice-sm-height":225,"gform-image-choice-md":"https:\/\/www.franceavelo.com\/wp-content\/uploads\/2018\/03\/provence-sonnenblumen-france-a-velo-scaled.jpg","gform-image-choice-md-width":400,"gform-image-choice-md-height":300,"gform-image-choice-lg":"https:\/\/www.franceavelo.com\/wp-content\/uploads\/2018\/03\/provence-sonnenblumen-france-a-velo-scaled.jpg","gform-image-choice-lg-width":600,"gform-image-choice-lg-height":450}}},"yoast_head":"<!-- This site is optimized with the Yoast SEO plugin v27.4 - https:\/\/yoast.com\/product\/yoast-seo-wordpress\/ -->\n<title>Informations l\u00e9gales | France \u00e0 v\u00e9lo<\/title>\n<meta name=\"robots\" content=\"index, follow, max-snippet:-1, max-image-preview:large, max-video-preview:-1\" \/>\n<link rel=\"canonical\" href=\"https:\/\/www.franceavelo.com\/fr\/mentions-legales\/\" \/>\n<meta property=\"og:locale\" content=\"fr_FR\" \/>\n<meta property=\"og:type\" content=\"article\" \/>\n<meta property=\"og:title\" content=\"Informations l\u00e9gales | France \u00e0 v\u00e9lo\" \/>\n<meta property=\"og:url\" content=\"https:\/\/www.franceavelo.com\/fr\/mentions-legales\/\" \/>\n<meta property=\"og:site_name\" content=\"France \u00e0 v\u00e9lo\" \/>\n<meta property=\"article:modified_time\" content=\"2018-04-18T09:17:19+00:00\" \/>\n<meta name=\"twitter:card\" content=\"summary_large_image\" \/>\n<script type=\"application\/ld+json\" class=\"yoast-schema-graph\">{\"@context\":\"https:\\\/\\\/schema.org\",\"@graph\":[{\"@type\":\"WebPage\",\"@id\":\"https:\\\/\\\/www.franceavelo.com\\\/fr\\\/mentions-legales\\\/\",\"url\":\"https:\\\/\\\/www.franceavelo.com\\\/fr\\\/mentions-legales\\\/\",\"name\":\"Informations l\u00e9gales | France \u00e0 v\u00e9lo\",\"isPartOf\":{\"@id\":\"https:\\\/\\\/www.franceavelo.com\\\/fr\\\/#website\"},\"datePublished\":\"2018-02-21T11:28:12+00:00\",\"dateModified\":\"2018-04-18T09:17:19+00:00\",\"breadcrumb\":{\"@id\":\"https:\\\/\\\/www.franceavelo.com\\\/fr\\\/mentions-legales\\\/#breadcrumb\"},\"inLanguage\":\"fr-FR\",\"potentialAction\":[{\"@type\":\"ReadAction\",\"target\":[\"https:\\\/\\\/www.franceavelo.com\\\/fr\\\/mentions-legales\\\/\"]}]},{\"@type\":\"BreadcrumbList\",\"@id\":\"https:\\\/\\\/www.franceavelo.com\\\/fr\\\/mentions-legales\\\/#breadcrumb\",\"itemListElement\":[{\"@type\":\"ListItem\",\"position\":1,\"name\":\"Home\",\"item\":\"https:\\\/\\\/www.franceavelo.com\\\/fr\\\/\"},{\"@type\":\"ListItem\",\"position\":2,\"name\":\"Informations l\u00e9gales\"}]},{\"@type\":\"WebSite\",\"@id\":\"https:\\\/\\\/www.franceavelo.com\\\/fr\\\/#website\",\"url\":\"https:\\\/\\\/www.franceavelo.com\\\/fr\\\/\",\"name\":\"France \u00e0 v\u00e9lo\",\"description\":\"Un site utilisant WordPress\",\"publisher\":{\"@id\":\"https:\\\/\\\/www.franceavelo.com\\\/fr\\\/#organization\"},\"potentialAction\":[{\"@type\":\"SearchAction\",\"target\":{\"@type\":\"EntryPoint\",\"urlTemplate\":\"https:\\\/\\\/www.franceavelo.com\\\/fr\\\/?s={search_term_string}\"},\"query-input\":{\"@type\":\"PropertyValueSpecification\",\"valueRequired\":true,\"valueName\":\"search_term_string\"}}],\"inLanguage\":\"fr-FR\"},{\"@type\":\"Organization\",\"@id\":\"https:\\\/\\\/www.franceavelo.com\\\/fr\\\/#organization\",\"name\":\"France \u00e0 v\u00e9lo\",\"url\":\"https:\\\/\\\/www.franceavelo.com\\\/fr\\\/\",\"logo\":{\"@type\":\"ImageObject\",\"inLanguage\":\"fr-FR\",\"@id\":\"https:\\\/\\\/www.franceavelo.com\\\/fr\\\/#\\\/schema\\\/logo\\\/image\\\/\",\"url\":\"https:\\\/\\\/www.franceavelo.com\\\/wp-content\\\/uploads\\\/2024\\\/07\\\/favicon-large.png\",\"contentUrl\":\"https:\\\/\\\/www.franceavelo.com\\\/wp-content\\\/uploads\\\/2024\\\/07\\\/favicon-large.png\",\"width\":696,\"height\":696,\"caption\":\"France \u00e0 v\u00e9lo\"},\"image\":{\"@id\":\"https:\\\/\\\/www.franceavelo.com\\\/fr\\\/#\\\/schema\\\/logo\\\/image\\\/\"}}]}<\/script>\n<!-- \/ Yoast SEO plugin. -->","yoast_head_json":{"title":"Informations l\u00e9gales | France \u00e0 v\u00e9lo","robots":{"index":"index","follow":"follow","max-snippet":"max-snippet:-1","max-image-preview":"max-image-preview:large","max-video-preview":"max-video-preview:-1"},"canonical":"https:\/\/www.franceavelo.com\/fr\/mentions-legales\/","og_locale":"fr_FR","og_type":"article","og_title":"Informations l\u00e9gales | France \u00e0 v\u00e9lo","og_url":"https:\/\/www.franceavelo.com\/fr\/mentions-legales\/","og_site_name":"France \u00e0 v\u00e9lo","article_modified_time":"2018-04-18T09:17:19+00:00","twitter_card":"summary_large_image","schema":{"@context":"https:\/\/schema.org","@graph":[{"@type":"WebPage","@id":"https:\/\/www.franceavelo.com\/fr\/mentions-legales\/","url":"https:\/\/www.franceavelo.com\/fr\/mentions-legales\/","name":"Informations l\u00e9gales | France \u00e0 v\u00e9lo","isPartOf":{"@id":"https:\/\/www.franceavelo.com\/fr\/#website"},"datePublished":"2018-02-21T11:28:12+00:00","dateModified":"2018-04-18T09:17:19+00:00","breadcrumb":{"@id":"https:\/\/www.franceavelo.com\/fr\/mentions-legales\/#breadcrumb"},"inLanguage":"fr-FR","potentialAction":[{"@type":"ReadAction","target":["https:\/\/www.franceavelo.com\/fr\/mentions-legales\/"]}]},{"@type":"BreadcrumbList","@id":"https:\/\/www.franceavelo.com\/fr\/mentions-legales\/#breadcrumb","itemListElement":[{"@type":"ListItem","position":1,"name":"Home","item":"https:\/\/www.franceavelo.com\/fr\/"},{"@type":"ListItem","position":2,"name":"Informations l\u00e9gales"}]},{"@type":"WebSite","@id":"https:\/\/www.franceavelo.com\/fr\/#website","url":"https:\/\/www.franceavelo.com\/fr\/","name":"France \u00e0 v\u00e9lo","description":"Un site utilisant WordPress","publisher":{"@id":"https:\/\/www.franceavelo.com\/fr\/#organization"},"potentialAction":[{"@type":"SearchAction","target":{"@type":"EntryPoint","urlTemplate":"https:\/\/www.franceavelo.com\/fr\/?s={search_term_string}"},"query-input":{"@type":"PropertyValueSpecification","valueRequired":true,"valueName":"search_term_string"}}],"inLanguage":"fr-FR"},{"@type":"Organization","@id":"https:\/\/www.franceavelo.com\/fr\/#organization","name":"France \u00e0 v\u00e9lo","url":"https:\/\/www.franceavelo.com\/fr\/","logo":{"@type":"ImageObject","inLanguage":"fr-FR","@id":"https:\/\/www.franceavelo.com\/fr\/#\/schema\/logo\/image\/","url":"https:\/\/www.franceavelo.com\/wp-content\/uploads\/2024\/07\/favicon-large.png","contentUrl":"https:\/\/www.franceavelo.com\/wp-content\/uploads\/2024\/07\/favicon-large.png","width":696,"height":696,"caption":"France \u00e0 v\u00e9lo"},"image":{"@id":"https:\/\/www.franceavelo.com\/fr\/#\/schema\/logo\/image\/"}}]}},"_links":{"self":[{"href":"https:\/\/www.franceavelo.com\/fr\/wp-json\/wp\/v2\/pages\/406","targetHints":{"allow":["GET"]}}],"collection":[{"href":"https:\/\/www.franceavelo.com\/fr\/wp-json\/wp\/v2\/pages"}],"about":[{"href":"https:\/\/www.franceavelo.com\/fr\/wp-json\/wp\/v2\/types\/page"}],"author":[{"embeddable":true,"href":"https:\/\/www.franceavelo.com\/fr\/wp-json\/wp\/v2\/users\/1"}],"replies":[{"embeddable":true,"href":"https:\/\/www.franceavelo.com\/fr\/wp-json\/wp\/v2\/comments?post=406"}],"version-history":[{"count":10,"href":"https:\/\/www.franceavelo.com\/fr\/wp-json\/wp\/v2\/pages\/406\/revisions"}],"predecessor-version":[{"id":24062,"href":"https:\/\/www.franceavelo.com\/fr\/wp-json\/wp\/v2\/pages\/406\/revisions\/24062"}],"wp:attachment":[{"href":"https:\/\/www.franceavelo.com\/fr\/wp-json\/wp\/v2\/media?parent=406"}],"curies":[{"name":"wp","href":"https:\/\/api.w.org\/{rel}","templated":true}]}}