{"id":408,"date":"2018-02-21T12:28:27","date_gmt":"2018-02-21T11:28:27","guid":{"rendered":"https:\/\/www.franceavelo.com\/sitemap\/"},"modified":"2018-03-01T17:00:39","modified_gmt":"2018-03-01T16:00:39","slug":"plan-du-site","status":"publish","type":"page","link":"https:\/\/www.franceavelo.com\/fr\/plan-du-site\/","title":{"rendered":"Plan du site"},"content":{"rendered":"","protected":false},"excerpt":{"rendered":"","protected":false},"author":1,"featured_media":0,"parent":0,"menu_order":19,"comment_status":"closed","ping_status":"closed","template":"","meta":{"_acf_changed":false,"footnotes":""},"class_list":["post-408","page","type-page","status-publish","hentry"],"acf":{"content_block":[{"acf_fc_layout":"content_block_standard","content_block_standard_title":"","content_block_standard_cols":"1","content_block_standard_cols_1":[{"acf_fc_layout":"content_block_standard_cols_1_text","content_block_standard_cols_1_text_wysiwyg":"<div class=\"wsp-container\"><h2 class=\"wsp-pages-title\">Pages<\/h2>\n<ul class=\"wsp-pages-list\">\n<li class=\"page_item page-item-21452\"><a href=\"https:\/\/www.franceavelo.com\/fr\/product-option\/\">Options du produit<\/a><\/li>\n<li class=\"page_item page-item-21522\"><a href=\"https:\/\/www.franceavelo.com\/fr\/cart\/\">Panier<\/a><\/li>\n<li class=\"page_item page-item-21562\"><a href=\"https:\/\/www.franceavelo.com\/fr\/my-account\/\">Mon compte<\/a><\/li>\n<li class=\"page_item page-item-21602\"><a href=\"https:\/\/www.franceavelo.com\/fr\/checkout\/\">Check-out<\/a><\/li>\n<li class=\"page_item page-item-21702\"><a href=\"https:\/\/www.franceavelo.com\/fr\/reset-password\/\">R\u00e9initialiser le mot de passe<\/a><\/li>\n<li class=\"page_item page-item-21892\"><a href=\"https:\/\/www.franceavelo.com\/fr\/register\/\">S&rsquo;inscrire<\/a><\/li>\n<li class=\"page_item page-item-21952\"><a href=\"https:\/\/www.franceavelo.com\/fr\/login\/\">Se connecter<\/a><\/li>\n<li class=\"page_item page-item-32522\"><a href=\"https:\/\/www.franceavelo.com\/fr\/calendrier-voyages-guides-2021-2\/\">Calendrier voyages guid\u00e9s 2024<\/a><\/li>\n<li class=\"page_item page-item-64716\"><a href=\"https:\/\/www.franceavelo.com\/fr\/calendrier-voyages-guides-2026-2\/\">Calendrier voyages guid\u00e9s 2026<\/a><\/li>\n<li class=\"page_item page-item-376\"><a href=\"https:\/\/www.franceavelo.com\/fr\/\">Accueil<\/a><\/li>\n<li class=\"page_item page-item-396 current_page_parent\"><a href=\"https:\/\/www.franceavelo.com\/fr\/blog\/\">Blog<\/a><\/li>\n<li class=\"page_item page-item-398\"><a href=\"https:\/\/www.franceavelo.com\/fr\/cgv\/\">CGV<\/a><\/li>\n<li class=\"page_item page-item-383\"><a href=\"https:\/\/www.franceavelo.com\/fr\/nous-contacter\/\">\u00c0 la recherche d&rsquo;une exp\u00e9rience de voyage sur mesure ?<\/a><\/li>\n<li class=\"page_item page-item-400\"><a href=\"https:\/\/www.franceavelo.com\/fr\/nos-hotels\/\">Nos h\u00f4tels<\/a><\/li>\n<li class=\"page_item page-item-402\"><a href=\"https:\/\/www.franceavelo.com\/fr\/nos-velos-de-location\/\">Nos v\u00e9los de location<\/a><\/li>\n<li class=\"page_item page-item-404\"><a href=\"https:\/\/www.franceavelo.com\/fr\/nous-rejoindre\/\">Nous rejoindre<\/a><\/li>\n<li class=\"page_item page-item-406\"><a href=\"https:\/\/www.franceavelo.com\/fr\/mentions-legales\/\">Informations l\u00e9gales<\/a><\/li>\n<li class=\"page_item page-item-408\"><a href=\"https:\/\/www.franceavelo.com\/fr\/plan-du-site\/\">Plan du site<\/a><\/li>\n<li class=\"page_item page-item-410\"><a href=\"https:\/\/www.franceavelo.com\/fr\/faq\/\">FAQ<\/a><\/li>\n<li class=\"page_item page-item-412\"><a href=\"https:\/\/www.franceavelo.com\/fr\/destination-monde\/\">D\u00e9couvrez votre prochaine destination<\/a><\/li>\n<li class=\"page_item page-item-29482\"><a href=\"https:\/\/www.franceavelo.com\/fr\/equipe-france-a-velo\/\">L\u2019\u00e9quipe de France \u00e0 V\u00e9lo<\/a><\/li>\n<li class=\"page_item page-item-58513\"><a href=\"https:\/\/www.franceavelo.com\/fr\/unsere-partner\/\">Nos partenaires<\/a><\/li>\n<\/ul>\n<\/div>\n"}],"content_block_standard_cols_2":false}],"banner_generic_page":false},"yoast_head":"<!-- This site is optimized with the Yoast SEO plugin v27.3 - https:\/\/yoast.com\/product\/yoast-seo-wordpress\/ -->\n<title>Plan du site | France \u00e0 v\u00e9lo<\/title>\n<meta name=\"robots\" content=\"index, follow, max-snippet:-1, max-image-preview:large, max-video-preview:-1\" \/>\n<link rel=\"canonical\" href=\"https:\/\/www.franceavelo.com\/fr\/plan-du-site\/\" \/>\n<meta property=\"og:locale\" content=\"fr_FR\" \/>\n<meta property=\"og:type\" content=\"article\" \/>\n<meta property=\"og:title\" content=\"Plan du site | France \u00e0 v\u00e9lo\" \/>\n<meta property=\"og:url\" content=\"https:\/\/www.franceavelo.com\/fr\/plan-du-site\/\" \/>\n<meta property=\"og:site_name\" content=\"France \u00e0 v\u00e9lo\" \/>\n<meta property=\"article:modified_time\" content=\"2018-03-01T16:00:39+00:00\" \/>\n<meta name=\"twitter:card\" content=\"summary_large_image\" \/>\n<script type=\"application\/ld+json\" class=\"yoast-schema-graph\">{\"@context\":\"https:\\\/\\\/schema.org\",\"@graph\":[{\"@type\":\"WebPage\",\"@id\":\"https:\\\/\\\/www.franceavelo.com\\\/fr\\\/plan-du-site\\\/\",\"url\":\"https:\\\/\\\/www.franceavelo.com\\\/fr\\\/plan-du-site\\\/\",\"name\":\"Plan du site | France \u00e0 v\u00e9lo\",\"isPartOf\":{\"@id\":\"https:\\\/\\\/www.franceavelo.com\\\/fr\\\/#website\"},\"datePublished\":\"2018-02-21T11:28:27+00:00\",\"dateModified\":\"2018-03-01T16:00:39+00:00\",\"breadcrumb\":{\"@id\":\"https:\\\/\\\/www.franceavelo.com\\\/fr\\\/plan-du-site\\\/#breadcrumb\"},\"inLanguage\":\"fr-FR\",\"potentialAction\":[{\"@type\":\"ReadAction\",\"target\":[\"https:\\\/\\\/www.franceavelo.com\\\/fr\\\/plan-du-site\\\/\"]}]},{\"@type\":\"BreadcrumbList\",\"@id\":\"https:\\\/\\\/www.franceavelo.com\\\/fr\\\/plan-du-site\\\/#breadcrumb\",\"itemListElement\":[{\"@type\":\"ListItem\",\"position\":1,\"name\":\"Home\",\"item\":\"https:\\\/\\\/www.franceavelo.com\\\/fr\\\/\"},{\"@type\":\"ListItem\",\"position\":2,\"name\":\"Plan du site\"}]},{\"@type\":\"WebSite\",\"@id\":\"https:\\\/\\\/www.franceavelo.com\\\/fr\\\/#website\",\"url\":\"https:\\\/\\\/www.franceavelo.com\\\/fr\\\/\",\"name\":\"France \u00e0 v\u00e9lo\",\"description\":\"Un site utilisant WordPress\",\"publisher\":{\"@id\":\"https:\\\/\\\/www.franceavelo.com\\\/fr\\\/#organization\"},\"potentialAction\":[{\"@type\":\"SearchAction\",\"target\":{\"@type\":\"EntryPoint\",\"urlTemplate\":\"https:\\\/\\\/www.franceavelo.com\\\/fr\\\/?s={search_term_string}\"},\"query-input\":{\"@type\":\"PropertyValueSpecification\",\"valueRequired\":true,\"valueName\":\"search_term_string\"}}],\"inLanguage\":\"fr-FR\"},{\"@type\":\"Organization\",\"@id\":\"https:\\\/\\\/www.franceavelo.com\\\/fr\\\/#organization\",\"name\":\"France \u00e0 v\u00e9lo\",\"url\":\"https:\\\/\\\/www.franceavelo.com\\\/fr\\\/\",\"logo\":{\"@type\":\"ImageObject\",\"inLanguage\":\"fr-FR\",\"@id\":\"https:\\\/\\\/www.franceavelo.com\\\/fr\\\/#\\\/schema\\\/logo\\\/image\\\/\",\"url\":\"https:\\\/\\\/www.franceavelo.com\\\/wp-content\\\/uploads\\\/2024\\\/07\\\/favicon-large.png\",\"contentUrl\":\"https:\\\/\\\/www.franceavelo.com\\\/wp-content\\\/uploads\\\/2024\\\/07\\\/favicon-large.png\",\"width\":696,\"height\":696,\"caption\":\"France \u00e0 v\u00e9lo\"},\"image\":{\"@id\":\"https:\\\/\\\/www.franceavelo.com\\\/fr\\\/#\\\/schema\\\/logo\\\/image\\\/\"}}]}<\/script>\n<!-- \/ Yoast SEO plugin. -->","yoast_head_json":{"title":"Plan du site | France \u00e0 v\u00e9lo","robots":{"index":"index","follow":"follow","max-snippet":"max-snippet:-1","max-image-preview":"max-image-preview:large","max-video-preview":"max-video-preview:-1"},"canonical":"https:\/\/www.franceavelo.com\/fr\/plan-du-site\/","og_locale":"fr_FR","og_type":"article","og_title":"Plan du site | France \u00e0 v\u00e9lo","og_url":"https:\/\/www.franceavelo.com\/fr\/plan-du-site\/","og_site_name":"France \u00e0 v\u00e9lo","article_modified_time":"2018-03-01T16:00:39+00:00","twitter_card":"summary_large_image","schema":{"@context":"https:\/\/schema.org","@graph":[{"@type":"WebPage","@id":"https:\/\/www.franceavelo.com\/fr\/plan-du-site\/","url":"https:\/\/www.franceavelo.com\/fr\/plan-du-site\/","name":"Plan du site | France \u00e0 v\u00e9lo","isPartOf":{"@id":"https:\/\/www.franceavelo.com\/fr\/#website"},"datePublished":"2018-02-21T11:28:27+00:00","dateModified":"2018-03-01T16:00:39+00:00","breadcrumb":{"@id":"https:\/\/www.franceavelo.com\/fr\/plan-du-site\/#breadcrumb"},"inLanguage":"fr-FR","potentialAction":[{"@type":"ReadAction","target":["https:\/\/www.franceavelo.com\/fr\/plan-du-site\/"]}]},{"@type":"BreadcrumbList","@id":"https:\/\/www.franceavelo.com\/fr\/plan-du-site\/#breadcrumb","itemListElement":[{"@type":"ListItem","position":1,"name":"Home","item":"https:\/\/www.franceavelo.com\/fr\/"},{"@type":"ListItem","position":2,"name":"Plan du site"}]},{"@type":"WebSite","@id":"https:\/\/www.franceavelo.com\/fr\/#website","url":"https:\/\/www.franceavelo.com\/fr\/","name":"France \u00e0 v\u00e9lo","description":"Un site utilisant WordPress","publisher":{"@id":"https:\/\/www.franceavelo.com\/fr\/#organization"},"potentialAction":[{"@type":"SearchAction","target":{"@type":"EntryPoint","urlTemplate":"https:\/\/www.franceavelo.com\/fr\/?s={search_term_string}"},"query-input":{"@type":"PropertyValueSpecification","valueRequired":true,"valueName":"search_term_string"}}],"inLanguage":"fr-FR"},{"@type":"Organization","@id":"https:\/\/www.franceavelo.com\/fr\/#organization","name":"France \u00e0 v\u00e9lo","url":"https:\/\/www.franceavelo.com\/fr\/","logo":{"@type":"ImageObject","inLanguage":"fr-FR","@id":"https:\/\/www.franceavelo.com\/fr\/#\/schema\/logo\/image\/","url":"https:\/\/www.franceavelo.com\/wp-content\/uploads\/2024\/07\/favicon-large.png","contentUrl":"https:\/\/www.franceavelo.com\/wp-content\/uploads\/2024\/07\/favicon-large.png","width":696,"height":696,"caption":"France \u00e0 v\u00e9lo"},"image":{"@id":"https:\/\/www.franceavelo.com\/fr\/#\/schema\/logo\/image\/"}}]}},"_links":{"self":[{"href":"https:\/\/www.franceavelo.com\/fr\/wp-json\/wp\/v2\/pages\/408","targetHints":{"allow":["GET"]}}],"collection":[{"href":"https:\/\/www.franceavelo.com\/fr\/wp-json\/wp\/v2\/pages"}],"about":[{"href":"https:\/\/www.franceavelo.com\/fr\/wp-json\/wp\/v2\/types\/page"}],"author":[{"embeddable":true,"href":"https:\/\/www.franceavelo.com\/fr\/wp-json\/wp\/v2\/users\/1"}],"replies":[{"embeddable":true,"href":"https:\/\/www.franceavelo.com\/fr\/wp-json\/wp\/v2\/comments?post=408"}],"version-history":[{"count":3,"href":"https:\/\/www.franceavelo.com\/fr\/wp-json\/wp\/v2\/pages\/408\/revisions"}],"predecessor-version":[{"id":510,"href":"https:\/\/www.franceavelo.com\/fr\/wp-json\/wp\/v2\/pages\/408\/revisions\/510"}],"wp:attachment":[{"href":"https:\/\/www.franceavelo.com\/fr\/wp-json\/wp\/v2\/media?parent=408"}],"curies":[{"name":"wp","href":"https:\/\/api.w.org\/{rel}","templated":true}]}}