{"id":412,"date":"2018-02-22T08:40:04","date_gmt":"2018-02-22T07:40:04","guid":{"rendered":"https:\/\/www.franceavelo.com\/destination\/"},"modified":"2025-01-28T16:07:45","modified_gmt":"2025-01-28T15:07:45","slug":"destination-monde","status":"publish","type":"page","link":"https:\/\/www.franceavelo.com\/fr\/destination-monde\/","title":{"rendered":"D\u00e9couvrez votre prochaine destination"},"content":{"rendered":"","protected":false},"excerpt":{"rendered":"","protected":false},"author":1,"featured_media":0,"parent":0,"menu_order":21,"comment_status":"closed","ping_status":"closed","template":"page-destination.php","meta":{"_acf_changed":false,"footnotes":""},"class_list":["post-412","page","type-page","status-publish","hentry"],"acf":{"content_block":false,"bannner_destination":{"ID":58047,"id":58047,"title":"bandeau","filename":"bandeau-2-scaled.jpg","filesize":668202,"url":"https:\/\/www.franceavelo.com\/wp-content\/uploads\/2020\/02\/bandeau-2-scaled.jpg","link":"https:\/\/www.franceavelo.com\/fr\/destination-monde\/bandeau\/","alt":"","author":"12","description":"","caption":"","name":"bandeau","status":"inherit","uploaded_to":412,"date":"2020-02-05 15:53:52","modified":"2020-02-05 15:53:52","menu_order":0,"mime_type":"image\/jpeg","type":"image","subtype":"jpeg","icon":"https:\/\/www.franceavelo.com\/wp-includes\/images\/media\/default.png","width":2560,"height":1346,"sizes":{"thumbnail":"https:\/\/www.franceavelo.com\/wp-content\/uploads\/2020\/02\/bandeau-2-150x150.jpg","thumbnail-width":150,"thumbnail-height":150,"medium":"https:\/\/www.franceavelo.com\/wp-content\/uploads\/2020\/02\/bandeau-2-300x158.jpg","medium-width":300,"medium-height":158,"medium_large":"https:\/\/www.franceavelo.com\/wp-content\/uploads\/2020\/02\/bandeau-2-768x404.jpg","medium_large-width":768,"medium_large-height":404,"large":"https:\/\/www.franceavelo.com\/wp-content\/uploads\/2020\/02\/bandeau-2-1024x538.jpg","large-width":1024,"large-height":538,"1536x1536":"https:\/\/www.franceavelo.com\/wp-content\/uploads\/2020\/02\/bandeau-2-1536x808.jpg","1536x1536-width":1536,"1536x1536-height":808,"2048x2048":"https:\/\/www.franceavelo.com\/wp-content\/uploads\/2020\/02\/bandeau-2-2048x1077.jpg","2048x2048-width":2048,"2048x2048-height":1077,"product_option_intro":"https:\/\/www.franceavelo.com\/wp-content\/uploads\/2020\/02\/bandeau-2-300x220.jpg","product_option_intro-width":300,"product_option_intro-height":220,"postlist_thumbnail":"https:\/\/www.franceavelo.com\/wp-content\/uploads\/2020\/02\/bandeau-2-scaled.jpg","postlist_thumbnail-width":200,"postlist_thumbnail-height":105,"content_full_desktop":"https:\/\/www.franceavelo.com\/wp-content\/uploads\/2020\/02\/bandeau-2-970x510.jpg","content_full_desktop-width":970,"content_full_desktop-height":510,"content_full_desktop_retina":"https:\/\/www.franceavelo.com\/wp-content\/uploads\/2020\/02\/bandeau-2-1940x1020.jpg","content_full_desktop_retina-width":1940,"content_full_desktop_retina-height":1020,"content_half_desktop":"https:\/\/www.franceavelo.com\/wp-content\/uploads\/2020\/02\/bandeau-2-485x255.jpg","content_half_desktop-width":485,"content_half_desktop-height":255,"content_full_tablet":"https:\/\/www.franceavelo.com\/wp-content\/uploads\/2020\/02\/bandeau-2-750x394.jpg","content_full_tablet-width":750,"content_full_tablet-height":394,"content_full_tablet_retina":"https:\/\/www.franceavelo.com\/wp-content\/uploads\/2020\/02\/bandeau-2-1500x789.jpg","content_full_tablet_retina-width":1500,"content_full_tablet_retina-height":789,"content_half_tablet":"https:\/\/www.franceavelo.com\/wp-content\/uploads\/2020\/02\/bandeau-2-375x197.jpg","content_half_tablet-width":375,"content_half_tablet-height":197,"content_full_mobile":"https:\/\/www.franceavelo.com\/wp-content\/uploads\/2020\/02\/bandeau-2-500x263.jpg","content_full_mobile-width":500,"content_full_mobile-height":263,"content_full_mobile_retina":"https:\/\/www.franceavelo.com\/wp-content\/uploads\/2020\/02\/bandeau-2-1000x526.jpg","content_full_mobile_retina-width":1000,"content_full_mobile_retina-height":526,"content_full_smallmobile":"https:\/\/www.franceavelo.com\/wp-content\/uploads\/2020\/02\/bandeau-2-380x180.jpg","content_full_smallmobile-width":380,"content_full_smallmobile-height":180,"content_head_mobile":"https:\/\/www.franceavelo.com\/wp-content\/uploads\/2020\/02\/bandeau-2-320x430.jpg","content_head_mobile-width":320,"content_head_mobile-height":430,"content_head_tablet":"https:\/\/www.franceavelo.com\/wp-content\/uploads\/2020\/02\/bandeau-2-540x500.jpg","content_head_tablet-width":540,"content_head_tablet-height":500,"content_highlight_desktop":"https:\/\/www.franceavelo.com\/wp-content\/uploads\/2020\/02\/bandeau-2-350x240.jpg","content_highlight_desktop-width":350,"content_highlight_desktop-height":240,"content_highlight_desktop_retina":"https:\/\/www.franceavelo.com\/wp-content\/uploads\/2020\/02\/bandeau-2-700x480.jpg","content_highlight_desktop_retina-width":700,"content_highlight_desktop_retina-height":480,"content_testimony_mobile":"https:\/\/www.franceavelo.com\/wp-content\/uploads\/2020\/02\/bandeau-2-480x1100.jpg","content_testimony_mobile-width":480,"content_testimony_mobile-height":1100,"content_type_image_desktop":"https:\/\/www.franceavelo.com\/wp-content\/uploads\/2020\/02\/bandeau-2-600x315.jpg","content_type_image_desktop-width":600,"content_type_image_desktop-height":315,"content_type_image_desktop_retina":"https:\/\/www.franceavelo.com\/wp-content\/uploads\/2020\/02\/bandeau-2-1200x631.jpg","content_type_image_desktop_retina-width":1200,"content_type_image_desktop_retina-height":631,"content_type_image_mobile":"https:\/\/www.franceavelo.com\/wp-content\/uploads\/2020\/02\/bandeau-2-450x237.jpg","content_type_image_mobile-width":450,"content_type_image_mobile-height":237,"gform-image-choice-sm":"https:\/\/www.franceavelo.com\/wp-content\/uploads\/2020\/02\/bandeau-2-scaled.jpg","gform-image-choice-sm-width":300,"gform-image-choice-sm-height":158,"gform-image-choice-md":"https:\/\/www.franceavelo.com\/wp-content\/uploads\/2020\/02\/bandeau-2-scaled.jpg","gform-image-choice-md-width":400,"gform-image-choice-md-height":210,"gform-image-choice-lg":"https:\/\/www.franceavelo.com\/wp-content\/uploads\/2020\/02\/bandeau-2-scaled.jpg","gform-image-choice-lg-width":600,"gform-image-choice-lg-height":315}},"banner_generic_page":false,"footer_title":""},"yoast_head":"<!-- This site is optimized with the Yoast SEO plugin v27.3 - https:\/\/yoast.com\/product\/yoast-seo-wordpress\/ -->\n<title>D\u00e9couvrez votre prochaine destination | France \u00e0 v\u00e9lo<\/title>\n<meta name=\"robots\" content=\"index, follow, max-snippet:-1, max-image-preview:large, max-video-preview:-1\" \/>\n<link rel=\"canonical\" href=\"https:\/\/www.franceavelo.com\/fr\/destination-monde\/\" \/>\n<meta property=\"og:locale\" content=\"fr_FR\" \/>\n<meta property=\"og:type\" content=\"article\" \/>\n<meta property=\"og:title\" content=\"D\u00e9couvrez votre prochaine destination | France \u00e0 v\u00e9lo\" \/>\n<meta property=\"og:url\" content=\"https:\/\/www.franceavelo.com\/fr\/destination-monde\/\" \/>\n<meta property=\"og:site_name\" content=\"France \u00e0 v\u00e9lo\" \/>\n<meta property=\"article:modified_time\" content=\"2025-01-28T15:07:45+00:00\" \/>\n<meta name=\"twitter:card\" content=\"summary_large_image\" \/>\n<meta name=\"twitter:label1\" content=\"Dur\u00e9e de lecture estim\u00e9e\" \/>\n\t<meta name=\"twitter:data1\" content=\"1 minute\" \/>\n<script type=\"application\/ld+json\" class=\"yoast-schema-graph\">{\"@context\":\"https:\\\/\\\/schema.org\",\"@graph\":[{\"@type\":\"WebPage\",\"@id\":\"https:\\\/\\\/www.franceavelo.com\\\/fr\\\/destination-monde\\\/\",\"url\":\"https:\\\/\\\/www.franceavelo.com\\\/fr\\\/destination-monde\\\/\",\"name\":\"D\u00e9couvrez votre prochaine destination | France \u00e0 v\u00e9lo\",\"isPartOf\":{\"@id\":\"https:\\\/\\\/www.franceavelo.com\\\/fr\\\/#website\"},\"datePublished\":\"2018-02-22T07:40:04+00:00\",\"dateModified\":\"2025-01-28T15:07:45+00:00\",\"breadcrumb\":{\"@id\":\"https:\\\/\\\/www.franceavelo.com\\\/fr\\\/destination-monde\\\/#breadcrumb\"},\"inLanguage\":\"fr-FR\",\"potentialAction\":[{\"@type\":\"ReadAction\",\"target\":[\"https:\\\/\\\/www.franceavelo.com\\\/fr\\\/destination-monde\\\/\"]}]},{\"@type\":\"BreadcrumbList\",\"@id\":\"https:\\\/\\\/www.franceavelo.com\\\/fr\\\/destination-monde\\\/#breadcrumb\",\"itemListElement\":[{\"@type\":\"ListItem\",\"position\":1,\"name\":\"Home\",\"item\":\"https:\\\/\\\/www.franceavelo.com\\\/fr\\\/\"},{\"@type\":\"ListItem\",\"position\":2,\"name\":\"D\u00e9couvrez votre prochaine destination\"}]},{\"@type\":\"WebSite\",\"@id\":\"https:\\\/\\\/www.franceavelo.com\\\/fr\\\/#website\",\"url\":\"https:\\\/\\\/www.franceavelo.com\\\/fr\\\/\",\"name\":\"France \u00e0 v\u00e9lo\",\"description\":\"Un site utilisant WordPress\",\"publisher\":{\"@id\":\"https:\\\/\\\/www.franceavelo.com\\\/fr\\\/#organization\"},\"potentialAction\":[{\"@type\":\"SearchAction\",\"target\":{\"@type\":\"EntryPoint\",\"urlTemplate\":\"https:\\\/\\\/www.franceavelo.com\\\/fr\\\/?s={search_term_string}\"},\"query-input\":{\"@type\":\"PropertyValueSpecification\",\"valueRequired\":true,\"valueName\":\"search_term_string\"}}],\"inLanguage\":\"fr-FR\"},{\"@type\":\"Organization\",\"@id\":\"https:\\\/\\\/www.franceavelo.com\\\/fr\\\/#organization\",\"name\":\"France \u00e0 v\u00e9lo\",\"url\":\"https:\\\/\\\/www.franceavelo.com\\\/fr\\\/\",\"logo\":{\"@type\":\"ImageObject\",\"inLanguage\":\"fr-FR\",\"@id\":\"https:\\\/\\\/www.franceavelo.com\\\/fr\\\/#\\\/schema\\\/logo\\\/image\\\/\",\"url\":\"https:\\\/\\\/www.franceavelo.com\\\/wp-content\\\/uploads\\\/2024\\\/07\\\/favicon-large.png\",\"contentUrl\":\"https:\\\/\\\/www.franceavelo.com\\\/wp-content\\\/uploads\\\/2024\\\/07\\\/favicon-large.png\",\"width\":696,\"height\":696,\"caption\":\"France \u00e0 v\u00e9lo\"},\"image\":{\"@id\":\"https:\\\/\\\/www.franceavelo.com\\\/fr\\\/#\\\/schema\\\/logo\\\/image\\\/\"}}]}<\/script>\n<!-- \/ Yoast SEO plugin. -->","yoast_head_json":{"title":"D\u00e9couvrez votre prochaine destination | France \u00e0 v\u00e9lo","robots":{"index":"index","follow":"follow","max-snippet":"max-snippet:-1","max-image-preview":"max-image-preview:large","max-video-preview":"max-video-preview:-1"},"canonical":"https:\/\/www.franceavelo.com\/fr\/destination-monde\/","og_locale":"fr_FR","og_type":"article","og_title":"D\u00e9couvrez votre prochaine destination | France \u00e0 v\u00e9lo","og_url":"https:\/\/www.franceavelo.com\/fr\/destination-monde\/","og_site_name":"France \u00e0 v\u00e9lo","article_modified_time":"2025-01-28T15:07:45+00:00","twitter_card":"summary_large_image","twitter_misc":{"Dur\u00e9e de lecture estim\u00e9e":"1 minute"},"schema":{"@context":"https:\/\/schema.org","@graph":[{"@type":"WebPage","@id":"https:\/\/www.franceavelo.com\/fr\/destination-monde\/","url":"https:\/\/www.franceavelo.com\/fr\/destination-monde\/","name":"D\u00e9couvrez votre prochaine destination | France \u00e0 v\u00e9lo","isPartOf":{"@id":"https:\/\/www.franceavelo.com\/fr\/#website"},"datePublished":"2018-02-22T07:40:04+00:00","dateModified":"2025-01-28T15:07:45+00:00","breadcrumb":{"@id":"https:\/\/www.franceavelo.com\/fr\/destination-monde\/#breadcrumb"},"inLanguage":"fr-FR","potentialAction":[{"@type":"ReadAction","target":["https:\/\/www.franceavelo.com\/fr\/destination-monde\/"]}]},{"@type":"BreadcrumbList","@id":"https:\/\/www.franceavelo.com\/fr\/destination-monde\/#breadcrumb","itemListElement":[{"@type":"ListItem","position":1,"name":"Home","item":"https:\/\/www.franceavelo.com\/fr\/"},{"@type":"ListItem","position":2,"name":"D\u00e9couvrez votre prochaine destination"}]},{"@type":"WebSite","@id":"https:\/\/www.franceavelo.com\/fr\/#website","url":"https:\/\/www.franceavelo.com\/fr\/","name":"France \u00e0 v\u00e9lo","description":"Un site utilisant WordPress","publisher":{"@id":"https:\/\/www.franceavelo.com\/fr\/#organization"},"potentialAction":[{"@type":"SearchAction","target":{"@type":"EntryPoint","urlTemplate":"https:\/\/www.franceavelo.com\/fr\/?s={search_term_string}"},"query-input":{"@type":"PropertyValueSpecification","valueRequired":true,"valueName":"search_term_string"}}],"inLanguage":"fr-FR"},{"@type":"Organization","@id":"https:\/\/www.franceavelo.com\/fr\/#organization","name":"France \u00e0 v\u00e9lo","url":"https:\/\/www.franceavelo.com\/fr\/","logo":{"@type":"ImageObject","inLanguage":"fr-FR","@id":"https:\/\/www.franceavelo.com\/fr\/#\/schema\/logo\/image\/","url":"https:\/\/www.franceavelo.com\/wp-content\/uploads\/2024\/07\/favicon-large.png","contentUrl":"https:\/\/www.franceavelo.com\/wp-content\/uploads\/2024\/07\/favicon-large.png","width":696,"height":696,"caption":"France \u00e0 v\u00e9lo"},"image":{"@id":"https:\/\/www.franceavelo.com\/fr\/#\/schema\/logo\/image\/"}}]}},"_links":{"self":[{"href":"https:\/\/www.franceavelo.com\/fr\/wp-json\/wp\/v2\/pages\/412","targetHints":{"allow":["GET"]}}],"collection":[{"href":"https:\/\/www.franceavelo.com\/fr\/wp-json\/wp\/v2\/pages"}],"about":[{"href":"https:\/\/www.franceavelo.com\/fr\/wp-json\/wp\/v2\/types\/page"}],"author":[{"embeddable":true,"href":"https:\/\/www.franceavelo.com\/fr\/wp-json\/wp\/v2\/users\/1"}],"replies":[{"embeddable":true,"href":"https:\/\/www.franceavelo.com\/fr\/wp-json\/wp\/v2\/comments?post=412"}],"version-history":[{"count":6,"href":"https:\/\/www.franceavelo.com\/fr\/wp-json\/wp\/v2\/pages\/412\/revisions"}],"predecessor-version":[{"id":58050,"href":"https:\/\/www.franceavelo.com\/fr\/wp-json\/wp\/v2\/pages\/412\/revisions\/58050"}],"wp:attachment":[{"href":"https:\/\/www.franceavelo.com\/fr\/wp-json\/wp\/v2\/media?parent=412"}],"curies":[{"name":"wp","href":"https:\/\/api.w.org\/{rel}","templated":true}]}}